{"id":1353,"date":"2023-05-29T21:27:52","date_gmt":"2023-05-30T00:27:52","guid":{"rendered":"http:\/\/localhost\/delcerroceramica\/?page_id=1353"},"modified":"2025-05-28T20:46:59","modified_gmt":"2025-05-28T23:46:59","slug":"envios-y-despachos","status":"publish","type":"page","link":"https:\/\/delcerroceramica.cl\/en\/envios-y-despachos\/","title":{"rendered":"Shipping and Delivery"},"content":{"rendered":"<div data-elementor-type=\"wp-page\" data-elementor-id=\"1353\" class=\"elementor elementor-1353\" data-elementor-post-type=\"page\">\n\t\t\t\t<div class=\"elementor-element elementor-element-12ae959 e-flex e-con-boxed e-con e-parent\" data-id=\"12ae959\" data-element_type=\"container\">\n\t\t\t\t\t<div class=\"e-con-inner\">\n\t\t\t\t<div class=\"elementor-element elementor-element-496461f elementor-widget elementor-widget-heading\" data-id=\"496461f\" data-element_type=\"widget\" data-widget_type=\"heading.default\">\n\t\t\t\t<div class=\"elementor-widget-container\">\n\t\t\t\t\t<h2 class=\"elementor-heading-title elementor-size-default\">Shipping and Delivery<\/h2>\t\t\t\t<\/div>\n\t\t\t\t<\/div>\n\t\t\t\t<div class=\"elementor-element elementor-element-7ffcffa elementor-widget elementor-widget-text-editor\" data-id=\"7ffcffa\" data-element_type=\"widget\" data-widget_type=\"text-editor.default\">\n\t\t\t\t<div class=\"elementor-widget-container\">\n\t\t\t\t\t\t\t\t\tMetropolitana y V Regi\u00f3n de Valpara\u00edso\t\t\t\t\t\t\t\t<\/div>\n\t\t\t\t<\/div>\n\t\t\t\t<div class=\"elementor-element elementor-element-c19135c elementor-widget elementor-widget-text-editor\" data-id=\"c19135c\" data-element_type=\"widget\" data-widget_type=\"text-editor.default\">\n\t\t\t\t<div class=\"elementor-widget-container\">\n\t\t\t\t\t\t\t\t\t<p>En las regiones de Valpara\u00edso y Metropolitana hacemos despachos personalmente. Estos despachos se pagan al momento de comprar y el precio depende de la zona:<\/p><p>Regi\u00f3n Metropolitana\u00a0$ 7.000. Excepto: San Jos\u00e9 de Maipo, Pirque, Buin, Paine, Colina, Lampa, Til-Til y Alhu\u00e9:\u00a0$8000.<\/p><p>Regi\u00f3n de Valpara\u00edso $ 8.000. Excepto: Hijuelas, La Calera, La Cruz, Nogales, y Puchuncav\u00ed: $10000.<\/p>\t\t\t\t\t\t\t\t<\/div>\n\t\t\t\t<\/div>\n\t\t\t\t<div class=\"elementor-element elementor-element-d4f374f elementor-widget elementor-widget-heading\" data-id=\"d4f374f\" data-element_type=\"widget\" data-widget_type=\"heading.default\">\n\t\t\t\t<div class=\"elementor-widget-container\">\n\t\t\t\t\t<h2 class=\"elementor-heading-title elementor-size-default\">Otras regiones<\/h2>\t\t\t\t<\/div>\n\t\t\t\t<\/div>\n\t\t\t\t<div class=\"elementor-element elementor-element-a19efb8 elementor-widget elementor-widget-text-editor\" data-id=\"a19efb8\" data-element_type=\"widget\" data-widget_type=\"text-editor.default\">\n\t\t\t\t<div class=\"elementor-widget-container\">\n\t\t\t\t\t\t\t\t\t<p>Los env\u00edos al resto de Chile son a trav\u00e9s de Starken y Chevalier por pagar (es decir, pagas el env\u00edo en sucursal m\u00e1s cercana al recibir las piezas). Sin embargo, debes pagar el costo del embalaje que hacemos para proteger tus piezas durante el trayecto.<\/p><p>Como el valor del embalaje a regiones depender\u00e1 del volumen que ocupen las piezas, nos contactaremos con el cliente para entregarle ese valor una vez empacados los productos. Este monto puede oscilar entre $ 5.000 y $20.000, y deber\u00e1 ser transferido de manera que podamos hacer el env\u00edo.<\/p><p>Si durante el traslado una pieza se rompe, el cliente tiene 24 horas desde recibido el env\u00edo para avisar que lleg\u00f3 quebrada, enviando fotos. En estos casos, \u00e9l o ella podr\u00e1 escoger otra pieza de la tienda como reemplazo. Si la nueva pieza tiene un costo mayor al original, el cliente deber\u00e1 pagar la diferencia; si el costo de la nueva pieza es menor a la original, se le har\u00e1 una devoluci\u00f3n por la diferencia v\u00eda tarjeta de regalo para utilizar en la siguiente compra. El costo del nuevo env\u00edo ser\u00e1 asumido por el cliente o clienta.<\/p>\t\t\t\t\t\t\t\t<\/div>\n\t\t\t\t<\/div>\n\t\t\t\t<div class=\"elementor-element elementor-element-9ba3a31 elementor-widget elementor-widget-heading\" data-id=\"9ba3a31\" data-element_type=\"widget\" data-widget_type=\"heading.default\">\n\t\t\t\t<div class=\"elementor-widget-container\">\n\t\t\t\t\t<h2 class=\"elementor-heading-title elementor-size-default\">Retiro en el taller<\/h2>\t\t\t\t<\/div>\n\t\t\t\t<\/div>\n\t\t\t\t<div class=\"elementor-element elementor-element-df814a0 elementor-widget elementor-widget-text-editor\" data-id=\"df814a0\" data-element_type=\"widget\" data-widget_type=\"text-editor.default\">\n\t\t\t\t<div class=\"elementor-widget-container\">\n\t\t\t\t\t\t\t\t\t<p>Al comprar, siempre tendr\u00e1s la opci\u00f3n de retirar tus piezas en el taller sin costo adicional. Si escoges esta opci\u00f3n, nos pondremos en contacto contigo para coordinar un d\u00eda y asegurarnos de que haya alguien en el taller para recibirte. El taller est\u00e1 ubicado en el sector La Reserva, en La Aurora, Curacav\u00ed, a 7 kil\u00f3metros de la ruta 68 y a s\u00f3lo 40 minutos de Santiago.<\/p>\t\t\t\t\t\t\t\t<\/div>\n\t\t\t\t<\/div>\n\t\t\t\t\t<\/div>\n\t\t\t\t<\/div>\n\t\t\t\t<\/div>","protected":false},"excerpt":{"rendered":"<p>Env\u00edos y despachos Metropolitana y V Regi\u00f3n de Valpara\u00edso En las regiones de Valpara\u00edso y Metropolitana hacemos despachos personalmente. Estos despachos se pagan al momento de comprar y el precio depende de la zona: Regi\u00f3n Metropolitana\u00a0$ 7.000. Excepto: San Jos\u00e9 de Maipo, Pirque, Buin, Paine, Colina, Lampa, Til-Til y Alhu\u00e9:\u00a0$8000. Regi\u00f3n de Valpara\u00edso $ 8.000. [&hellip;]<\/p>","protected":false},"author":1,"featured_media":0,"parent":0,"menu_order":0,"comment_status":"closed","ping_status":"closed","template":"","meta":{"footnotes":""},"class_list":["post-1353","page","type-page","status-publish","hentry"],"_links":{"self":[{"href":"https:\/\/delcerroceramica.cl\/en\/wp-json\/wp\/v2\/pages\/1353","targetHints":{"allow":["GET"]}}],"collection":[{"href":"https:\/\/delcerroceramica.cl\/en\/wp-json\/wp\/v2\/pages"}],"about":[{"href":"https:\/\/delcerroceramica.cl\/en\/wp-json\/wp\/v2\/types\/page"}],"author":[{"embeddable":true,"href":"https:\/\/delcerroceramica.cl\/en\/wp-json\/wp\/v2\/users\/1"}],"replies":[{"embeddable":true,"href":"https:\/\/delcerroceramica.cl\/en\/wp-json\/wp\/v2\/comments?post=1353"}],"version-history":[{"count":10,"href":"https:\/\/delcerroceramica.cl\/en\/wp-json\/wp\/v2\/pages\/1353\/revisions"}],"predecessor-version":[{"id":3688,"href":"https:\/\/delcerroceramica.cl\/en\/wp-json\/wp\/v2\/pages\/1353\/revisions\/3688"}],"wp:attachment":[{"href":"https:\/\/delcerroceramica.cl\/en\/wp-json\/wp\/v2\/media?parent=1353"}],"curies":[{"name":"wp","href":"https:\/\/api.w.org\/{rel}","templated":true}]}}