{"id":1374,"date":"2023-06-01T19:30:37","date_gmt":"2023-06-01T22:30:37","guid":{"rendered":"http:\/\/localhost\/delcerroceramica\/?page_id=1374"},"modified":"2025-08-13T18:42:54","modified_gmt":"2025-08-13T21:42:54","slug":"taller-de-raku","status":"publish","type":"page","link":"https:\/\/delcerroceramica.cl\/en\/taller-de-raku\/","title":{"rendered":"Western Raku burning"},"content":{"rendered":"<div data-elementor-type=\"wp-page\" data-elementor-id=\"1374\" class=\"elementor elementor-1374\" data-elementor-post-type=\"page\">\n\t\t\t\t<div class=\"elementor-element elementor-element-b2d8f33 e-flex e-con-boxed e-con e-parent\" data-id=\"b2d8f33\" data-element_type=\"container\">\n\t\t\t\t\t<div class=\"e-con-inner\">\n\t\t<div class=\"elementor-element elementor-element-9712b7e e-con-full e-flex e-con e-child\" data-id=\"9712b7e\" data-element_type=\"container\">\n\t\t\t\t<div class=\"elementor-element elementor-element-da4aa0b elementor-widget elementor-widget-heading\" data-id=\"da4aa0b\" data-element_type=\"widget\" data-widget_type=\"heading.default\">\n\t\t\t\t<div class=\"elementor-widget-container\">\n\t\t\t\t\t<h2 class=\"elementor-heading-title elementor-size-default\">WESTERN RAKU BURNING<\/h2>\t\t\t\t<\/div>\n\t\t\t\t<\/div>\n\t\t\t\t<div class=\"elementor-element elementor-element-4029e86 elementor-widget elementor-widget-text-editor\" data-id=\"4029e86\" data-element_type=\"widget\" data-widget_type=\"text-editor.default\">\n\t\t\t\t<div class=\"elementor-widget-container\">\n\t\t\t\t\t\t\t\t\t<p class=\"translation-block\">A little history, the origins of raku can be traced back to the 16th century in Japan, with pieces intended for the tea ceremony. Chojir is known as the lineage of ceramists dedicated to raku, who have passed on the technique and style to their generations to this day.<\/p><p>It has now been modified by various Western ceramists, incorporating a chamber to generate oxygen reduction, seeking to compensate for the difference in atmospheres found in wood-fired kilns, with wood shavings or sawdust or newspaper; we use the latter two in the workshop.<\/p><p>Contemporary methods include bisque-firing the piece, applying low-temperature glaze, firing at 1000\u00b0C, removing it from the kiln, and placing the piece in an airtight container with some combustion element. \u00a0<\/p><div><span lang=\"ES\">The process is not without risks due to thermal shock. In the workshop, we leave the pieces in the jars with shavings and sawdust for at least 30 minutes to ensure reduction. Then we remove the pieces with tweezers, place them in water, and clean the soot with metal shavings.<\/span><\/div><div>\u00a0<\/div><div><div>Reduction can be done with a variety of combustion media, such as leaves, seaweed (use dry), newspaper (dry or wet), sawdust, or wood shavings. Reduction can also be done inside a kiln to achieve different results. You can experiment with different glazes, reduction materials, reduction times, and oxidation effects. It is recommended that you write down your experiments so that you can keep a good record of your results in the future.<\/div><div><p style=\"font-weight: 400;\">\u00a0<\/p><\/div><\/div>\t\t\t\t\t\t\t\t<\/div>\n\t\t\t\t<\/div>\n\t\t\t\t<\/div>\n\t\t<div class=\"elementor-element elementor-element-45035b4 e-con-full e-flex e-con e-child\" data-id=\"45035b4\" data-element_type=\"container\">\n\t\t\t\t<div class=\"elementor-element elementor-element-86e90b0 elementor-widget elementor-widget-image\" data-id=\"86e90b0\" data-element_type=\"widget\" data-widget_type=\"image.default\">\n\t\t\t\t<div class=\"elementor-widget-container\">\n\t\t\t\t\t\t\t\t\t\t\t\t\t\t\t<img fetchpriority=\"high\" decoding=\"async\" width=\"800\" height=\"1000\" src=\"https:\/\/delcerroceramica.cl\/wp-content\/uploads\/2025\/05\/Raku-Occidental_G-03-819x1024.png\" class=\"attachment-large size-large wp-image-3540\" alt=\"\" srcset=\"https:\/\/delcerroceramica.cl\/wp-content\/uploads\/2025\/05\/Raku-Occidental_G-03-819x1024.png 819w, https:\/\/delcerroceramica.cl\/wp-content\/uploads\/2025\/05\/Raku-Occidental_G-03-240x300.png 240w, https:\/\/delcerroceramica.cl\/wp-content\/uploads\/2025\/05\/Raku-Occidental_G-03-768x960.png 768w, https:\/\/delcerroceramica.cl\/wp-content\/uploads\/2025\/05\/Raku-Occidental_G-03-1229x1536.png 1229w, https:\/\/delcerroceramica.cl\/wp-content\/uploads\/2025\/05\/Raku-Occidental_G-03-1639x2048.png 1639w, https:\/\/delcerroceramica.cl\/wp-content\/uploads\/2025\/05\/Raku-Occidental_G-03-10x12.png 10w, https:\/\/delcerroceramica.cl\/wp-content\/uploads\/2025\/05\/Raku-Occidental_G-03-600x750.png 600w, https:\/\/delcerroceramica.cl\/wp-content\/uploads\/2025\/05\/Raku-Occidental_G-03-scaled.png 2048w\" sizes=\"(max-width: 800px) 100vw, 800px\" \/>\t\t\t\t\t\t\t\t\t\t\t\t\t\t\t<\/div>\n\t\t\t\t<\/div>\n\t\t\t\t<\/div>\n\t\t\t\t\t<\/div>\n\t\t\t\t<\/div>\n\t\t<div class=\"elementor-element elementor-element-438b118 e-flex e-con-boxed e-con e-parent\" data-id=\"438b118\" data-element_type=\"container\">\n\t\t\t\t\t<div class=\"e-con-inner\">\n\t\t<div class=\"elementor-element elementor-element-e3091d4 e-con-full e-flex e-con e-child\" data-id=\"e3091d4\" data-element_type=\"container\">\n\t\t\t\t<div class=\"elementor-element elementor-element-a63fcd2 elementor-widget elementor-widget-image\" data-id=\"a63fcd2\" data-element_type=\"widget\" data-widget_type=\"image.default\">\n\t\t\t\t<div class=\"elementor-widget-container\">\n\t\t\t\t\t\t\t\t\t\t\t\t\t\t\t<img decoding=\"async\" width=\"800\" height=\"534\" src=\"https:\/\/delcerroceramica.cl\/wp-content\/uploads\/2023\/11\/IMG_9229-1024x683.jpg\" class=\"attachment-large size-large wp-image-2372\" alt=\"\" srcset=\"https:\/\/delcerroceramica.cl\/wp-content\/uploads\/2023\/11\/IMG_9229-1024x683.jpg 1024w, https:\/\/delcerroceramica.cl\/wp-content\/uploads\/2023\/11\/IMG_9229-300x200.jpg 300w, https:\/\/delcerroceramica.cl\/wp-content\/uploads\/2023\/11\/IMG_9229-768x512.jpg 768w, https:\/\/delcerroceramica.cl\/wp-content\/uploads\/2023\/11\/IMG_9229-1536x1024.jpg 1536w, https:\/\/delcerroceramica.cl\/wp-content\/uploads\/2023\/11\/IMG_9229-2048x1365.jpg 2048w, https:\/\/delcerroceramica.cl\/wp-content\/uploads\/2023\/11\/IMG_9229-600x400.jpg 600w\" sizes=\"(max-width: 800px) 100vw, 800px\" \/>\t\t\t\t\t\t\t\t\t\t\t\t\t\t\t<\/div>\n\t\t\t\t<\/div>\n\t\t\t\t<\/div>\n\t\t<div class=\"elementor-element elementor-element-e40db77 e-con-full e-flex e-con e-child\" data-id=\"e40db77\" data-element_type=\"container\">\n\t\t\t\t<div class=\"elementor-element elementor-element-7d614de elementor-widget elementor-widget-text-editor\" data-id=\"7d614de\" data-element_type=\"widget\" data-widget_type=\"text-editor.default\">\n\t\t\t\t<div class=\"elementor-widget-container\">\n\t\t\t\t\t\t\t\t\t<div><p style=\"font-weight: 400\">It is possible to perform multiple firings of the same piece, even up to 10 times. This can lead to a wonderful result or to total destruction. But the most important thing is to have fun and, above all, take care of yourself while you do it. Keep in mind that with each additional firing, the fragility of your piece increases due to accumulated thermal shocks.<\/p><p style=\"font-weight: 400\">The result cannot be guaranteed, as we have said before; it varies depending on the kiln, the paste and glaze recipe, the chemical composition of the ingredients in those recipes, the variation in the mixing and application of the glaze, the firing, the reduction chamber, and the combustion elements. In the workshop, we use three glazes that have a good range of performance and have been thoroughly tested in our direct-draft gas kiln, with our reduction chambers (metal jars) and the wood chips and newspaper we use.<\/p><p style=\"font-weight: 400\">\u00a0<\/p><\/div>\t\t\t\t\t\t\t\t<\/div>\n\t\t\t\t<\/div>\n\t\t\t\t<\/div>\n\t\t\t\t\t<\/div>\n\t\t\t\t<\/div>\n\t\t<div class=\"elementor-element elementor-element-b691eac e-flex e-con-boxed e-con e-parent\" data-id=\"b691eac\" data-element_type=\"container\">\n\t\t\t\t\t<div class=\"e-con-inner\">\n\t\t<div class=\"elementor-element elementor-element-26a1621 e-con-full e-flex e-con e-child\" data-id=\"26a1621\" data-element_type=\"container\">\n\t\t\t\t<div class=\"elementor-element elementor-element-cdd25b1 elementor-widget elementor-widget-text-editor\" data-id=\"cdd25b1\" data-element_type=\"widget\" data-widget_type=\"text-editor.default\">\n\t\t\t\t<div class=\"elementor-widget-container\">\n\t\t\t\t\t\t\t\t\t<p style=\"font-weight: 400\" class=\"translation-block\">Not all <strong>pastes<\/strong> are suitable for raku, only those that can withstand thermal shock. The good thing is that all of them can be adjusted to be so, for this purpose, structuring agents such as talc, fine or coarse chamotte, washed river sand, and impalpable or granular quartz are added. When adding any of these, use one or a combination of them, with a maximum total of no more than 10%. Note that the measurement is for the dry material, so you must dry your paste and then make the additions.<\/p><p style=\"font-weight: 400\">At La Casa del Ceramista, you'll find a ready-to-use clay labeled for raku. You can also use the national clay without adding any structural elements.<\/p><p style=\"font-weight: 400\">\u00a0<\/p>\t\t\t\t\t\t\t\t<\/div>\n\t\t\t\t<\/div>\n\t\t\t\t<\/div>\n\t\t<div class=\"elementor-element elementor-element-eaeff03 e-con-full e-flex e-con e-child\" data-id=\"eaeff03\" data-element_type=\"container\">\n\t\t\t\t<div class=\"elementor-element elementor-element-c463332 elementor-widget elementor-widget-image\" data-id=\"c463332\" data-element_type=\"widget\" data-widget_type=\"image.default\">\n\t\t\t\t<div class=\"elementor-widget-container\">\n\t\t\t\t\t\t\t\t\t\t\t\t\t\t\t<img decoding=\"async\" width=\"800\" height=\"450\" src=\"https:\/\/delcerroceramica.cl\/wp-content\/uploads\/2023\/11\/Raku_1.61.2-1024x576.png\" class=\"attachment-large size-large wp-image-2344\" alt=\"\" srcset=\"https:\/\/delcerroceramica.cl\/wp-content\/uploads\/2023\/11\/Raku_1.61.2-1024x576.png 1024w, https:\/\/delcerroceramica.cl\/wp-content\/uploads\/2023\/11\/Raku_1.61.2-300x169.png 300w, https:\/\/delcerroceramica.cl\/wp-content\/uploads\/2023\/11\/Raku_1.61.2-768x432.png 768w, https:\/\/delcerroceramica.cl\/wp-content\/uploads\/2023\/11\/Raku_1.61.2-1536x864.png 1536w, https:\/\/delcerroceramica.cl\/wp-content\/uploads\/2023\/11\/Raku_1.61.2-2048x1152.png 2048w, https:\/\/delcerroceramica.cl\/wp-content\/uploads\/2023\/11\/Raku_1.61.2-600x338.png 600w\" sizes=\"(max-width: 800px) 100vw, 800px\" \/>\t\t\t\t\t\t\t\t\t\t\t\t\t\t\t<\/div>\n\t\t\t\t<\/div>\n\t\t\t\t<\/div>\n\t\t\t\t\t<\/div>\n\t\t\t\t<\/div>\n\t\t<div class=\"elementor-element elementor-element-cbb53e8 e-flex e-con-boxed e-con e-parent\" data-id=\"cbb53e8\" data-element_type=\"container\">\n\t\t\t\t\t<div class=\"e-con-inner\">\n\t\t<div class=\"elementor-element elementor-element-d369ba3 e-con-full e-flex e-con e-child\" data-id=\"d369ba3\" data-element_type=\"container\">\n\t\t\t\t<div class=\"elementor-element elementor-element-ff26e8c elementor-widget elementor-widget-image\" data-id=\"ff26e8c\" data-element_type=\"widget\" data-widget_type=\"image.default\">\n\t\t\t\t<div class=\"elementor-widget-container\">\n\t\t\t\t\t\t\t\t\t\t\t\t\t\t\t<img loading=\"lazy\" decoding=\"async\" width=\"800\" height=\"534\" src=\"https:\/\/delcerroceramica.cl\/wp-content\/uploads\/2023\/11\/IMG_9960-1024x683.jpg\" class=\"attachment-large size-large wp-image-2376\" alt=\"\" srcset=\"https:\/\/delcerroceramica.cl\/wp-content\/uploads\/2023\/11\/IMG_9960-1024x683.jpg 1024w, https:\/\/delcerroceramica.cl\/wp-content\/uploads\/2023\/11\/IMG_9960-300x200.jpg 300w, https:\/\/delcerroceramica.cl\/wp-content\/uploads\/2023\/11\/IMG_9960-768x512.jpg 768w, https:\/\/delcerroceramica.cl\/wp-content\/uploads\/2023\/11\/IMG_9960-1536x1024.jpg 1536w, https:\/\/delcerroceramica.cl\/wp-content\/uploads\/2023\/11\/IMG_9960-2048x1365.jpg 2048w, https:\/\/delcerroceramica.cl\/wp-content\/uploads\/2023\/11\/IMG_9960-600x400.jpg 600w\" sizes=\"(max-width: 800px) 100vw, 800px\" \/>\t\t\t\t\t\t\t\t\t\t\t\t\t\t\t<\/div>\n\t\t\t\t<\/div>\n\t\t\t\t<\/div>\n\t\t<div class=\"elementor-element elementor-element-dfd4ffe e-con-full e-flex e-con e-child\" data-id=\"dfd4ffe\" data-element_type=\"container\">\n\t\t\t\t<div class=\"elementor-element elementor-element-e0712eb elementor-widget elementor-widget-text-editor\" data-id=\"e0712eb\" data-element_type=\"widget\" data-widget_type=\"text-editor.default\">\n\t\t\t\t<div class=\"elementor-widget-container\">\n\t\t\t\t\t\t\t\t\t<p style=\"font-weight: 400\" class=\"translation-block\">Some shapes withstand thermal shock better than others, some recommendations are: ensure that the work has homogeneous walls, of similar thickness, not too thick, try to build it in a single piece without joints (avoid squares, boxes, additions such as arms, handles, or other flat plates, those with some curve tend to be more resistant), and not too thin so that it can resist being picked up with tweezers.<\/p><p>In our western raku firing workshop we must adjust to the size of the kiln, you will have half a kiln, specifically the space you can use is 25 cm high and 25 cm wide. Giving you the freedom to define whether you want to fire a large piece of those maximum dimensions or several adjusting to that same space with 2 plates available.<\/p><p style=\"font-weight: 400\">\u00a0<\/p>\t\t\t\t\t\t\t\t<\/div>\n\t\t\t\t<\/div>\n\t\t\t\t<\/div>\n\t\t\t\t\t<\/div>\n\t\t\t\t<\/div>\n\t\t<div class=\"elementor-element elementor-element-c6af29f e-flex e-con-boxed e-con e-parent\" data-id=\"c6af29f\" data-element_type=\"container\">\n\t\t\t\t\t<div class=\"e-con-inner\">\n\t\t<div class=\"elementor-element elementor-element-4ba10b0 e-con-full e-flex e-con e-child\" data-id=\"4ba10b0\" data-element_type=\"container\">\n\t\t\t\t<div class=\"elementor-element elementor-element-ecfbaf6 elementor-widget elementor-widget-text-editor\" data-id=\"ecfbaf6\" data-element_type=\"widget\" data-widget_type=\"text-editor.default\">\n\t\t\t\t<div class=\"elementor-widget-container\">\n\t\t\t\t\t\t\t\t\t<p style=\"font-weight: 400\">The carbonization techniques you can choose from are:<\/p><ul><li>feathers, horsehair or sugar<\/li><li>glaze for western raku.<\/li><li>naked raku, for which sigilata must have been applied.<\/li><\/ul><p style=\"font-weight: 400\">Is it necessary to apply sigilata to all pieces? No, except for Naked Raku, in which case it's necessary for the piece to have T. Sigilata and be well burnished. This is desirable for the piece to which you'll apply horsehair and feathers.<\/p><p style=\"font-weight: 400\">The surface treatment in the leather state allows you to obtain different results on the piece, we visualize 2 alternatives:<\/p>\t\t\t\t\t\t\t\t<\/div>\n\t\t\t\t<\/div>\n\t\t\t\t<\/div>\n\t\t<div class=\"elementor-element elementor-element-846b224 e-con-full e-flex e-con e-child\" data-id=\"846b224\" data-element_type=\"container\">\n\t\t\t\t<div class=\"elementor-element elementor-element-17c9dec elementor-widget elementor-widget-image\" data-id=\"17c9dec\" data-element_type=\"widget\" data-widget_type=\"image.default\">\n\t\t\t\t<div class=\"elementor-widget-container\">\n\t\t\t\t\t\t\t\t\t\t\t\t\t\t\t<img loading=\"lazy\" decoding=\"async\" width=\"800\" height=\"562\" src=\"https:\/\/delcerroceramica.cl\/wp-content\/uploads\/2023\/11\/83032b92-be1e-4db0-9ce0-1cebb5a2e83e-1024x719.png\" class=\"attachment-large size-large wp-image-2528\" alt=\"\" srcset=\"https:\/\/delcerroceramica.cl\/wp-content\/uploads\/2023\/11\/83032b92-be1e-4db0-9ce0-1cebb5a2e83e-1024x719.png 1024w, https:\/\/delcerroceramica.cl\/wp-content\/uploads\/2023\/11\/83032b92-be1e-4db0-9ce0-1cebb5a2e83e-300x211.png 300w, https:\/\/delcerroceramica.cl\/wp-content\/uploads\/2023\/11\/83032b92-be1e-4db0-9ce0-1cebb5a2e83e-768x539.png 768w, https:\/\/delcerroceramica.cl\/wp-content\/uploads\/2023\/11\/83032b92-be1e-4db0-9ce0-1cebb5a2e83e-1536x1079.png 1536w, https:\/\/delcerroceramica.cl\/wp-content\/uploads\/2023\/11\/83032b92-be1e-4db0-9ce0-1cebb5a2e83e-2048x1438.png 2048w, https:\/\/delcerroceramica.cl\/wp-content\/uploads\/2023\/11\/83032b92-be1e-4db0-9ce0-1cebb5a2e83e-600x421.png 600w\" sizes=\"(max-width: 800px) 100vw, 800px\" \/>\t\t\t\t\t\t\t\t\t\t\t\t\t\t\t<\/div>\n\t\t\t\t<\/div>\n\t\t\t\t<\/div>\n\t\t\t\t\t<\/div>\n\t\t\t\t<\/div>\n\t\t<div class=\"elementor-element elementor-element-184ce50 e-flex e-con-boxed e-con e-parent\" data-id=\"184ce50\" data-element_type=\"container\">\n\t\t\t\t\t<div class=\"e-con-inner\">\n\t\t<div class=\"elementor-element elementor-element-c445fac e-con-full e-flex e-con e-child\" data-id=\"c445fac\" data-element_type=\"container\">\n\t\t\t\t<div class=\"elementor-element elementor-element-71e1a72 elementor-widget elementor-widget-image\" data-id=\"71e1a72\" data-element_type=\"widget\" data-widget_type=\"image.default\">\n\t\t\t\t<div class=\"elementor-widget-container\">\n\t\t\t\t\t\t\t\t\t\t\t\t\t\t\t<img loading=\"lazy\" decoding=\"async\" width=\"800\" height=\"534\" src=\"https:\/\/delcerroceramica.cl\/wp-content\/uploads\/2023\/11\/IMG_9303-1024x683.jpg\" class=\"attachment-large size-large wp-image-2374\" alt=\"\" srcset=\"https:\/\/delcerroceramica.cl\/wp-content\/uploads\/2023\/11\/IMG_9303-1024x683.jpg 1024w, https:\/\/delcerroceramica.cl\/wp-content\/uploads\/2023\/11\/IMG_9303-300x200.jpg 300w, https:\/\/delcerroceramica.cl\/wp-content\/uploads\/2023\/11\/IMG_9303-768x512.jpg 768w, https:\/\/delcerroceramica.cl\/wp-content\/uploads\/2023\/11\/IMG_9303-1536x1024.jpg 1536w, https:\/\/delcerroceramica.cl\/wp-content\/uploads\/2023\/11\/IMG_9303-2048x1365.jpg 2048w, https:\/\/delcerroceramica.cl\/wp-content\/uploads\/2023\/11\/IMG_9303-600x400.jpg 600w\" sizes=\"(max-width: 800px) 100vw, 800px\" \/>\t\t\t\t\t\t\t\t\t\t\t\t\t\t\t<\/div>\n\t\t\t\t<\/div>\n\t\t\t\t<\/div>\n\t\t<div class=\"elementor-element elementor-element-87b485b e-con-full e-flex e-con e-child\" data-id=\"87b485b\" data-element_type=\"container\">\n\t\t\t\t<div class=\"elementor-element elementor-element-1e7ede5 elementor-widget elementor-widget-text-editor\" data-id=\"1e7ede5\" data-element_type=\"widget\" data-widget_type=\"text-editor.default\">\n\t\t\t\t<div class=\"elementor-widget-container\">\n\t\t\t\t\t\t\t\t\t<ol><li style=\"font-weight: 400\">Not performing any surface treatment will allow you to apply the enamel properly, and unenamelled surfaces will be carbonized in the reduction chamber, creating a matte, porous, black texture.<\/li><li>Suavizar la superficie de la pieza mediante:<ul><li>Bru\u00f1ido tradicional con piedra, \u00e1gata u otro elemento que uses habitualmente, entrega un brillo m\u00e1s profundo del tono de la pasta, en ocasiones metalizado por la carbonizaci\u00f3n, adem\u00e1s aporta un tipo diferente de craquelado en la superficie esmaltada.<\/li><li>Aplicar <strong>Tierra Sigilata<\/strong>\u00a0ofrece un pa\u00f1o del color de la T. Sigilata (la puedes pigmentar, resultados interesantes con O. cobre, fierro o cobalto). Recomendamos bru\u00f1ir la pieza de forma tradicional en estado de cuero, aplicar sigilata con pincel (3 a 4 capas), bru\u00f1ir con bolsa pl\u00e1stica y finalmente volver a bru\u00f1ir la pieza. Entrega un brillo m\u00e1s profundo metalizado por la carbonizaci\u00f3n, adem\u00e1s aporta un tipo diferente de craquelado en la superficie esmaltada y al usar el esmalte transparente se visualizan los tonos de la sigilata utilizada.<\/li><\/ul><\/li><\/ol>\t\t\t\t\t\t\t\t<\/div>\n\t\t\t\t<\/div>\n\t\t\t\t<\/div>\n\t\t\t\t\t<\/div>\n\t\t\t\t<\/div>\n\t\t<div class=\"elementor-element elementor-element-b44c7dc e-flex e-con-boxed e-con e-parent\" data-id=\"b44c7dc\" data-element_type=\"container\">\n\t\t\t\t\t<div class=\"e-con-inner\">\n\t\t<div class=\"elementor-element elementor-element-adaf1a5 e-con-full e-flex e-con e-child\" data-id=\"adaf1a5\" data-element_type=\"container\">\n\t\t\t\t<div class=\"elementor-element elementor-element-e8c7d83 elementor-widget elementor-widget-text-editor\" data-id=\"e8c7d83\" data-element_type=\"widget\" data-widget_type=\"text-editor.default\">\n\t\t\t\t<div class=\"elementor-widget-container\">\n\t\t\t\t\t\t\t\t\t<p style=\"font-weight: 400\">Enameling alternatives:<\/p><ul><li>Use of exclusive enamel: white, transparent or turquoise, by dipping, dripping or brushing.<\/li><li>Apply coloring oxides with a brush over the enamel.<\/li><li>Make enamel reserves with floor wax, to highlight the carbonization of the paste.<\/li><li>Combination of the above.<\/li><\/ul><p style=\"font-weight: 400\">American raku firing is built on unpredictability and change, so take advantage of this. Glazing by dipping, dripping, brushing, or spraying can all deliver different colors and effects; the thickness of the glaze is also a factor that can vary the color.<\/p><p style=\"font-weight: 400\">IMPORTANT TOPICS:<\/p><ol><li>Bring pieces built with the recommendations in this text, especially respecting the maximum measurements, in a combination of measurements (not all with the maximum measurements).<\/li><li>Bring clothing that protects you from the heat. Shoes should be closed with non-slip soles, ideally leather, long pants (avoid polyester or those with metal fasteners), and a long-sleeved T-shirt or sweatshirt to cover your arms. Additionally, if the smoke bothers you, a mask is recommended.<\/li><li>Bring individual or shared snacks if the group is interested; food is not included in the workshop. We have a grill, brazier, or oven to heat whatever you like.<\/li><li>Arrive on time so as not to delay the first burning.<\/li><\/ol>\t\t\t\t\t\t\t\t<\/div>\n\t\t\t\t<\/div>\n\t\t\t\t<\/div>\n\t\t<div class=\"elementor-element elementor-element-17503fa e-con-full e-flex e-con e-child\" data-id=\"17503fa\" data-element_type=\"container\">\n\t\t\t\t<div class=\"elementor-element elementor-element-bcde591 elementor-widget elementor-widget-image\" data-id=\"bcde591\" data-element_type=\"widget\" data-widget_type=\"image.default\">\n\t\t\t\t<div class=\"elementor-widget-container\">\n\t\t\t\t\t\t\t\t\t\t\t\t\t\t\t<img loading=\"lazy\" decoding=\"async\" width=\"800\" height=\"800\" src=\"https:\/\/delcerroceramica.cl\/wp-content\/uploads\/2023\/11\/48ae7208-5ba2-4be3-a533-92fbfee2bd2d-1024x1024.jpg\" class=\"attachment-large size-large wp-image-2316\" alt=\"\" srcset=\"https:\/\/delcerroceramica.cl\/wp-content\/uploads\/2023\/11\/48ae7208-5ba2-4be3-a533-92fbfee2bd2d-1024x1024.jpg 1024w, https:\/\/delcerroceramica.cl\/wp-content\/uploads\/2023\/11\/48ae7208-5ba2-4be3-a533-92fbfee2bd2d-300x300.jpg 300w, https:\/\/delcerroceramica.cl\/wp-content\/uploads\/2023\/11\/48ae7208-5ba2-4be3-a533-92fbfee2bd2d-150x150.jpg 150w, https:\/\/delcerroceramica.cl\/wp-content\/uploads\/2023\/11\/48ae7208-5ba2-4be3-a533-92fbfee2bd2d-768x768.jpg 768w, https:\/\/delcerroceramica.cl\/wp-content\/uploads\/2023\/11\/48ae7208-5ba2-4be3-a533-92fbfee2bd2d-1536x1536.jpg 1536w, https:\/\/delcerroceramica.cl\/wp-content\/uploads\/2023\/11\/48ae7208-5ba2-4be3-a533-92fbfee2bd2d-2048x2048.jpg 2048w, https:\/\/delcerroceramica.cl\/wp-content\/uploads\/2023\/11\/48ae7208-5ba2-4be3-a533-92fbfee2bd2d-600x600.jpg 600w, https:\/\/delcerroceramica.cl\/wp-content\/uploads\/2023\/11\/48ae7208-5ba2-4be3-a533-92fbfee2bd2d-100x100.jpg 100w\" sizes=\"(max-width: 800px) 100vw, 800px\" \/>\t\t\t\t\t\t\t\t\t\t\t\t\t\t\t<\/div>\n\t\t\t\t<\/div>\n\t\t\t\t<\/div>\n\t\t\t\t\t<\/div>\n\t\t\t\t<\/div>\n\t\t<div class=\"elementor-element elementor-element-e347a21 e-flex e-con-boxed e-con e-parent\" data-id=\"e347a21\" data-element_type=\"container\">\n\t\t\t\t\t<div class=\"e-con-inner\">\n\t\t<div class=\"elementor-element elementor-element-48d4ec7 e-con-full e-flex e-con e-child\" data-id=\"48d4ec7\" data-element_type=\"container\">\n\t\t\t\t<div class=\"elementor-element elementor-element-36845c4 elementor-widget elementor-widget-image\" data-id=\"36845c4\" data-element_type=\"widget\" data-widget_type=\"image.default\">\n\t\t\t\t<div class=\"elementor-widget-container\">\n\t\t\t\t\t\t\t\t\t\t\t\t\t\t\t<img decoding=\"async\" src=\"https:\/\/delcerroceramica.cl\/wp-content\/uploads\/2025\/05\/Raku-Occidental_G-04-scaled.png\" title=\"\" alt=\"\" loading=\"lazy\" \/>\t\t\t\t\t\t\t\t\t\t\t\t\t\t\t<\/div>\n\t\t\t\t<\/div>\n\t\t\t\t<\/div>\n\t\t<div class=\"elementor-element elementor-element-67e3bb8 e-con-full e-flex e-con e-child\" data-id=\"67e3bb8\" data-element_type=\"container\">\n\t\t\t\t<div class=\"elementor-element elementor-element-6460447 elementor-widget elementor-widget-text-editor\" data-id=\"6460447\" data-element_type=\"widget\" data-widget_type=\"text-editor.default\">\n\t\t\t\t<div class=\"elementor-widget-container\">\n\t\t\t\t\t\t\t\t\t<div>We'll include a meal prepared by an extraordinary chef using seasonal ingredients. Depending on the date and temperature, we'll include creamed soups, salads, and sweet accompaniments for afternoon coffee.\u00a0<\/div><div>\u00a0<\/div><div>The maximum number of participants will be 8.<\/div><div>\u00a0<\/div><div><strong> Las \u00a0fechas 2025:<\/strong>\u00a014 junio \/\u00a012 julio \/\u00a02 agosto \u00a0\/\u00a06 septiembre \u00a0\/ 4 de octubre \u00a0\/\u00a015 noviembre<\/div><div>\u00a0<\/div><div>Sign up on WhatsApp +56981519186<\/div>\t\t\t\t\t\t\t\t<\/div>\n\t\t\t\t<\/div>\n\t\t\t\t<\/div>\n\t\t\t\t\t<\/div>\n\t\t\t\t<\/div>\n\t\t\t\t<\/div>","protected":false},"excerpt":{"rendered":"<p>QUEMA RAKU OCCIDENTAL Un poco de historia, los or\u00edgenes del raku se puede rastrear hacia el siglo 16 en Jap\u00f3n, con piezas destinadas para la ceremonia del Te. Se conoce a Chojir como el linaje de ceramistas dedicados al raku, los que han traspasado la t\u00e9cnica y estilo a sus generaciones hasta el d\u00eda de [&hellip;]<\/p>","protected":false},"author":1,"featured_media":0,"parent":0,"menu_order":0,"comment_status":"closed","ping_status":"closed","template":"","meta":{"footnotes":""},"class_list":["post-1374","page","type-page","status-publish","hentry"],"_links":{"self":[{"href":"https:\/\/delcerroceramica.cl\/en\/wp-json\/wp\/v2\/pages\/1374","targetHints":{"allow":["GET"]}}],"collection":[{"href":"https:\/\/delcerroceramica.cl\/en\/wp-json\/wp\/v2\/pages"}],"about":[{"href":"https:\/\/delcerroceramica.cl\/en\/wp-json\/wp\/v2\/types\/page"}],"author":[{"embeddable":true,"href":"https:\/\/delcerroceramica.cl\/en\/wp-json\/wp\/v2\/users\/1"}],"replies":[{"embeddable":true,"href":"https:\/\/delcerroceramica.cl\/en\/wp-json\/wp\/v2\/comments?post=1374"}],"version-history":[{"count":263,"href":"https:\/\/delcerroceramica.cl\/en\/wp-json\/wp\/v2\/pages\/1374\/revisions"}],"predecessor-version":[{"id":3741,"href":"https:\/\/delcerroceramica.cl\/en\/wp-json\/wp\/v2\/pages\/1374\/revisions\/3741"}],"wp:attachment":[{"href":"https:\/\/delcerroceramica.cl\/en\/wp-json\/wp\/v2\/media?parent=1374"}],"curies":[{"name":"wp","href":"https:\/\/api.w.org\/{rel}","templated":true}]}}