{"id":64,"date":"2023-05-06T16:39:19","date_gmt":"2023-05-06T19:39:19","guid":{"rendered":"http:\/\/localhost\/delcerroceramica\/?page_id=64"},"modified":"2023-11-14T12:34:22","modified_gmt":"2023-11-14T15:34:22","slug":"home","status":"publish","type":"page","link":"https:\/\/delcerroceramica.cl\/en\/","title":{"rendered":"Home"},"content":{"rendered":"<div data-elementor-type=\"wp-page\" data-elementor-id=\"64\" class=\"elementor elementor-64\" data-elementor-post-type=\"page\">\n\t\t\t\t<div class=\"elementor-element elementor-element-958621b e-flex e-con-boxed e-con e-parent\" data-id=\"958621b\" data-element_type=\"container\">\n\t\t\t\t\t<div class=\"e-con-inner\">\n\t\t\t\t<div class=\"elementor-element elementor-element-afe5c2d elementor--h-position-center elementor--v-position-middle elementor-arrows-position-inside elementor-pagination-position-inside elementor-widget elementor-widget-slides\" data-id=\"afe5c2d\" data-element_type=\"widget\" data-settings=\"{&quot;navigation&quot;:&quot;both&quot;,&quot;infinite&quot;:&quot;yes&quot;,&quot;transition&quot;:&quot;slide&quot;,&quot;transition_speed&quot;:500}\" data-widget_type=\"slides.default\">\n\t\t\t\t<div class=\"elementor-widget-container\">\n\t\t\t\t\t\t\t\t\t<div class=\"elementor-swiper\">\n\t\t\t\t\t<div class=\"elementor-slides-wrapper elementor-main-swiper swiper\" role=\"region\" aria-roledescription=\"carousel\" aria-label=\"Slides\" dir=\"ltr\" data-animation=\"fadeInUp\">\n\t\t\t\t<div class=\"swiper-wrapper elementor-slides\">\n\t\t\t\t\t\t\t\t\t\t<div class=\"elementor-repeater-item-7bd8772 swiper-slide\" role=\"group\" aria-roledescription=\"slide\"><div class=\"swiper-slide-bg\" role=\"img\"><\/div><a class=\"swiper-slide-inner\" href=\"https:\/\/delcerroceramica.cl\/en\/clases\/\" target=\"_blank\"><div class=\"swiper-slide-contents\"><div class=\"elementor-slide-heading\">Descubre lo que puedes aprender aqu\u00ed<\/div><div class=\"elementor-slide-description\">\u00a1Aprende a crear tus propias piezas en mi taller! \u00danete a mis clases de cer\u00e1mica y descubre una forma de expresarte a trav\u00e9s de la cer\u00e1mica. <\/div><div  class=\"elementor-button elementor-slide-button elementor-size-sm\">Clases de Cer\u00e1mica<\/div><\/div><\/a><\/div><div class=\"elementor-repeater-item-67926c1 swiper-slide\" role=\"group\" aria-roledescription=\"slide\"><div class=\"swiper-slide-bg\" role=\"img\"><\/div><a class=\"swiper-slide-inner\" href=\"https:\/\/delcerroceramica.cl\/en\/tienda\/\"><div class=\"swiper-slide-contents\"><div class=\"elementor-slide-heading\"> \u00a1Elige el regalo perfecto para ti o los tuyos!<\/div><div class=\"elementor-slide-description\">Desde tazones y platos hasta jarrones y esculturas, nuestra amplia selecci\u00f3n de piezas de cer\u00e1mica es perfecta para encontrar el regalo perfecto para ti o los tuyos. <\/div><div  class=\"elementor-button elementor-slide-button elementor-size-sm\">Revisa nuestra tienda<\/div><\/div><\/a><\/div><div class=\"elementor-repeater-item-5be38b5 swiper-slide\" role=\"group\" aria-roledescription=\"slide\"><div class=\"swiper-slide-bg\" role=\"img\"><\/div><div class=\"elementor-background-overlay\"><\/div><a class=\"swiper-slide-inner\" href=\"https:\/\/delcerroceramica.cl\/en\/taller-de-raku\/\"><div class=\"swiper-slide-contents\"><div class=\"elementor-slide-heading\">\u00bfConoces el Raku?<\/div><div class=\"elementor-slide-description\">Ven a experimentar sobre esta t\u00e9cnica tradicional oriental de elaboraci\u00f3n de cer\u00e1mica decorativa.<\/div><div  class=\"elementor-button elementor-slide-button elementor-size-sm\">M\u00e1s informaci\u00f3n del Taller<\/div><\/div><\/a><\/div>\t\t\t\t<\/div>\n\t\t\t\t\t\t\t\t\t\t\t\t\t\t\t<div class=\"elementor-swiper-button elementor-swiper-button-prev\" role=\"button\" tabindex=\"0\" aria-label=\"Previous slide\">\n\t\t\t\t\t\t\t<i aria-hidden=\"true\" class=\"eicon-chevron-left\"><\/i>\t\t\t\t\t\t<\/div>\n\t\t\t\t\t\t<div class=\"elementor-swiper-button elementor-swiper-button-next\" role=\"button\" tabindex=\"0\" aria-label=\"Next slide\">\n\t\t\t\t\t\t\t<i aria-hidden=\"true\" class=\"eicon-chevron-right\"><\/i>\t\t\t\t\t\t<\/div>\n\t\t\t\t\t\t\t\t\t\t\t\t\t\t\t\t<div class=\"swiper-pagination\"><\/div>\n\t\t\t\t\t\t\t\t\t\t\t\t<\/div>\n\t\t\t\t<\/div>\n\t\t\t\t\t\t\t\t<\/div>\n\t\t\t\t<\/div>\n\t\t\t\t\t<\/div>\n\t\t\t\t<\/div>\n\t\t<div class=\"elementor-element elementor-element-c731e9d e-flex e-con-boxed e-con e-parent\" data-id=\"c731e9d\" data-element_type=\"container\">\n\t\t\t\t\t<div class=\"e-con-inner\">\n\t\t\t\t<div class=\"elementor-element elementor-element-33002af elementor-widget elementor-widget-heading\" data-id=\"33002af\" data-element_type=\"widget\" data-widget_type=\"heading.default\">\n\t\t\t\t<div class=\"elementor-widget-container\">\n\t\t\t\t\t<h2 class=\"elementor-heading-title elementor-size-default\">Descubre nuestros \u00faltimos productos<\/h2>\t\t\t\t<\/div>\n\t\t\t\t<\/div>\n\t\t\t\t\t<\/div>\n\t\t\t\t<\/div>\n\t\t<div class=\"elementor-element elementor-element-b96bf8c e-flex e-con-boxed e-con e-parent\" data-id=\"b96bf8c\" data-element_type=\"container\">\n\t\t\t\t\t<div class=\"e-con-inner\">\n\t\t\t\t<div class=\"elementor-element elementor-element-0bb3539 elementor-product-loop-item--align-center elementor-product-loop-item--align-center elementor-grid-4 elementor-grid-tablet-3 elementor-grid-mobile-2 elementor-products-grid elementor-wc-products elementor-widget elementor-widget-woocommerce-products\" data-id=\"0bb3539\" data-element_type=\"widget\" data-widget_type=\"woocommerce-products.default\">\n\t\t\t\t<div class=\"elementor-widget-container\">\n\t\t\t\t\t<div class=\"woocommerce columns-4\"><ul class=\"products elementor-grid columns-4\">\n<li class=\"product type-product post-3812 status-publish first instock product_cat-para-mirar product_tag-modelado product_tag-raku has-post-thumbnail shipping-taxable purchasable product-type-simple\">\n\t<a href=\"https:\/\/delcerroceramica.cl\/en\/product\/prismas-raku-occidental-fierro-rojo\/\" class=\"woocommerce-LoopProduct-link woocommerce-loop-product__link\"><img fetchpriority=\"high\" decoding=\"async\" width=\"300\" height=\"300\" src=\"https:\/\/delcerroceramica.cl\/wp-content\/uploads\/2025\/08\/Fierro-rojo-8-300x300.jpg\" class=\"attachment-woocommerce_thumbnail size-woocommerce_thumbnail\" alt=\"Prismas Raku occidental fierro rojo\" srcset=\"https:\/\/delcerroceramica.cl\/wp-content\/uploads\/2025\/08\/Fierro-rojo-8-300x300.jpg 300w, https:\/\/delcerroceramica.cl\/wp-content\/uploads\/2025\/08\/Fierro-rojo-8-150x150.jpg 150w, https:\/\/delcerroceramica.cl\/wp-content\/uploads\/2025\/08\/Fierro-rojo-8-100x100.jpg 100w\" sizes=\"(max-width: 300px) 100vw, 300px\" \/><h2 class=\"woocommerce-loop-product__title\">Prismas Raku occidental fierro rojo<\/h2>\n\t<span class=\"price\"><span class=\"woocs_price_code\" data-currency=\"\" data-redraw-id=\"69fc79cba3498\"  data-product-id=\"3812\"><span class=\"woocommerce-Price-amount amount\"><bdi><span class=\"woocommerce-Price-currencySymbol\">&#36;<\/span>120.000<\/bdi><\/span><\/span><\/span>\n<\/a><div class=\"woocommerce-loop-product__buttons\"><a href=\"?add-to-cart=3812\" aria-describedby=\"woocommerce_loop_add_to_cart_link_describedby_3812\" data-quantity=\"1\" class=\"button product_type_simple add_to_cart_button ajax_add_to_cart\" data-product_id=\"3812\" data-product_sku=\"PMR6\" aria-label=\"Add to basket: \u201cPrismas Raku occidental fierro rojo\u201d\" rel=\"nofollow\" data-success_message=\"\u201cPrismas Raku occidental fierro rojo\u201d has been added to your cart\" data-no-translation=\"\" data-trp-gettext=\"\" data-no-translation-aria-label=\"\" data-no-translation-data-success_message=\"\">Add to basket<\/a><\/div>\t<span id=\"woocommerce_loop_add_to_cart_link_describedby_3812\" class=\"screen-reader-text\">\n\t\t\t<\/span>\n<\/li>\n<li class=\"product type-product post-3811 status-publish instock product_cat-para-mirar product_tag-modelado product_tag-raku has-post-thumbnail shipping-taxable purchasable product-type-simple\">\n\t<a href=\"https:\/\/delcerroceramica.cl\/en\/product\/prismas-raku-occidental-fierro-amarillo\/\" class=\"woocommerce-LoopProduct-link woocommerce-loop-product__link\"><img decoding=\"async\" width=\"300\" height=\"300\" src=\"https:\/\/delcerroceramica.cl\/wp-content\/uploads\/2025\/08\/Fierro-amarillo-3-300x300.jpg\" class=\"attachment-woocommerce_thumbnail size-woocommerce_thumbnail\" alt=\"Prismas Raku occidental fierro amarillo\" srcset=\"https:\/\/delcerroceramica.cl\/wp-content\/uploads\/2025\/08\/Fierro-amarillo-3-300x300.jpg 300w, https:\/\/delcerroceramica.cl\/wp-content\/uploads\/2025\/08\/Fierro-amarillo-3-150x150.jpg 150w, https:\/\/delcerroceramica.cl\/wp-content\/uploads\/2025\/08\/Fierro-amarillo-3-100x100.jpg 100w\" sizes=\"(max-width: 300px) 100vw, 300px\" \/><h2 class=\"woocommerce-loop-product__title\">Prismas Raku occidental fierro amarillo<\/h2>\n\t<span class=\"price\"><span class=\"woocs_price_code\" data-currency=\"\" data-redraw-id=\"69fc79cba3c28\"  data-product-id=\"3811\"><span class=\"woocommerce-Price-amount amount\"><bdi><span class=\"woocommerce-Price-currencySymbol\">&#36;<\/span>120.000<\/bdi><\/span><\/span><\/span>\n<\/a><div class=\"woocommerce-loop-product__buttons\"><a href=\"?add-to-cart=3811\" aria-describedby=\"woocommerce_loop_add_to_cart_link_describedby_3811\" data-quantity=\"1\" class=\"button product_type_simple add_to_cart_button ajax_add_to_cart\" data-product_id=\"3811\" data-product_sku=\"PMR5\" aria-label=\"Add to basket: \u201cPrismas Raku occidental fierro amarillo\u201d\" rel=\"nofollow\" data-success_message=\"\u201cPrismas Raku occidental fierro amarillo\u201d has been added to your cart\" data-no-translation=\"\" data-trp-gettext=\"\" data-no-translation-aria-label=\"\" data-no-translation-data-success_message=\"\">Add to basket<\/a><\/div>\t<span id=\"woocommerce_loop_add_to_cart_link_describedby_3811\" class=\"screen-reader-text\">\n\t\t\t<\/span>\n<\/li>\n<li class=\"product type-product post-3774 status-publish instock product_cat-para-mirar product_tag-modelado product_tag-raku has-post-thumbnail shipping-taxable purchasable product-type-simple\">\n\t<a href=\"https:\/\/delcerroceramica.cl\/en\/product\/prismas-raku-occidental-fierro-negro\/\" class=\"woocommerce-LoopProduct-link woocommerce-loop-product__link\"><img decoding=\"async\" width=\"300\" height=\"300\" src=\"https:\/\/delcerroceramica.cl\/wp-content\/uploads\/2025\/08\/Fierro-negro-1-300x300.jpg\" class=\"attachment-woocommerce_thumbnail size-woocommerce_thumbnail\" alt=\"Prismas Raku occidental fierro negro\" srcset=\"https:\/\/delcerroceramica.cl\/wp-content\/uploads\/2025\/08\/Fierro-negro-1-300x300.jpg 300w, https:\/\/delcerroceramica.cl\/wp-content\/uploads\/2025\/08\/Fierro-negro-1-1024x1024.jpg 1024w, https:\/\/delcerroceramica.cl\/wp-content\/uploads\/2025\/08\/Fierro-negro-1-150x150.jpg 150w, https:\/\/delcerroceramica.cl\/wp-content\/uploads\/2025\/08\/Fierro-negro-1-768x768.jpg 768w, https:\/\/delcerroceramica.cl\/wp-content\/uploads\/2025\/08\/Fierro-negro-1-1536x1536.jpg 1536w, https:\/\/delcerroceramica.cl\/wp-content\/uploads\/2025\/08\/Fierro-negro-1-2048x2048.jpg 2048w, https:\/\/delcerroceramica.cl\/wp-content\/uploads\/2025\/08\/Fierro-negro-1-12x12.jpg 12w, https:\/\/delcerroceramica.cl\/wp-content\/uploads\/2025\/08\/Fierro-negro-1-600x600.jpg 600w, https:\/\/delcerroceramica.cl\/wp-content\/uploads\/2025\/08\/Fierro-negro-1-100x100.jpg 100w\" sizes=\"(max-width: 300px) 100vw, 300px\" \/><h2 class=\"woocommerce-loop-product__title\">Prismas Raku occidental fierro negro<\/h2>\n\t<span class=\"price\"><span class=\"woocs_price_code\" data-currency=\"\" data-redraw-id=\"69fc79cba432f\"  data-product-id=\"3774\"><span class=\"woocommerce-Price-amount amount\"><bdi><span class=\"woocommerce-Price-currencySymbol\">&#36;<\/span>120.000<\/bdi><\/span><\/span><\/span>\n<\/a><div class=\"woocommerce-loop-product__buttons\"><a href=\"?add-to-cart=3774\" aria-describedby=\"woocommerce_loop_add_to_cart_link_describedby_3774\" data-quantity=\"1\" class=\"button product_type_simple add_to_cart_button ajax_add_to_cart\" data-product_id=\"3774\" data-product_sku=\"PMR3\" aria-label=\"Add to basket: \u201cPrismas Raku occidental fierro negro\u201d\" rel=\"nofollow\" data-success_message=\"\u201cPrismas Raku occidental fierro negro\u201d has been added to your cart\" data-no-translation=\"\" data-trp-gettext=\"\" data-no-translation-aria-label=\"\" data-no-translation-data-success_message=\"\">Add to basket<\/a><\/div>\t<span id=\"woocommerce_loop_add_to_cart_link_describedby_3774\" class=\"screen-reader-text\">\n\t\t\t<\/span>\n<\/li>\n<li class=\"product type-product post-3525 status-publish last instock product_cat-calco-vitrificable-sobrecubierta product_cat-transfer-ceramico product_tag-calco-serigrafico product_tag-calco-sobrecubierta product_tag-flores-chilenas product_tag-graficas has-post-thumbnail shipping-taxable purchasable product-type-simple\">\n\t<a href=\"https:\/\/delcerroceramica.cl\/en\/product\/calco-flores-chilenas-zonas-extremas\/\" class=\"woocommerce-LoopProduct-link woocommerce-loop-product__link\"><img loading=\"lazy\" decoding=\"async\" width=\"300\" height=\"300\" src=\"https:\/\/delcerroceramica.cl\/wp-content\/uploads\/2025\/05\/Portada-zonas-extremas-300x300.png\" class=\"attachment-woocommerce_thumbnail size-woocommerce_thumbnail\" alt=\"Calco Flores chilenas zonas extremas\" srcset=\"https:\/\/delcerroceramica.cl\/wp-content\/uploads\/2025\/05\/Portada-zonas-extremas-300x300.png 300w, https:\/\/delcerroceramica.cl\/wp-content\/uploads\/2025\/05\/Portada-zonas-extremas-1024x1024.png 1024w, https:\/\/delcerroceramica.cl\/wp-content\/uploads\/2025\/05\/Portada-zonas-extremas-150x150.png 150w, https:\/\/delcerroceramica.cl\/wp-content\/uploads\/2025\/05\/Portada-zonas-extremas-768x768.png 768w, https:\/\/delcerroceramica.cl\/wp-content\/uploads\/2025\/05\/Portada-zonas-extremas-1536x1536.png 1536w, https:\/\/delcerroceramica.cl\/wp-content\/uploads\/2025\/05\/Portada-zonas-extremas-2048x2048.png 2048w, https:\/\/delcerroceramica.cl\/wp-content\/uploads\/2025\/05\/Portada-zonas-extremas-12x12.png 12w, https:\/\/delcerroceramica.cl\/wp-content\/uploads\/2025\/05\/Portada-zonas-extremas-600x600.png 600w, https:\/\/delcerroceramica.cl\/wp-content\/uploads\/2025\/05\/Portada-zonas-extremas-100x100.png 100w\" sizes=\"(max-width: 300px) 100vw, 300px\" \/><h2 class=\"woocommerce-loop-product__title\">Calco Flores chilenas zonas extremas<\/h2>\n\t<span class=\"price\"><span class=\"woocs_price_code\" data-currency=\"\" data-redraw-id=\"69fc79cba4a1b\"  data-product-id=\"3525\"><span class=\"woocommerce-Price-amount amount\"><bdi><span class=\"woocommerce-Price-currencySymbol\">&#36;<\/span>10.000<\/bdi><\/span><\/span><\/span>\n<\/a><div class=\"woocommerce-loop-product__buttons\"><a href=\"?add-to-cart=3525\" aria-describedby=\"woocommerce_loop_add_to_cart_link_describedby_3525\" data-quantity=\"1\" class=\"button product_type_simple add_to_cart_button ajax_add_to_cart\" data-product_id=\"3525\" data-product_sku=\"calco zona extrema\" aria-label=\"Add to basket: \u201cCalco Flores chilenas zonas extremas\u201d\" rel=\"nofollow\" data-success_message=\"\u201cCalco Flores chilenas zonas extremas\u201d has been added to your cart\" data-no-translation=\"\" data-trp-gettext=\"\" data-no-translation-aria-label=\"\" data-no-translation-data-success_message=\"\">Add to basket<\/a><\/div>\t<span id=\"woocommerce_loop_add_to_cart_link_describedby_3525\" class=\"screen-reader-text\">\n\t\t\t<\/span>\n<\/li>\n<\/ul>\n<\/div>\t\t\t\t<\/div>\n\t\t\t\t<\/div>\n\t\t\t\t\t<\/div>\n\t\t\t\t<\/div>\n\t\t\t\t<\/div>","protected":false},"excerpt":{"rendered":"<p>\/*! pro-elements &#8211; v3.16.0 &#8211; 20-09-2023 *\/ .elementor-slides .swiper-slide-bg{background-size:cover;background-position:50%;background-repeat:no-repeat;min-width:100%;min-height:100%}.elementor-slides .swiper-slide-inner{background-repeat:no-repeat;background-position:50%;position:absolute;top:0;left:0;bottom:0;right:0;padding:50px;margin:auto}.elementor-slides .swiper-slide-inner,.elementor-slides .swiper-slide-inner:hover{color:#fff;display:flex}.elementor-slides .swiper-slide-inner .elementor-background-overlay{position:absolute;z-index:0;top:0;bottom:0;left:0;right:0}.elementor-slides .swiper-slide-inner .elementor-slide-content{position:relative;z-index:1;width:100%}.elementor-slides .swiper-slide-inner .elementor-slide-heading{font-size:35px;font-weight:700;line-height:1}.elementor-slides .swiper-slide-inner .elementor-slide-description{font-size:17px;line-height:1.4}.elementor-slides .swiper-slide-inner .elementor-slide-description:not(:last-child),.elementor-slides .swiper-slide-inner .elementor-slide-heading:not(:last-child){margin-bottom:30px}.elementor-slides .swiper-slide-inner .elementor-slide-button{border:2px solid #fff;color:#fff;background:transparent;display:inline-block}.elementor-slides .swiper-slide-inner .elementor-slide-button,.elementor-slides .swiper-slide-inner .elementor-slide-button:hover{background:transparent;color:inherit;text-decoration:none}.elementor&#8211;v-position-top .swiper-slide-inner{align-items:flex-start}.elementor&#8211;v-position-bottom .swiper-slide-inner{align-items:flex-end}.elementor&#8211;v-position-middle .swiper-slide-inner{align-items:center}.elementor&#8211;h-position-left .swiper-slide-inner{justify-content:flex-start}.elementor&#8211;h-position-right .swiper-slide-inner{justify-content:flex-end}.elementor&#8211;h-position-center .swiper-slide-inner{justify-content:center}body.rtl .elementor-widget-slides .elementor-swiper-button-next{left:10px;right:auto}body.rtl .elementor-widget-slides .elementor-swiper-button-prev{right:10px;left:auto}.elementor-slides-wrapper div:not(.swiper-slide)&gt;.swiper-slide-inner{display:none}@media (max-width:767px){.elementor-slides .swiper-slide-inner{padding:30px}.elementor-slides .swiper-slide-inner .elementor-slide-heading{font-size:23px;line-height:1;margin-bottom:15px}.elementor-slides .swiper-slide-inner .elementor-slide-description{font-size:13px;line-height:1.4;margin-bottom:15px}} Descubre lo que puedes aprender aqu\u00ed\u00a1Aprende [&hellip;]<\/p>","protected":false},"author":1,"featured_media":0,"parent":0,"menu_order":0,"comment_status":"closed","ping_status":"closed","template":"","meta":{"footnotes":""},"class_list":["post-64","page","type-page","status-publish","hentry"],"_links":{"self":[{"href":"https:\/\/delcerroceramica.cl\/en\/wp-json\/wp\/v2\/pages\/64","targetHints":{"allow":["GET"]}}],"collection":[{"href":"https:\/\/delcerroceramica.cl\/en\/wp-json\/wp\/v2\/pages"}],"about":[{"href":"https:\/\/delcerroceramica.cl\/en\/wp-json\/wp\/v2\/types\/page"}],"author":[{"embeddable":true,"href":"https:\/\/delcerroceramica.cl\/en\/wp-json\/wp\/v2\/users\/1"}],"replies":[{"embeddable":true,"href":"https:\/\/delcerroceramica.cl\/en\/wp-json\/wp\/v2\/comments?post=64"}],"version-history":[{"count":100,"href":"https:\/\/delcerroceramica.cl\/en\/wp-json\/wp\/v2\/pages\/64\/revisions"}],"predecessor-version":[{"id":2106,"href":"https:\/\/delcerroceramica.cl\/en\/wp-json\/wp\/v2\/pages\/64\/revisions\/2106"}],"wp:attachment":[{"href":"https:\/\/delcerroceramica.cl\/en\/wp-json\/wp\/v2\/media?parent=64"}],"curies":[{"name":"wp","href":"https:\/\/api.w.org\/{rel}","templated":true}]}}