{"id":1078,"date":"2023-05-29T17:08:57","date_gmt":"2023-05-29T20:08:57","guid":{"rendered":"http:\/\/localhost\/delcerroceramica\/?post_type=product&#038;p=1078"},"modified":"2023-05-29T17:13:55","modified_gmt":"2023-05-29T20:13:55","slug":"macetero-prisma-mediano","status":"publish","type":"product","link":"https:\/\/delcerroceramica.cl\/en\/product\/macetero-prisma-mediano\/","title":{"rendered":"Macetero prisma mediano"},"content":{"rendered":"<p>Macetero prisma rectangular peque\u00f1o, construido con la t\u00e9cnica de modelado mediante placas. Ideal para ubicar a tus plantas en espacios peque\u00f1os que tengas en tu casa y\/o lugar de trabajo.<\/p>\n<p>Mide 6 cm de largo, 6 cm ancho y entre 8 y 10 cm de alto.<\/p>","protected":false},"excerpt":{"rendered":"<p>Macetero prisma rectangular mediano<\/p>","protected":false},"featured_media":1135,"comment_status":"closed","ping_status":"closed","template":"","meta":[],"product_brand":[],"product_cat":[27],"product_tag":[72,43,48],"class_list":{"0":"post-1078","1":"product","2":"type-product","3":"status-publish","4":"has-post-thumbnail","6":"product_cat-para-plantar","7":"product_tag-gres","8":"product_tag-macetero","9":"product_tag-modelado","11":"first","12":"instock","13":"sale","14":"shipping-taxable","15":"purchasable","16":"product-type-variable"},"_links":{"self":[{"href":"https:\/\/delcerroceramica.cl\/en\/wp-json\/wp\/v2\/product\/1078","targetHints":{"allow":["GET"]}}],"collection":[{"href":"https:\/\/delcerroceramica.cl\/en\/wp-json\/wp\/v2\/product"}],"about":[{"href":"https:\/\/delcerroceramica.cl\/en\/wp-json\/wp\/v2\/types\/product"}],"replies":[{"embeddable":true,"href":"https:\/\/delcerroceramica.cl\/en\/wp-json\/wp\/v2\/comments?post=1078"}],"wp:featuredmedia":[{"embeddable":true,"href":"https:\/\/delcerroceramica.cl\/en\/wp-json\/wp\/v2\/media\/1135"}],"wp:attachment":[{"href":"https:\/\/delcerroceramica.cl\/en\/wp-json\/wp\/v2\/media?parent=1078"}],"wp:term":[{"taxonomy":"product_brand","embeddable":true,"href":"https:\/\/delcerroceramica.cl\/en\/wp-json\/wp\/v2\/product_brand?post=1078"},{"taxonomy":"product_cat","embeddable":true,"href":"https:\/\/delcerroceramica.cl\/en\/wp-json\/wp\/v2\/product_cat?post=1078"},{"taxonomy":"product_tag","embeddable":true,"href":"https:\/\/delcerroceramica.cl\/en\/wp-json\/wp\/v2\/product_tag?post=1078"}],"curies":[{"name":"wp","href":"https:\/\/api.w.org\/{rel}","templated":true}]}}