{"id":1103,"date":"2023-05-29T17:10:20","date_gmt":"2023-05-29T20:10:20","guid":{"rendered":"http:\/\/localhost\/delcerroceramica\/?post_type=product&#038;p=1103"},"modified":"2024-02-22T12:59:00","modified_gmt":"2024-02-22T15:59:00","slug":"macetero-prisma-grande","status":"publish","type":"product","link":"https:\/\/delcerroceramica.cl\/en\/product\/macetero-prisma-grande\/","title":{"rendered":"Macetero prisma grande"},"content":{"rendered":"<p>Macetero prisma rectangular peque\u00f1o, construido con la t\u00e9cnica de modelado mediante placas. Ideal para ubicar a tus plantas en espacios peque\u00f1os que tengas en tu casa y\/o lugar de trabajo.<\/p>\n<p>Mide 6 cm de largo, 6 cm ancho y entre 10 y 12 cm de alto.<\/p>","protected":false},"excerpt":{"rendered":"<p>Macetero prisma rectangular grande<\/p>","protected":false},"featured_media":1153,"comment_status":"closed","ping_status":"closed","template":"","meta":[],"product_brand":[],"product_cat":[27],"product_tag":[43,48],"class_list":{"0":"post-1103","1":"product","2":"type-product","3":"status-publish","4":"has-post-thumbnail","6":"product_cat-para-plantar","7":"product_tag-macetero","8":"product_tag-modelado","10":"first","11":"instock","12":"sale","13":"shipping-taxable","14":"purchasable","15":"product-type-variable"},"_links":{"self":[{"href":"https:\/\/delcerroceramica.cl\/en\/wp-json\/wp\/v2\/product\/1103","targetHints":{"allow":["GET"]}}],"collection":[{"href":"https:\/\/delcerroceramica.cl\/en\/wp-json\/wp\/v2\/product"}],"about":[{"href":"https:\/\/delcerroceramica.cl\/en\/wp-json\/wp\/v2\/types\/product"}],"replies":[{"embeddable":true,"href":"https:\/\/delcerroceramica.cl\/en\/wp-json\/wp\/v2\/comments?post=1103"}],"wp:featuredmedia":[{"embeddable":true,"href":"https:\/\/delcerroceramica.cl\/en\/wp-json\/wp\/v2\/media\/1153"}],"wp:attachment":[{"href":"https:\/\/delcerroceramica.cl\/en\/wp-json\/wp\/v2\/media?parent=1103"}],"wp:term":[{"taxonomy":"product_brand","embeddable":true,"href":"https:\/\/delcerroceramica.cl\/en\/wp-json\/wp\/v2\/product_brand?post=1103"},{"taxonomy":"product_cat","embeddable":true,"href":"https:\/\/delcerroceramica.cl\/en\/wp-json\/wp\/v2\/product_cat?post=1103"},{"taxonomy":"product_tag","embeddable":true,"href":"https:\/\/delcerroceramica.cl\/en\/wp-json\/wp\/v2\/product_tag?post=1103"}],"curies":[{"name":"wp","href":"https:\/\/api.w.org\/{rel}","templated":true}]}}