{"id":1157,"date":"2023-05-29T17:13:56","date_gmt":"2023-05-29T20:13:56","guid":{"rendered":"http:\/\/localhost\/delcerroceramica\/?post_type=product&#038;p=1157"},"modified":"2024-04-14T17:59:58","modified_gmt":"2024-04-14T20:59:58","slug":"set-mini-pocillos-pasta-negra","status":"publish","type":"product","link":"https:\/\/delcerroceramica.cl\/en\/product\/set-mini-pocillos-pasta-negra\/","title":{"rendered":"Set mini pocillos pasta negra"},"content":{"rendered":"<p>Set pocillos de cer\u00e1mica gres hechos a mano, construido con la t\u00e9cnica de modelado, mediante pellizco, usado pasta negra y esmalte transparente en el interior.<\/p>\n<p>Quemado en horno a gas a 1260 \u00baC.<\/p>\n<p>Miden aproximadamente 8,5 cent\u00edmetros de di\u00e1metro y 5 cent\u00edmetros de alto.<\/p>\n<p>Es altamente resistente en el uso diario, se puede lavar en lavavajillas y usar en el microondas.<\/p>\n<p>Es importante no someterlo a cambios bruscos de temperatura, como introducirlo en el freezer u horno y sacarlos r\u00e1pido.<\/p>","protected":false},"excerpt":{"rendered":"<p>Set mini pocillos pasta negra<\/p>","protected":false},"featured_media":1216,"comment_status":"closed","ping_status":"closed","template":"","meta":[],"product_brand":[],"product_cat":[23],"product_tag":[48,77,49,78],"class_list":{"0":"post-1157","1":"product","2":"type-product","3":"status-publish","4":"has-post-thumbnail","6":"product_cat-pocillos","7":"product_tag-modelado","8":"product_tag-pasta-negra","9":"product_tag-pocillo","10":"product_tag-pocillos","12":"first","13":"outofstock","14":"shipping-taxable","15":"purchasable","16":"product-type-simple"},"_links":{"self":[{"href":"https:\/\/delcerroceramica.cl\/en\/wp-json\/wp\/v2\/product\/1157","targetHints":{"allow":["GET"]}}],"collection":[{"href":"https:\/\/delcerroceramica.cl\/en\/wp-json\/wp\/v2\/product"}],"about":[{"href":"https:\/\/delcerroceramica.cl\/en\/wp-json\/wp\/v2\/types\/product"}],"replies":[{"embeddable":true,"href":"https:\/\/delcerroceramica.cl\/en\/wp-json\/wp\/v2\/comments?post=1157"}],"wp:featuredmedia":[{"embeddable":true,"href":"https:\/\/delcerroceramica.cl\/en\/wp-json\/wp\/v2\/media\/1216"}],"wp:attachment":[{"href":"https:\/\/delcerroceramica.cl\/en\/wp-json\/wp\/v2\/media?parent=1157"}],"wp:term":[{"taxonomy":"product_brand","embeddable":true,"href":"https:\/\/delcerroceramica.cl\/en\/wp-json\/wp\/v2\/product_brand?post=1157"},{"taxonomy":"product_cat","embeddable":true,"href":"https:\/\/delcerroceramica.cl\/en\/wp-json\/wp\/v2\/product_cat?post=1157"},{"taxonomy":"product_tag","embeddable":true,"href":"https:\/\/delcerroceramica.cl\/en\/wp-json\/wp\/v2\/product_tag?post=1157"}],"curies":[{"name":"wp","href":"https:\/\/api.w.org\/{rel}","templated":true}]}}