{"id":1207,"date":"2023-05-29T17:16:31","date_gmt":"2023-05-29T20:16:31","guid":{"rendered":"http:\/\/localhost\/delcerroceramica\/?post_type=product&#038;p=1207"},"modified":"2023-11-14T12:58:38","modified_gmt":"2023-11-14T15:58:38","slug":"vaso-maleza-verde","status":"publish","type":"product","link":"https:\/\/delcerroceramica.cl\/en\/product\/vaso-maleza-verde\/","title":{"rendered":"Vaso maleza verde"},"content":{"rendered":"<p>Vaso de cer\u00e1mica gres hecho a mano, construido con la t\u00e9cnica de torno cer\u00e1mico, esgrafiado emulando las malezas del cerro, esmaltado el bajo relieve con esmalte verde y toda la pieza con esmalte transparente. Los esmaltes son formulados en el taller.<\/p>\n<p>Quemado en horno a gas.<\/p>\n<p>Mide aproximadamente 7,5 cent\u00edmetros de di\u00e1metro y 8,5 cent\u00edmetros de alto.<\/p>\n<p>Capacidad 250 cc (cent\u00edmetros c\u00fabicos) aproximado.<\/p>\n<p>Es altamente resistente en el uso diario, se puede lavar en lavavajillas y usar en el microondas.<\/p>\n<p>Es importante no someterlo a cambios bruscos de temperatura, como introducirlo en el freezer u horno y sacarlos r\u00e1pido.<\/p>\n<p>El precio es unitario.<\/p>","protected":false},"excerpt":{"rendered":"<p>Vaso torneado con malezas verdes esgrafiadas<\/p>","protected":false},"featured_media":1250,"comment_status":"closed","ping_status":"closed","template":"","meta":[],"product_brand":[],"product_cat":[24],"product_tag":[47,44,70],"class_list":{"0":"post-1207","1":"product","2":"type-product","3":"status-publish","4":"has-post-thumbnail","6":"product_cat-vasos-y-mates","7":"product_tag-esgrafiado","8":"product_tag-torno","9":"product_tag-vaso","11":"first","12":"instock","13":"shipping-taxable","14":"purchasable","15":"product-type-variable"},"_links":{"self":[{"href":"https:\/\/delcerroceramica.cl\/en\/wp-json\/wp\/v2\/product\/1207","targetHints":{"allow":["GET"]}}],"collection":[{"href":"https:\/\/delcerroceramica.cl\/en\/wp-json\/wp\/v2\/product"}],"about":[{"href":"https:\/\/delcerroceramica.cl\/en\/wp-json\/wp\/v2\/types\/product"}],"replies":[{"embeddable":true,"href":"https:\/\/delcerroceramica.cl\/en\/wp-json\/wp\/v2\/comments?post=1207"}],"wp:featuredmedia":[{"embeddable":true,"href":"https:\/\/delcerroceramica.cl\/en\/wp-json\/wp\/v2\/media\/1250"}],"wp:attachment":[{"href":"https:\/\/delcerroceramica.cl\/en\/wp-json\/wp\/v2\/media?parent=1207"}],"wp:term":[{"taxonomy":"product_brand","embeddable":true,"href":"https:\/\/delcerroceramica.cl\/en\/wp-json\/wp\/v2\/product_brand?post=1207"},{"taxonomy":"product_cat","embeddable":true,"href":"https:\/\/delcerroceramica.cl\/en\/wp-json\/wp\/v2\/product_cat?post=1207"},{"taxonomy":"product_tag","embeddable":true,"href":"https:\/\/delcerroceramica.cl\/en\/wp-json\/wp\/v2\/product_tag?post=1207"}],"curies":[{"name":"wp","href":"https:\/\/api.w.org\/{rel}","templated":true}]}}