{"id":1259,"date":"2023-05-29T17:19:41","date_gmt":"2023-05-29T20:19:41","guid":{"rendered":"http:\/\/localhost\/delcerroceramica\/?post_type=product&#038;p=1259"},"modified":"2023-06-15T22:40:38","modified_gmt":"2023-06-16T01:40:38","slug":"frasco-panal-mediano","status":"publish","type":"product","link":"https:\/\/delcerroceramica.cl\/en\/product\/frasco-panal-mediano\/","title":{"rendered":"Frasco panal mediano"},"content":{"rendered":"<p>Frasco de cer\u00e1mica gres hecho a mano, con la t\u00e9cnica de torno cer\u00e1mico y tapa de madera en torno de madera. El esmalte transparente fue formulado en el taller, y quemados en horno cer\u00e1mico a gas.<\/p>\n<p>Aproximadamente mide 12 cent\u00edmetros de di\u00e1metro y 1 cent\u00edmetros de alto.<\/p>\n<p>La tapa tiene un sello Rubio Monocoat, producto org\u00e1nico y certificado para uso en alimentos.<\/p>\n<p>Es importante no someterla a cambios bruscos de temperatura, como introducirla en el freezer u horno. Es altamente resistente en el uso diario, se puede lavar en lavavajillas y meter en el microondas.<\/p>","protected":false},"excerpt":{"rendered":"<p>Frasco panal mediano<\/p>","protected":false},"featured_media":1290,"comment_status":"closed","ping_status":"closed","template":"","meta":[],"product_brand":[],"product_cat":[38],"product_tag":[54,44],"class_list":{"0":"post-1259","1":"product","2":"type-product","3":"status-publish","4":"has-post-thumbnail","6":"product_cat-para-guardar","7":"product_tag-frasco","8":"product_tag-torno","10":"first","11":"instock","12":"shipping-taxable","13":"purchasable","14":"product-type-simple"},"_links":{"self":[{"href":"https:\/\/delcerroceramica.cl\/en\/wp-json\/wp\/v2\/product\/1259","targetHints":{"allow":["GET"]}}],"collection":[{"href":"https:\/\/delcerroceramica.cl\/en\/wp-json\/wp\/v2\/product"}],"about":[{"href":"https:\/\/delcerroceramica.cl\/en\/wp-json\/wp\/v2\/types\/product"}],"replies":[{"embeddable":true,"href":"https:\/\/delcerroceramica.cl\/en\/wp-json\/wp\/v2\/comments?post=1259"}],"wp:featuredmedia":[{"embeddable":true,"href":"https:\/\/delcerroceramica.cl\/en\/wp-json\/wp\/v2\/media\/1290"}],"wp:attachment":[{"href":"https:\/\/delcerroceramica.cl\/en\/wp-json\/wp\/v2\/media?parent=1259"}],"wp:term":[{"taxonomy":"product_brand","embeddable":true,"href":"https:\/\/delcerroceramica.cl\/en\/wp-json\/wp\/v2\/product_brand?post=1259"},{"taxonomy":"product_cat","embeddable":true,"href":"https:\/\/delcerroceramica.cl\/en\/wp-json\/wp\/v2\/product_cat?post=1259"},{"taxonomy":"product_tag","embeddable":true,"href":"https:\/\/delcerroceramica.cl\/en\/wp-json\/wp\/v2\/product_tag?post=1259"}],"curies":[{"name":"wp","href":"https:\/\/api.w.org\/{rel}","templated":true}]}}