{"id":1264,"date":"2023-05-29T17:19:42","date_gmt":"2023-05-29T20:19:42","guid":{"rendered":"http:\/\/localhost\/delcerroceramica\/?post_type=product&#038;p=1264"},"modified":"2023-05-29T17:22:30","modified_gmt":"2023-05-29T20:22:30","slug":"raku-en-lena","status":"publish","type":"product","link":"https:\/\/delcerroceramica.cl\/en\/product\/raku-en-lena\/","title":{"rendered":"RAKU en le\u00f1a"},"content":{"rendered":"<p>Esta pieza fue construida en torno cer\u00e1mico, con aplicaci\u00f3n de engobe coloideal. Quemado en horno a le\u00f1a con la t\u00e9cnica Raku, donde se abre el horno a los 1000\u00baC, sufriendo un choque t\u00e9rmico, por el cambio de temperatura, luego se introduce en un tarro met\u00e1lico con aserr\u00edn donde se enciende, es tapado para que se ahogue ese fuego, y suceda una reducci\u00f3n de ox\u00edgeno tanto del cuerpo de la pieza como en su esmalte, surgiendo diferentes tonos. Este tipo de quema no se pueden asegurar los resultados, tanto el craquelado del esmalte como el ahumado de la pasta.<\/p>\n<p>Se puede apreciar que el esmalte burbuje\u00f3 bastante, por efecto de las cenizas de la le\u00f1a que son fundentes, \u00e9stas se adhieren al esmalte. Adem\u00e1s ocurri\u00f3 bastante reducci\u00f3n de ox\u00edgeno al \u00f3xido de cobre entregando tonos rojizos.<\/p>\n<p>Dimensiones 12 cm di\u00e1metro y 9,5 cm de alto.<\/p>","protected":false},"excerpt":{"rendered":"<p>RAKU a le\u00f1a<\/p>","protected":false},"featured_media":1303,"comment_status":"closed","ping_status":"closed","template":"","meta":[],"product_brand":[],"product_cat":[53],"product_tag":[82,56,44],"class_list":{"0":"post-1264","1":"product","2":"type-product","3":"status-publish","4":"has-post-thumbnail","6":"product_cat-para-mirar","7":"product_tag-lena","8":"product_tag-raku","9":"product_tag-torno","11":"first","12":"instock","13":"shipping-taxable","14":"purchasable","15":"product-type-simple"},"_links":{"self":[{"href":"https:\/\/delcerroceramica.cl\/en\/wp-json\/wp\/v2\/product\/1264","targetHints":{"allow":["GET"]}}],"collection":[{"href":"https:\/\/delcerroceramica.cl\/en\/wp-json\/wp\/v2\/product"}],"about":[{"href":"https:\/\/delcerroceramica.cl\/en\/wp-json\/wp\/v2\/types\/product"}],"replies":[{"embeddable":true,"href":"https:\/\/delcerroceramica.cl\/en\/wp-json\/wp\/v2\/comments?post=1264"}],"wp:featuredmedia":[{"embeddable":true,"href":"https:\/\/delcerroceramica.cl\/en\/wp-json\/wp\/v2\/media\/1303"}],"wp:attachment":[{"href":"https:\/\/delcerroceramica.cl\/en\/wp-json\/wp\/v2\/media?parent=1264"}],"wp:term":[{"taxonomy":"product_brand","embeddable":true,"href":"https:\/\/delcerroceramica.cl\/en\/wp-json\/wp\/v2\/product_brand?post=1264"},{"taxonomy":"product_cat","embeddable":true,"href":"https:\/\/delcerroceramica.cl\/en\/wp-json\/wp\/v2\/product_cat?post=1264"},{"taxonomy":"product_tag","embeddable":true,"href":"https:\/\/delcerroceramica.cl\/en\/wp-json\/wp\/v2\/product_tag?post=1264"}],"curies":[{"name":"wp","href":"https:\/\/api.w.org\/{rel}","templated":true}]}}