{"id":1265,"date":"2023-05-29T17:19:43","date_gmt":"2023-05-29T20:19:43","guid":{"rendered":"http:\/\/localhost\/delcerroceramica\/?post_type=product&#038;p=1265"},"modified":"2023-05-29T17:22:46","modified_gmt":"2023-05-29T20:22:46","slug":"primer-raku-turquesa","status":"publish","type":"product","link":"https:\/\/delcerroceramica.cl\/en\/product\/primer-raku-turquesa\/","title":{"rendered":"Primer RAKU turquesa"},"content":{"rendered":"<p>Esta pieza fue construida en torno cer\u00e1mico, con aplicaci\u00f3n de engobe coloideal. Quemado en horno a gas con la t\u00e9cnica Raku, donde se abre el horno a los 1000\u00baC, sufriendo un choque t\u00e9rmico, por el cambio de temperatura, luego se introduce en un tarro met\u00e1lico con aserr\u00edn donde se enciende, es tapado para que se ahogue ese fuego, y suceda una reducci\u00f3n de ox\u00edgeno tanto del cuerpo de la pieza como en su esmalte, surgiendo diferentes tonos. Este tipo de quema no se pueden asegurar los resultados, tanto el craquelado del esmalte como el ahumado de la pasta.<\/p>\n<p>Dimensiones 10 cm di\u00e1metro y 9,5 cm de alto.<\/p>","protected":false},"excerpt":{"rendered":"<p>Primer RAKU turquesa<\/p>","protected":false},"featured_media":1309,"comment_status":"closed","ping_status":"closed","template":"","meta":[],"product_brand":[],"product_cat":[53],"product_tag":[56,44],"class_list":{"0":"post-1265","1":"product","2":"type-product","3":"status-publish","4":"has-post-thumbnail","6":"product_cat-para-mirar","7":"product_tag-raku","8":"product_tag-torno","10":"first","11":"instock","12":"shipping-taxable","13":"purchasable","14":"product-type-simple"},"_links":{"self":[{"href":"https:\/\/delcerroceramica.cl\/en\/wp-json\/wp\/v2\/product\/1265","targetHints":{"allow":["GET"]}}],"collection":[{"href":"https:\/\/delcerroceramica.cl\/en\/wp-json\/wp\/v2\/product"}],"about":[{"href":"https:\/\/delcerroceramica.cl\/en\/wp-json\/wp\/v2\/types\/product"}],"replies":[{"embeddable":true,"href":"https:\/\/delcerroceramica.cl\/en\/wp-json\/wp\/v2\/comments?post=1265"}],"wp:featuredmedia":[{"embeddable":true,"href":"https:\/\/delcerroceramica.cl\/en\/wp-json\/wp\/v2\/media\/1309"}],"wp:attachment":[{"href":"https:\/\/delcerroceramica.cl\/en\/wp-json\/wp\/v2\/media?parent=1265"}],"wp:term":[{"taxonomy":"product_brand","embeddable":true,"href":"https:\/\/delcerroceramica.cl\/en\/wp-json\/wp\/v2\/product_brand?post=1265"},{"taxonomy":"product_cat","embeddable":true,"href":"https:\/\/delcerroceramica.cl\/en\/wp-json\/wp\/v2\/product_cat?post=1265"},{"taxonomy":"product_tag","embeddable":true,"href":"https:\/\/delcerroceramica.cl\/en\/wp-json\/wp\/v2\/product_tag?post=1265"}],"curies":[{"name":"wp","href":"https:\/\/api.w.org\/{rel}","templated":true}]}}