{"id":1268,"date":"2023-05-29T17:19:43","date_gmt":"2023-05-29T20:19:43","guid":{"rendered":"http:\/\/localhost\/delcerroceramica\/?post_type=product&#038;p=1268"},"modified":"2023-05-29T17:23:40","modified_gmt":"2023-05-29T20:23:40","slug":"macetero-pinceladas","status":"publish","type":"product","link":"https:\/\/delcerroceramica.cl\/en\/product\/macetero-pinceladas\/","title":{"rendered":"Macetero pinceladas"},"content":{"rendered":"<p>Macetero de cer\u00e1mica gres hecho a mano, construido con la t\u00e9cnica de torno cer\u00e1mico, y esmalte celeste aplicado con pincel, formulado en el taller.<\/p>\n<p>Quemado en horno a gas.<\/p>\n<p>Mide aproximadamente 8 cent\u00edmetros de di\u00e1metro y 9,5 cent\u00edmetros de alto.<\/p>","protected":false},"excerpt":{"rendered":"<p>Macetero pinceladas torneado<\/p>","protected":false},"featured_media":1321,"comment_status":"closed","ping_status":"closed","template":"","meta":[],"product_brand":[],"product_cat":[27],"product_tag":[43,44],"class_list":{"0":"post-1268","1":"product","2":"type-product","3":"status-publish","4":"has-post-thumbnail","6":"product_cat-para-plantar","7":"product_tag-macetero","8":"product_tag-torno","10":"first","11":"instock","12":"shipping-taxable","13":"purchasable","14":"product-type-simple"},"_links":{"self":[{"href":"https:\/\/delcerroceramica.cl\/en\/wp-json\/wp\/v2\/product\/1268","targetHints":{"allow":["GET"]}}],"collection":[{"href":"https:\/\/delcerroceramica.cl\/en\/wp-json\/wp\/v2\/product"}],"about":[{"href":"https:\/\/delcerroceramica.cl\/en\/wp-json\/wp\/v2\/types\/product"}],"replies":[{"embeddable":true,"href":"https:\/\/delcerroceramica.cl\/en\/wp-json\/wp\/v2\/comments?post=1268"}],"wp:featuredmedia":[{"embeddable":true,"href":"https:\/\/delcerroceramica.cl\/en\/wp-json\/wp\/v2\/media\/1321"}],"wp:attachment":[{"href":"https:\/\/delcerroceramica.cl\/en\/wp-json\/wp\/v2\/media?parent=1268"}],"wp:term":[{"taxonomy":"product_brand","embeddable":true,"href":"https:\/\/delcerroceramica.cl\/en\/wp-json\/wp\/v2\/product_brand?post=1268"},{"taxonomy":"product_cat","embeddable":true,"href":"https:\/\/delcerroceramica.cl\/en\/wp-json\/wp\/v2\/product_cat?post=1268"},{"taxonomy":"product_tag","embeddable":true,"href":"https:\/\/delcerroceramica.cl\/en\/wp-json\/wp\/v2\/product_tag?post=1268"}],"curies":[{"name":"wp","href":"https:\/\/api.w.org\/{rel}","templated":true}]}}