{"id":1863,"date":"2023-08-18T18:57:44","date_gmt":"2023-08-18T21:57:44","guid":{"rendered":"https:\/\/delcerroceramica.cl\/?post_type=product&#038;p=1863"},"modified":"2023-08-18T18:57:44","modified_gmt":"2023-08-18T21:57:44","slug":"frasco-engobe-bustamante-2","status":"publish","type":"product","link":"https:\/\/delcerroceramica.cl\/en\/product\/frasco-engobe-bustamante-2\/","title":{"rendered":"Frasco engobe Bustamante 2"},"content":{"rendered":"<p>Frasco de cer\u00e1mica gres hecho a mano, con la t\u00e9cnica de torno cer\u00e1mico y tapa de madera en torno de madera. Tiene aplicaci\u00f3n de engobe en estado de cuero, y esmalte transparente, ambos fueron preparados en el taller, el engobe a partir de arcilla del Cerro Bustamante, donde se encuentra el taller y el esmalte formulado para alta temperatura, y quemados en horno cer\u00e1mico a gas.<\/p>\n<p>Aproximadamente mide 11 cent\u00edmetros de di\u00e1metro y 8,5 cent\u00edmetros de alto la cer\u00e1mica, y con la tapa de madera, la altura son 11,5 cent\u00edmetros.<\/p>\n<p>La tapa tiene un sello Rubio Monocoat, producto org\u00e1nico y certificado para uso en alimentos.<\/p>\n<p>Es importante no someterla a cambios bruscos de temperatura, como introducirla en el freezer u horno. Es altamente resistente en el uso diario, se puede lavar en lavavajillas y meter en el microondas.<\/p>","protected":false},"excerpt":{"rendered":"<p>Frasco torneado con aplicaci\u00f3n de engobe, esmalte transparente y tapa de madera.<\/p>","protected":false},"featured_media":1868,"comment_status":"open","ping_status":"closed","template":"","meta":[],"product_brand":[],"product_cat":[38],"product_tag":[54,74,44],"class_list":{"0":"post-1863","1":"product","2":"type-product","3":"status-publish","4":"has-post-thumbnail","6":"product_cat-para-guardar","7":"product_tag-frasco","8":"product_tag-tapa-madera","9":"product_tag-torno","11":"first","12":"instock","13":"shipping-taxable","14":"purchasable","15":"product-type-simple"},"_links":{"self":[{"href":"https:\/\/delcerroceramica.cl\/en\/wp-json\/wp\/v2\/product\/1863","targetHints":{"allow":["GET"]}}],"collection":[{"href":"https:\/\/delcerroceramica.cl\/en\/wp-json\/wp\/v2\/product"}],"about":[{"href":"https:\/\/delcerroceramica.cl\/en\/wp-json\/wp\/v2\/types\/product"}],"replies":[{"embeddable":true,"href":"https:\/\/delcerroceramica.cl\/en\/wp-json\/wp\/v2\/comments?post=1863"}],"wp:featuredmedia":[{"embeddable":true,"href":"https:\/\/delcerroceramica.cl\/en\/wp-json\/wp\/v2\/media\/1868"}],"wp:attachment":[{"href":"https:\/\/delcerroceramica.cl\/en\/wp-json\/wp\/v2\/media?parent=1863"}],"wp:term":[{"taxonomy":"product_brand","embeddable":true,"href":"https:\/\/delcerroceramica.cl\/en\/wp-json\/wp\/v2\/product_brand?post=1863"},{"taxonomy":"product_cat","embeddable":true,"href":"https:\/\/delcerroceramica.cl\/en\/wp-json\/wp\/v2\/product_cat?post=1863"},{"taxonomy":"product_tag","embeddable":true,"href":"https:\/\/delcerroceramica.cl\/en\/wp-json\/wp\/v2\/product_tag?post=1863"}],"curies":[{"name":"wp","href":"https:\/\/api.w.org\/{rel}","templated":true}]}}