{"id":1984,"date":"2023-08-23T17:13:39","date_gmt":"2023-08-23T20:13:39","guid":{"rendered":"https:\/\/delcerroceramica.cl\/?post_type=product&#038;p=1984"},"modified":"2023-08-23T18:08:16","modified_gmt":"2023-08-23T21:08:16","slug":"huevo-raku-pinceladas-rosa","status":"publish","type":"product","link":"https:\/\/delcerroceramica.cl\/en\/product\/huevo-raku-pinceladas-rosa\/","title":{"rendered":"Huevo Raku pinceladas rosa"},"content":{"rendered":"<p>Esta pieza fue construida en torno cer\u00e1mico, en estado de cuero fue bru\u00f1ida, con aplicaci\u00f3n de engobe coloideal o tambi\u00e9n llamado Tierra Sigilata, la que fue preparada en el taller, tiene 4 manos de engobe coloideal blanco y al final unas pinceladas con engobe coloideal con \u00f3xido de cobre.<\/p>\n<p>Quemado en horno a gas con la t\u00e9cnica Raku, \u00e9sta consiste en abrir el horno a los 1000\u00baC de temperatura, sufriendo un choque t\u00e9rmico de al menos 970\u00baC \u00a0por el cambio de temperatura entre el interior del horno y el ambiente. Las piezas son tomadas con pinzas de fierro e introducidas en un tarro met\u00e1lico con aserr\u00edn y se le agrega m\u00e1s aserr\u00edn sobre la pieza, \u00e9sta se enciende, luego es tapado para que se ahogue ese fuego, y suceda una reducci\u00f3n de ox\u00edgeno tanto del cuerpo de la pieza como en su esmalte, surgiendo diferentes tonos.<\/p>\n<p>Por lo anterior, se explica el tono rosa de las pinceladas, porque el \u00f3xido de cobre presente en el engobe coloideal entrega el ox\u00edgeno cambiando as\u00ed de color verde a rosa. En este mismo sentido se \u00a0se puede apreciar pinceladas suaves de verde porque no ocurri\u00f3 reducci\u00f3n de ox\u00edgeno en el cobre.<\/p>\n<p>Este tipo de quema no se pueden asegurar los resultados, tanto el craquelado del esmalte como el ahumado de la pasta.<\/p>\n<p>Dimensiones 8,5 cent\u00edmetros di\u00e1metro y 11,5 cent\u00edmetros de alto.<\/p>\n<p>El uso de la pieza es decorativo, no utilitario.<\/p>","protected":false},"excerpt":{"rendered":"<p>Huevo Raku pinceladas rosa<\/p>","protected":false},"featured_media":1988,"comment_status":"closed","ping_status":"closed","template":"","meta":[],"product_brand":[],"product_cat":[53],"product_tag":[56,44],"class_list":{"0":"post-1984","1":"product","2":"type-product","3":"status-publish","4":"has-post-thumbnail","6":"product_cat-para-mirar","7":"product_tag-raku","8":"product_tag-torno","10":"first","11":"instock","12":"shipping-taxable","13":"purchasable","14":"product-type-simple"},"_links":{"self":[{"href":"https:\/\/delcerroceramica.cl\/en\/wp-json\/wp\/v2\/product\/1984","targetHints":{"allow":["GET"]}}],"collection":[{"href":"https:\/\/delcerroceramica.cl\/en\/wp-json\/wp\/v2\/product"}],"about":[{"href":"https:\/\/delcerroceramica.cl\/en\/wp-json\/wp\/v2\/types\/product"}],"replies":[{"embeddable":true,"href":"https:\/\/delcerroceramica.cl\/en\/wp-json\/wp\/v2\/comments?post=1984"}],"wp:featuredmedia":[{"embeddable":true,"href":"https:\/\/delcerroceramica.cl\/en\/wp-json\/wp\/v2\/media\/1988"}],"wp:attachment":[{"href":"https:\/\/delcerroceramica.cl\/en\/wp-json\/wp\/v2\/media?parent=1984"}],"wp:term":[{"taxonomy":"product_brand","embeddable":true,"href":"https:\/\/delcerroceramica.cl\/en\/wp-json\/wp\/v2\/product_brand?post=1984"},{"taxonomy":"product_cat","embeddable":true,"href":"https:\/\/delcerroceramica.cl\/en\/wp-json\/wp\/v2\/product_cat?post=1984"},{"taxonomy":"product_tag","embeddable":true,"href":"https:\/\/delcerroceramica.cl\/en\/wp-json\/wp\/v2\/product_tag?post=1984"}],"curies":[{"name":"wp","href":"https:\/\/api.w.org\/{rel}","templated":true}]}}