{"id":1993,"date":"2023-08-23T18:02:09","date_gmt":"2023-08-23T21:02:09","guid":{"rendered":"https:\/\/delcerroceramica.cl\/?post_type=product&#038;p=1993"},"modified":"2023-08-23T18:07:12","modified_gmt":"2023-08-23T21:07:12","slug":"huevo-raku-rosa","status":"publish","type":"product","link":"https:\/\/delcerroceramica.cl\/en\/product\/huevo-raku-rosa\/","title":{"rendered":"Huevo Raku rosa"},"content":{"rendered":"<p>Esta pieza fue construida en torno cer\u00e1mico, en estado de cuero fue bru\u00f1ida, con aplicaci\u00f3n de engobe coloideal o tambi\u00e9n llamado Tierra Sigilata, la que fue preparada en el taller, tiene 4 manos de engobe coloideal blanco y al final una aplicaci\u00f3n completa con engobe coloideal al que le agregu\u00e9 \u00f3xido de cobre.<\/p>\n<p>Quemado en horno a gas con la t\u00e9cnica Raku, \u00e9sta consiste en abrir el horno a los 1000\u00baC de temperatura, sufriendo un choque t\u00e9rmico de al menos 970\u00baC \u00a0por el cambio de temperatura entre el interior del horno y el ambiente. Las piezas son tomadas con pinzas de fierro e introducidas en un tarro met\u00e1lico con aserr\u00edn y se le agrega m\u00e1s aserr\u00edn sobre la pieza, \u00e9sta se enciende, luego es tapado para que se ahogue ese fuego, y suceda una reducci\u00f3n de ox\u00edgeno tanto del cuerpo de la pieza como en su esmalte, surgiendo diferentes tonos.<\/p>\n<p>Por lo anterior, se explica el tono rosa de la pieza, porque el \u00f3xido de cobre presente en el engobe coloideal entrega el ox\u00edgeno cambiando as\u00ed de color verde a rosa. En este mismo sentido se \u00a0se puede apreciar un suave tono verde porque no ocurri\u00f3 reducci\u00f3n de ox\u00edgeno en el cobre en esas zonas.<\/p>\n<p>Este tipo de quema no se pueden asegurar los resultados, tanto el craquelado del esmalte como el ahumado de la pasta.<\/p>\n<p>Dimensiones 8,5 cent\u00edmetros di\u00e1metro y 12 cent\u00edmetros de alto.<\/p>\n<p>El uso de la pieza es decorativo, no utilitario.<\/p>","protected":false},"excerpt":{"rendered":"<p>Huevo Raku rosa<\/p>","protected":false},"featured_media":1994,"comment_status":"closed","ping_status":"closed","template":"","meta":[],"product_brand":[],"product_cat":[53],"product_tag":[56,44],"class_list":{"0":"post-1993","1":"product","2":"type-product","3":"status-publish","4":"has-post-thumbnail","6":"product_cat-para-mirar","7":"product_tag-raku","8":"product_tag-torno","10":"first","11":"instock","12":"shipping-taxable","13":"purchasable","14":"product-type-simple"},"_links":{"self":[{"href":"https:\/\/delcerroceramica.cl\/en\/wp-json\/wp\/v2\/product\/1993","targetHints":{"allow":["GET"]}}],"collection":[{"href":"https:\/\/delcerroceramica.cl\/en\/wp-json\/wp\/v2\/product"}],"about":[{"href":"https:\/\/delcerroceramica.cl\/en\/wp-json\/wp\/v2\/types\/product"}],"replies":[{"embeddable":true,"href":"https:\/\/delcerroceramica.cl\/en\/wp-json\/wp\/v2\/comments?post=1993"}],"wp:featuredmedia":[{"embeddable":true,"href":"https:\/\/delcerroceramica.cl\/en\/wp-json\/wp\/v2\/media\/1994"}],"wp:attachment":[{"href":"https:\/\/delcerroceramica.cl\/en\/wp-json\/wp\/v2\/media?parent=1993"}],"wp:term":[{"taxonomy":"product_brand","embeddable":true,"href":"https:\/\/delcerroceramica.cl\/en\/wp-json\/wp\/v2\/product_brand?post=1993"},{"taxonomy":"product_cat","embeddable":true,"href":"https:\/\/delcerroceramica.cl\/en\/wp-json\/wp\/v2\/product_cat?post=1993"},{"taxonomy":"product_tag","embeddable":true,"href":"https:\/\/delcerroceramica.cl\/en\/wp-json\/wp\/v2\/product_tag?post=1993"}],"curies":[{"name":"wp","href":"https:\/\/api.w.org\/{rel}","templated":true}]}}