{"id":2003,"date":"2023-08-23T18:30:39","date_gmt":"2023-08-23T21:30:39","guid":{"rendered":"https:\/\/delcerroceramica.cl\/?post_type=product&#038;p=2003"},"modified":"2023-08-23T19:01:13","modified_gmt":"2023-08-23T22:01:13","slug":"vasos-raku","status":"publish","type":"product","link":"https:\/\/delcerroceramica.cl\/en\/product\/vasos-raku\/","title":{"rendered":"Vasos Raku"},"content":{"rendered":"<p>Estos vasos Raku fueron pensado para ser usados como objeto de decoraci\u00f3n o en ocasiones especiales para la ceremonia del T\u00e9.<\/p>\n<p>Fueron modelados mediante pellizco, en estado de cuero bru\u00f1idos, con aplicaci\u00f3n de engobe coloideal o tambi\u00e9n llamado Tierra Sigilata, la que fue preparada en el taller, tiene 4 manos de engobe coloideal blanco aplicado con pincel.<\/p>\n<p>Quemado en horno a gas con la t\u00e9cnica Raku, \u00e9sta consiste en abrir el horno a los 1000\u00baC de temperatura, sufriendo un choque t\u00e9rmico de al menos 970\u00baC \u00a0por el cambio de temperatura entre el interior del horno y el ambiente. Las piezas son tomadas con pinzas de fierro e introducidas en un tarro met\u00e1lico con aserr\u00edn y se le agrega m\u00e1s aserr\u00edn sobre la pieza, \u00e9sta se enciende, luego es tapado para que se ahogue ese fuego, y suceda una reducci\u00f3n de ox\u00edgeno tanto del cuerpo de la pieza como en su esmalte, surgiendo diferentes tonos.<\/p>\n<p>Este tipo de quema no se pueden asegurar los resultados, tanto el craquelado del esmalte como el ahumado de la pasta.<\/p>\n<p>Dimensiones aproximadas 7 cent\u00edmetros di\u00e1metro y 7 cent\u00edmetros de alto.<\/p>\n<p>El uso de la pieza es decorativo.<\/p>","protected":false},"excerpt":{"rendered":"<p>Vaso Raku modelado, para la ceremonia del t\u00e9.<\/p>","protected":false},"featured_media":2011,"comment_status":"closed","ping_status":"closed","template":"","meta":[],"product_brand":[],"product_cat":[53],"product_tag":[48,56,70],"class_list":{"0":"post-2003","1":"product","2":"type-product","3":"status-publish","4":"has-post-thumbnail","6":"product_cat-para-mirar","7":"product_tag-modelado","8":"product_tag-raku","9":"product_tag-vaso","11":"first","12":"instock","13":"shipping-taxable","14":"purchasable","15":"product-type-variable"},"_links":{"self":[{"href":"https:\/\/delcerroceramica.cl\/en\/wp-json\/wp\/v2\/product\/2003","targetHints":{"allow":["GET"]}}],"collection":[{"href":"https:\/\/delcerroceramica.cl\/en\/wp-json\/wp\/v2\/product"}],"about":[{"href":"https:\/\/delcerroceramica.cl\/en\/wp-json\/wp\/v2\/types\/product"}],"replies":[{"embeddable":true,"href":"https:\/\/delcerroceramica.cl\/en\/wp-json\/wp\/v2\/comments?post=2003"}],"wp:featuredmedia":[{"embeddable":true,"href":"https:\/\/delcerroceramica.cl\/en\/wp-json\/wp\/v2\/media\/2011"}],"wp:attachment":[{"href":"https:\/\/delcerroceramica.cl\/en\/wp-json\/wp\/v2\/media?parent=2003"}],"wp:term":[{"taxonomy":"product_brand","embeddable":true,"href":"https:\/\/delcerroceramica.cl\/en\/wp-json\/wp\/v2\/product_brand?post=2003"},{"taxonomy":"product_cat","embeddable":true,"href":"https:\/\/delcerroceramica.cl\/en\/wp-json\/wp\/v2\/product_cat?post=2003"},{"taxonomy":"product_tag","embeddable":true,"href":"https:\/\/delcerroceramica.cl\/en\/wp-json\/wp\/v2\/product_tag?post=2003"}],"curies":[{"name":"wp","href":"https:\/\/api.w.org\/{rel}","templated":true}]}}