{"id":2062,"date":"2023-11-10T22:14:39","date_gmt":"2023-11-11T01:14:39","guid":{"rendered":"https:\/\/delcerroceramica.cl\/?post_type=product&#038;p=2062"},"modified":"2025-04-23T21:59:52","modified_gmt":"2025-04-24T00:59:52","slug":"guardian-gris","status":"publish","type":"product","link":"https:\/\/delcerroceramica.cl\/en\/product\/guardian-gris\/","title":{"rendered":"Guardi\u00e1n Isabel"},"content":{"rendered":"<p>Guardi\u00e1n Isabel, es el primero de una serie de 3 piezas, que hice para una exposici\u00f3n con la tem\u00e1tica cuerpo humano, fue un desaf\u00edo, llegar a esto, dado que mi trabajo es mayoritariamente utilitario, y decorativo con las piezas de raku. Me bas\u00e9 en los guardianes que hago para custodiar las horneadas, especialmente en los de 3 patas.<\/p>\n<p>Fue modelado mediante colomb\u00edn utilizando pasta importada Gris Montesa, tiene aplicaci\u00f3n de tri\u00f3xido de manganeso en los pliegues para dar mayor profundidad. Quemado en horno a gas a 1260 \u00baC.<\/p>\n<p>Mide 40 cm de alto.<\/p>","protected":false},"excerpt":{"rendered":"<p>Guardi\u00e1n Gris de 40 cm de alto<\/p>","protected":false},"featured_media":2065,"comment_status":"open","ping_status":"closed","template":"","meta":[],"product_brand":[],"product_cat":[53],"product_tag":[81],"class_list":{"0":"post-2062","1":"product","2":"type-product","3":"status-publish","4":"has-post-thumbnail","6":"product_cat-para-mirar","7":"product_tag-guardian","9":"first","10":"instock","11":"shipping-taxable","12":"purchasable","13":"product-type-simple"},"_links":{"self":[{"href":"https:\/\/delcerroceramica.cl\/en\/wp-json\/wp\/v2\/product\/2062","targetHints":{"allow":["GET"]}}],"collection":[{"href":"https:\/\/delcerroceramica.cl\/en\/wp-json\/wp\/v2\/product"}],"about":[{"href":"https:\/\/delcerroceramica.cl\/en\/wp-json\/wp\/v2\/types\/product"}],"replies":[{"embeddable":true,"href":"https:\/\/delcerroceramica.cl\/en\/wp-json\/wp\/v2\/comments?post=2062"}],"wp:featuredmedia":[{"embeddable":true,"href":"https:\/\/delcerroceramica.cl\/en\/wp-json\/wp\/v2\/media\/2065"}],"wp:attachment":[{"href":"https:\/\/delcerroceramica.cl\/en\/wp-json\/wp\/v2\/media?parent=2062"}],"wp:term":[{"taxonomy":"product_brand","embeddable":true,"href":"https:\/\/delcerroceramica.cl\/en\/wp-json\/wp\/v2\/product_brand?post=2062"},{"taxonomy":"product_cat","embeddable":true,"href":"https:\/\/delcerroceramica.cl\/en\/wp-json\/wp\/v2\/product_cat?post=2062"},{"taxonomy":"product_tag","embeddable":true,"href":"https:\/\/delcerroceramica.cl\/en\/wp-json\/wp\/v2\/product_tag?post=2062"}],"curies":[{"name":"wp","href":"https:\/\/api.w.org\/{rel}","templated":true}]}}