{"id":2295,"date":"2023-11-17T10:22:41","date_gmt":"2023-11-17T13:22:41","guid":{"rendered":"https:\/\/delcerroceramica.cl\/?post_type=product&#038;p=2295"},"modified":"2024-01-03T16:16:38","modified_gmt":"2024-01-03T19:16:38","slug":"roja-baja","status":"publish","type":"product","link":"https:\/\/delcerroceramica.cl\/en\/product\/roja-baja\/","title":{"rendered":"Roja Raku"},"content":{"rendered":"<p>Vasija torneada con pasta roja nacional y aplicaci\u00f3n de esmalte transparente, quemada en raku, un ejercicio de prueba de la pasta para la quema raku, \u00e9sta fue la \u00fanica que no se triz\u00f3, desde ahora ya sabemos que debemos agregar alg\u00fan estructurante que permita soportar el choque t\u00e9rmico, los que pueden ser el talco, chamote o arena de r\u00edo lavada, cualquiera no m\u00e1s de un 10% del peso.<\/p>\n<p>As\u00ed que esta pieza es una sobreviviente, por eso me encanta. Adem\u00e1s, la pasta roja por tener un alto contenido de fierro en su composici\u00f3n la carbonizaci\u00f3n es sumamente intensa y metalizada, ver la foto de la base, ah\u00ed se aprecia.<\/p>\n<p>Quemado en horno a gas con la t\u00e9cnica Raku, \u00e9sta consiste en abrir el horno a los 1000\u00baC de temperatura, sufriendo un choque t\u00e9rmico de al menos 970\u00baC \u00a0por el cambio de temperatura entre el interior del horno y el ambiente. Las piezas son tomadas con pinzas de fierro e introducidas en un tarro met\u00e1lico con aserr\u00edn y se le agrega m\u00e1s aserr\u00edn sobre la pieza, \u00e9sta se enciende, luego es tapado para que se ahogue ese fuego, y suceda una reducci\u00f3n de ox\u00edgeno tanto del cuerpo de la pieza como en su esmalte, surgiendo diferentes tonos.<\/p>\n<p>Este tipo de quema no se pueden asegurar los resultados, tanto el craquelado del esmalte como el ahumado de la pasta.<\/p>\n<p>Dimensiones aproximadas 9 cm di\u00e1metro y 9 cm de alto.<\/p>","protected":false},"excerpt":{"rendered":"<p>Vasija raku de pasta roja nacional de baja temperatura.<\/p>","protected":false},"featured_media":2261,"comment_status":"open","ping_status":"closed","template":"","meta":[],"product_brand":[],"product_cat":[53],"product_tag":[56,44,91],"class_list":{"0":"post-2295","1":"product","2":"type-product","3":"status-publish","4":"has-post-thumbnail","6":"product_cat-para-mirar","7":"product_tag-raku","8":"product_tag-torno","9":"product_tag-vasija","11":"first","12":"instock","13":"shipping-taxable","14":"purchasable","15":"product-type-simple"},"_links":{"self":[{"href":"https:\/\/delcerroceramica.cl\/en\/wp-json\/wp\/v2\/product\/2295","targetHints":{"allow":["GET"]}}],"collection":[{"href":"https:\/\/delcerroceramica.cl\/en\/wp-json\/wp\/v2\/product"}],"about":[{"href":"https:\/\/delcerroceramica.cl\/en\/wp-json\/wp\/v2\/types\/product"}],"replies":[{"embeddable":true,"href":"https:\/\/delcerroceramica.cl\/en\/wp-json\/wp\/v2\/comments?post=2295"}],"wp:featuredmedia":[{"embeddable":true,"href":"https:\/\/delcerroceramica.cl\/en\/wp-json\/wp\/v2\/media\/2261"}],"wp:attachment":[{"href":"https:\/\/delcerroceramica.cl\/en\/wp-json\/wp\/v2\/media?parent=2295"}],"wp:term":[{"taxonomy":"product_brand","embeddable":true,"href":"https:\/\/delcerroceramica.cl\/en\/wp-json\/wp\/v2\/product_brand?post=2295"},{"taxonomy":"product_cat","embeddable":true,"href":"https:\/\/delcerroceramica.cl\/en\/wp-json\/wp\/v2\/product_cat?post=2295"},{"taxonomy":"product_tag","embeddable":true,"href":"https:\/\/delcerroceramica.cl\/en\/wp-json\/wp\/v2\/product_tag?post=2295"}],"curies":[{"name":"wp","href":"https:\/\/api.w.org\/{rel}","templated":true}]}}