{"id":2299,"date":"2023-11-17T10:54:37","date_gmt":"2023-11-17T13:54:37","guid":{"rendered":"https:\/\/delcerroceramica.cl\/?post_type=product&#038;p=2299"},"modified":"2023-11-17T11:14:23","modified_gmt":"2023-11-17T14:14:23","slug":"pocillo-reina-victoria","status":"publish","type":"product","link":"https:\/\/delcerroceramica.cl\/en\/product\/pocillo-reina-victoria\/","title":{"rendered":"Pocillo reina Victoria"},"content":{"rendered":"<p>Pocillo construido en torno cer\u00e1mico, con pasta tostada nacional, con aplicaci\u00f3n de Tierra Sigilata anaranjada en estado de cuero y esmalte transparente. Le llamamos reina Victoria a la Tierra Sigilata anaranjada.<\/p>\n<p>Quemado en horno a gas con la t\u00e9cnica Raku, \u00e9sta consiste en abrir el horno a los 1000\u00baC de temperatura, sufriendo un choque t\u00e9rmico de al menos 970\u00baC \u00a0por el cambio de temperatura entre el interior del horno y el ambiente. Las piezas son tomadas con pinzas de fierro e introducidas en un tarro met\u00e1lico con aserr\u00edn y se le agrega m\u00e1s aserr\u00edn sobre la pieza, \u00e9sta se enciende, luego es tapado para que se ahogue ese fuego, y suceda una reducci\u00f3n de ox\u00edgeno tanto del cuerpo de la pieza como en su esmalte, surgiendo diferentes tonos.<\/p>\n<p>Este tipo de quema no se pueden asegurar los resultados, tanto el craquelado del esmalte como el ahumado de la pasta.<\/p>\n<p>Est\u00e1 con descuento, porque se le peg\u00f3 un cono pirom\u00e9trico durante la quema.<\/p>\n<p>Dimensiones 16,5 cm di\u00e1metro y 5 altura.<\/p>","protected":false},"excerpt":{"rendered":"<p>Pocillo raku, torneado con pasta tostada, aplicaci\u00f3n de sigilata blanca y esmalte transparente.<\/p>","protected":false},"featured_media":2257,"comment_status":"open","ping_status":"closed","template":"","meta":[],"product_brand":[],"product_cat":[39,53],"product_tag":[49,56,44],"class_list":{"0":"post-2299","1":"product","2":"type-product","3":"status-publish","4":"has-post-thumbnail","6":"product_cat-ofertas","7":"product_cat-para-mirar","8":"product_tag-pocillo","9":"product_tag-raku","10":"product_tag-torno","12":"first","13":"instock","14":"sale","15":"shipping-taxable","16":"purchasable","17":"product-type-simple"},"_links":{"self":[{"href":"https:\/\/delcerroceramica.cl\/en\/wp-json\/wp\/v2\/product\/2299","targetHints":{"allow":["GET"]}}],"collection":[{"href":"https:\/\/delcerroceramica.cl\/en\/wp-json\/wp\/v2\/product"}],"about":[{"href":"https:\/\/delcerroceramica.cl\/en\/wp-json\/wp\/v2\/types\/product"}],"replies":[{"embeddable":true,"href":"https:\/\/delcerroceramica.cl\/en\/wp-json\/wp\/v2\/comments?post=2299"}],"wp:featuredmedia":[{"embeddable":true,"href":"https:\/\/delcerroceramica.cl\/en\/wp-json\/wp\/v2\/media\/2257"}],"wp:attachment":[{"href":"https:\/\/delcerroceramica.cl\/en\/wp-json\/wp\/v2\/media?parent=2299"}],"wp:term":[{"taxonomy":"product_brand","embeddable":true,"href":"https:\/\/delcerroceramica.cl\/en\/wp-json\/wp\/v2\/product_brand?post=2299"},{"taxonomy":"product_cat","embeddable":true,"href":"https:\/\/delcerroceramica.cl\/en\/wp-json\/wp\/v2\/product_cat?post=2299"},{"taxonomy":"product_tag","embeddable":true,"href":"https:\/\/delcerroceramica.cl\/en\/wp-json\/wp\/v2\/product_tag?post=2299"}],"curies":[{"name":"wp","href":"https:\/\/api.w.org\/{rel}","templated":true}]}}