{"id":2707,"date":"2024-01-03T16:36:13","date_gmt":"2024-01-03T19:36:13","guid":{"rendered":"https:\/\/delcerroceramica.cl\/?post_type=product&#038;p=2707"},"modified":"2024-01-03T16:41:15","modified_gmt":"2024-01-03T19:41:15","slug":"esfera-raku-planetaria","status":"publish","type":"product","link":"https:\/\/delcerroceramica.cl\/en\/product\/esfera-raku-planetaria\/","title":{"rendered":"Esfera raku planetaria"},"content":{"rendered":"<p>Esfera modelada mediante colomb\u00edn, con aplicaci\u00f3n de esmalte blanco y verde, que contiene \u00f3xido de cobre, quemada en horno de raku.<\/p>\n<p>Interesante por la reducci\u00f3n de ox\u00edgeno parcial que presenta el cobre, donde transita entre el verde, pasa por el violeta y el rojo met\u00e1lico intenso.<\/p>\n<p>Quemado en horno a gas con la t\u00e9cnica Raku, \u00e9sta consiste en abrir el horno a los 1000\u00baC de temperatura, sufriendo un choque t\u00e9rmico de al menos 970\u00baC \u00a0por el cambio de temperatura entre el interior del horno y el ambiente. Las piezas son tomadas con pinzas de fierro e introducidas en un tarro met\u00e1lico con aserr\u00edn y se le agrega m\u00e1s aserr\u00edn sobre la pieza, \u00e9sta se enciende, luego es tapado para que se ahogue ese fuego, y suceda una reducci\u00f3n de ox\u00edgeno tanto del cuerpo de la pieza como en su esmalte, surgiendo diferentes tonos.<\/p>\n<p>Este tipo de quema no se pueden asegurar los resultados, tanto el craquelado del esmalte como el ahumado de la pasta.<\/p>\n<p>Dimensiones 11 cm di\u00e1metro.<\/p>","protected":false},"excerpt":{"rendered":"<p>Esfera raku reducci\u00f3n parcial<\/p>","protected":false},"featured_media":2676,"comment_status":"open","ping_status":"closed","template":"","meta":[],"product_brand":[],"product_cat":[53],"product_tag":[88,56,44],"class_list":{"0":"post-2707","1":"product","2":"type-product","3":"status-publish","4":"has-post-thumbnail","6":"product_cat-para-mirar","7":"product_tag-esfera","8":"product_tag-raku","9":"product_tag-torno","11":"first","12":"instock","13":"shipping-taxable","14":"purchasable","15":"product-type-simple"},"_links":{"self":[{"href":"https:\/\/delcerroceramica.cl\/en\/wp-json\/wp\/v2\/product\/2707","targetHints":{"allow":["GET"]}}],"collection":[{"href":"https:\/\/delcerroceramica.cl\/en\/wp-json\/wp\/v2\/product"}],"about":[{"href":"https:\/\/delcerroceramica.cl\/en\/wp-json\/wp\/v2\/types\/product"}],"replies":[{"embeddable":true,"href":"https:\/\/delcerroceramica.cl\/en\/wp-json\/wp\/v2\/comments?post=2707"}],"wp:featuredmedia":[{"embeddable":true,"href":"https:\/\/delcerroceramica.cl\/en\/wp-json\/wp\/v2\/media\/2676"}],"wp:attachment":[{"href":"https:\/\/delcerroceramica.cl\/en\/wp-json\/wp\/v2\/media?parent=2707"}],"wp:term":[{"taxonomy":"product_brand","embeddable":true,"href":"https:\/\/delcerroceramica.cl\/en\/wp-json\/wp\/v2\/product_brand?post=2707"},{"taxonomy":"product_cat","embeddable":true,"href":"https:\/\/delcerroceramica.cl\/en\/wp-json\/wp\/v2\/product_cat?post=2707"},{"taxonomy":"product_tag","embeddable":true,"href":"https:\/\/delcerroceramica.cl\/en\/wp-json\/wp\/v2\/product_tag?post=2707"}],"curies":[{"name":"wp","href":"https:\/\/api.w.org\/{rel}","templated":true}]}}