{"id":2891,"date":"2024-03-28T17:10:25","date_gmt":"2024-03-28T20:10:25","guid":{"rendered":"https:\/\/delcerroceramica.cl\/?post_type=product&#038;p=2891"},"modified":"2026-04-02T13:39:34","modified_gmt":"2026-04-02T16:39:34","slug":"frasco-raku-tapa-de-madera","status":"publish","type":"product","link":"https:\/\/delcerroceramica.cl\/en\/product\/frasco-raku-tapa-de-madera\/","title":{"rendered":"Frasco Raku tapa de madera"},"content":{"rendered":"<p>Estos frascos Raku fueron pensados como objeto utilitario para ser usados como contenedor de alg\u00fan elemento importante o como objeto de decoraci\u00f3n.<\/p>\n<p>Fueron construidos mediante torno cer\u00e1mico, luego le rebaj\u00e9 franjas de pasta, en estado de cuero bru\u00f1idos.<\/p>\n<p>Quemado en horno a gas con la t\u00e9cnica Raku, \u00e9sta consiste en abrir el horno a los 1000\u00baC de temperatura, sufriendo un choque t\u00e9rmico de al menos 970\u00baC \u00a0por el cambio de temperatura entre el interior del horno y el ambiente. Las piezas son tomadas con pinzas de fierro e introducidas en un tarro met\u00e1lico con aserr\u00edn y se le agrega m\u00e1s aserr\u00edn sobre la pieza, \u00e9sta se enciende, luego es tapado para que se ahogue ese fuego, y suceda una reducci\u00f3n de ox\u00edgeno tanto del cuerpo de la pieza como en su esmalte, surgiendo diferentes tonos.<\/p>\n<p>Este tipo de quema no se pueden asegurar los resultados, tanto el craquelado del esmalte como el ahumado de la pasta.<\/p>\n<p>Dimensiones aproximadas 10 cent\u00edmetros di\u00e1metro y 10 cent\u00edmetros de alto, incluida la tapa.<\/p>\n<p>El uso de la pieza es decorativo.<\/p>","protected":false},"excerpt":{"rendered":"<p>Frasco raku con tapa madera.<\/p>","protected":false},"featured_media":2921,"comment_status":"closed","ping_status":"closed","template":"","meta":[],"product_brand":[],"product_cat":[38,53],"product_tag":[56,44,70],"class_list":{"0":"post-2891","1":"product","2":"type-product","3":"status-publish","4":"has-post-thumbnail","6":"product_cat-para-guardar","7":"product_cat-para-mirar","8":"product_tag-raku","9":"product_tag-torno","10":"product_tag-vaso","12":"first","13":"instock","14":"shipping-taxable","15":"purchasable","16":"product-type-variable"},"_links":{"self":[{"href":"https:\/\/delcerroceramica.cl\/en\/wp-json\/wp\/v2\/product\/2891","targetHints":{"allow":["GET"]}}],"collection":[{"href":"https:\/\/delcerroceramica.cl\/en\/wp-json\/wp\/v2\/product"}],"about":[{"href":"https:\/\/delcerroceramica.cl\/en\/wp-json\/wp\/v2\/types\/product"}],"replies":[{"embeddable":true,"href":"https:\/\/delcerroceramica.cl\/en\/wp-json\/wp\/v2\/comments?post=2891"}],"wp:featuredmedia":[{"embeddable":true,"href":"https:\/\/delcerroceramica.cl\/en\/wp-json\/wp\/v2\/media\/2921"}],"wp:attachment":[{"href":"https:\/\/delcerroceramica.cl\/en\/wp-json\/wp\/v2\/media?parent=2891"}],"wp:term":[{"taxonomy":"product_brand","embeddable":true,"href":"https:\/\/delcerroceramica.cl\/en\/wp-json\/wp\/v2\/product_brand?post=2891"},{"taxonomy":"product_cat","embeddable":true,"href":"https:\/\/delcerroceramica.cl\/en\/wp-json\/wp\/v2\/product_cat?post=2891"},{"taxonomy":"product_tag","embeddable":true,"href":"https:\/\/delcerroceramica.cl\/en\/wp-json\/wp\/v2\/product_tag?post=2891"}],"curies":[{"name":"wp","href":"https:\/\/api.w.org\/{rel}","templated":true}]}}