{"id":2899,"date":"2024-03-28T17:18:32","date_gmt":"2024-03-28T20:18:32","guid":{"rendered":"https:\/\/delcerroceramica.cl\/?post_type=product&#038;p=2899"},"modified":"2024-04-14T19:21:03","modified_gmt":"2024-04-14T22:21:03","slug":"frasco-globo-cafe","status":"publish","type":"product","link":"https:\/\/delcerroceramica.cl\/en\/product\/frasco-globo-cafe\/","title":{"rendered":"Frasco globo caf\u00e9"},"content":{"rendered":"<p>Frasco de cer\u00e1mica gres hecho a mano, con la t\u00e9cnica de torno cer\u00e1mico y tapa de madera en torno de madera. Tiene aplicaci\u00f3n de esmalte caf\u00e9 formulado para alta temperatura, y quemados en horno cer\u00e1mico a gas.<\/p>\n<p>Aproximadamente mide 10 cent\u00edmetros de di\u00e1metro y 11 cent\u00edmetros de alto la cer\u00e1mica, incluida la tapa de madera.<\/p>\n<p>La tapa tiene un sello Rubio Monocoat, producto org\u00e1nico y certificado para uso en alimentos.<\/p>\n<p>Es importante no someterla a cambios bruscos de temperatura, como introducirla en el freezer u horno. Es altamente resistente en el uso diario, se puede lavar en lavavajillas y meter en el microondas.<\/p>","protected":false},"excerpt":{"rendered":"<p>Frasco torneado con aplicaci\u00f3n de esmalte caf\u00e9.<\/p>","protected":false},"featured_media":2954,"comment_status":"open","ping_status":"closed","template":"","meta":[],"product_brand":[],"product_cat":[38],"product_tag":[54,74,44],"class_list":{"0":"post-2899","1":"product","2":"type-product","3":"status-publish","4":"has-post-thumbnail","6":"product_cat-para-guardar","7":"product_tag-frasco","8":"product_tag-tapa-madera","9":"product_tag-torno","11":"first","12":"instock","13":"shipping-taxable","14":"purchasable","15":"product-type-simple"},"_links":{"self":[{"href":"https:\/\/delcerroceramica.cl\/en\/wp-json\/wp\/v2\/product\/2899","targetHints":{"allow":["GET"]}}],"collection":[{"href":"https:\/\/delcerroceramica.cl\/en\/wp-json\/wp\/v2\/product"}],"about":[{"href":"https:\/\/delcerroceramica.cl\/en\/wp-json\/wp\/v2\/types\/product"}],"replies":[{"embeddable":true,"href":"https:\/\/delcerroceramica.cl\/en\/wp-json\/wp\/v2\/comments?post=2899"}],"wp:featuredmedia":[{"embeddable":true,"href":"https:\/\/delcerroceramica.cl\/en\/wp-json\/wp\/v2\/media\/2954"}],"wp:attachment":[{"href":"https:\/\/delcerroceramica.cl\/en\/wp-json\/wp\/v2\/media?parent=2899"}],"wp:term":[{"taxonomy":"product_brand","embeddable":true,"href":"https:\/\/delcerroceramica.cl\/en\/wp-json\/wp\/v2\/product_brand?post=2899"},{"taxonomy":"product_cat","embeddable":true,"href":"https:\/\/delcerroceramica.cl\/en\/wp-json\/wp\/v2\/product_cat?post=2899"},{"taxonomy":"product_tag","embeddable":true,"href":"https:\/\/delcerroceramica.cl\/en\/wp-json\/wp\/v2\/product_tag?post=2899"}],"curies":[{"name":"wp","href":"https:\/\/api.w.org\/{rel}","templated":true}]}}