{"id":3010,"date":"2024-06-18T21:11:34","date_gmt":"2024-06-19T00:11:34","guid":{"rendered":"https:\/\/delcerroceramica.cl\/?post_type=product&#038;p=3010"},"modified":"2025-07-02T17:03:53","modified_gmt":"2025-07-02T20:03:53","slug":"botella-raku-texturas","status":"publish","type":"product","link":"https:\/\/delcerroceramica.cl\/en\/product\/botella-raku-texturas\/","title":{"rendered":"Botella raku texturas"},"content":{"rendered":"<p>Esta pieza fue construida en torno cer\u00e1mico, con pasta nacional, que permite soportar el choque t\u00e9rmico, aplicaci\u00f3n de tierra sigilata blanca en estado de cuero y esmaltado con transparente para raku.<\/p>\n<p>Quemado en horno a gas con la t\u00e9cnica Raku, \u00e9sta consiste en abrir el horno a los 1000\u00baC de temperatura, sufriendo un choque t\u00e9rmico de al menos 970\u00baC \u00a0por el cambio de temperatura entre el interior del horno y el ambiente exterior. Las piezas son tomadas con pinzas de fierro e introducidas en un tarro met\u00e1lico con aserr\u00edn, al que se le agrega m\u00e1s aserr\u00edn sobre la pieza, \u00e9sta se enciende, luego se tapa para que el fuego sea ahogado, y suceda una reducci\u00f3n de ox\u00edgeno tanto del cuerpo de la pieza como en su esmalte, surgiendo diferentes tonos.<\/p>\n<p>Este tipo de quema no se pueden asegurar los resultados, tanto el craquelado del esmalte como el ahumado de la pasta.<\/p>\n<p>Dimensiones 23 cent\u00edmetros di\u00e1metro y 19 cent\u00edmetros de alto.<\/p>\n<p>El uso de la pieza es decorativo, no utilitario.<\/p>","protected":false},"excerpt":{"rendered":"<p>Botella raku blanca.<\/p>","protected":false},"featured_media":2993,"comment_status":"open","ping_status":"closed","template":"","meta":[],"product_brand":[],"product_cat":[53],"product_tag":[56,94,44],"class_list":{"0":"post-3010","1":"product","2":"type-product","3":"status-publish","4":"has-post-thumbnail","6":"product_cat-para-mirar","7":"product_tag-raku","8":"product_tag-tierra-sigilata","9":"product_tag-torno","11":"first","12":"outofstock","13":"shipping-taxable","14":"purchasable","15":"product-type-simple"},"_links":{"self":[{"href":"https:\/\/delcerroceramica.cl\/en\/wp-json\/wp\/v2\/product\/3010","targetHints":{"allow":["GET"]}}],"collection":[{"href":"https:\/\/delcerroceramica.cl\/en\/wp-json\/wp\/v2\/product"}],"about":[{"href":"https:\/\/delcerroceramica.cl\/en\/wp-json\/wp\/v2\/types\/product"}],"replies":[{"embeddable":true,"href":"https:\/\/delcerroceramica.cl\/en\/wp-json\/wp\/v2\/comments?post=3010"}],"wp:featuredmedia":[{"embeddable":true,"href":"https:\/\/delcerroceramica.cl\/en\/wp-json\/wp\/v2\/media\/2993"}],"wp:attachment":[{"href":"https:\/\/delcerroceramica.cl\/en\/wp-json\/wp\/v2\/media?parent=3010"}],"wp:term":[{"taxonomy":"product_brand","embeddable":true,"href":"https:\/\/delcerroceramica.cl\/en\/wp-json\/wp\/v2\/product_brand?post=3010"},{"taxonomy":"product_cat","embeddable":true,"href":"https:\/\/delcerroceramica.cl\/en\/wp-json\/wp\/v2\/product_cat?post=3010"},{"taxonomy":"product_tag","embeddable":true,"href":"https:\/\/delcerroceramica.cl\/en\/wp-json\/wp\/v2\/product_tag?post=3010"}],"curies":[{"name":"wp","href":"https:\/\/api.w.org\/{rel}","templated":true}]}}