{"id":3119,"date":"2024-06-21T13:41:20","date_gmt":"2024-06-21T16:41:20","guid":{"rendered":"https:\/\/delcerroceramica.cl\/?post_type=product&#038;p=3119"},"modified":"2024-06-21T14:24:03","modified_gmt":"2024-06-21T17:24:03","slug":"vaso-tecophilara-cynocrocus","status":"publish","type":"product","link":"https:\/\/delcerroceramica.cl\/en\/product\/vaso-tecophilara-cynocrocus\/","title":{"rendered":"Vaso Tecophilara cynocrocus"},"content":{"rendered":"<p>Vaso de cer\u00e1mica gres hecho a mano, en torno alfarero, con aplicaci\u00f3n de esmalte blanco moteado formulado en el taller, quemados en horno a gas para gres a 1260 \u00baC. Adicionalmente, tiene aplicaci\u00f3n de calco serigr\u00e1fico para cer\u00e1mica, realizados en el taller, a partir de ilustraciones de Marisol Abarca, basadas en flores nativas chilenas, proyecto conjunto con Ocholibros editores y editorial Fulgor.<\/p>\n<p>Conserva el calor si es temperado con agua caliente, y conserva el fr\u00edo si es enfriado con anticipaci\u00f3n con hielo o en el refrigerador.<\/p>\n<p>Es importante no someterlo a cambios bruscos de temperatura, como introducirlo en el freezer u horno. Es altamente resistente en el uso diario, se puede lavar en lavavajillas y meter en el microondas.<\/p>\n<p>Medidas aproximadas 100 ml, 6,5 cent\u00edmetros di\u00e1metro y 7,5 cent\u00edmetros de altura.<\/p>\n<p>El precio unitario es $ 6.000.-, si llevas el set de 6 vasos $ 30.000.-.<\/p>","protected":false},"excerpt":{"rendered":"<p>Vaso torneado con aplicaci\u00f3n de calco serigr\u00e1fico.<\/p>","protected":false},"featured_media":3106,"comment_status":"closed","ping_status":"closed","template":"","meta":[],"product_brand":[],"product_cat":[24],"product_tag":[95,44,70],"class_list":{"0":"post-3119","1":"product","2":"type-product","3":"status-publish","4":"has-post-thumbnail","6":"product_cat-vasos-y-mates","7":"product_tag-calco-serigrafico","8":"product_tag-torno","9":"product_tag-vaso","11":"first","12":"instock","13":"shipping-taxable","14":"purchasable","15":"product-type-variable"},"_links":{"self":[{"href":"https:\/\/delcerroceramica.cl\/en\/wp-json\/wp\/v2\/product\/3119","targetHints":{"allow":["GET"]}}],"collection":[{"href":"https:\/\/delcerroceramica.cl\/en\/wp-json\/wp\/v2\/product"}],"about":[{"href":"https:\/\/delcerroceramica.cl\/en\/wp-json\/wp\/v2\/types\/product"}],"replies":[{"embeddable":true,"href":"https:\/\/delcerroceramica.cl\/en\/wp-json\/wp\/v2\/comments?post=3119"}],"wp:featuredmedia":[{"embeddable":true,"href":"https:\/\/delcerroceramica.cl\/en\/wp-json\/wp\/v2\/media\/3106"}],"wp:attachment":[{"href":"https:\/\/delcerroceramica.cl\/en\/wp-json\/wp\/v2\/media?parent=3119"}],"wp:term":[{"taxonomy":"product_brand","embeddable":true,"href":"https:\/\/delcerroceramica.cl\/en\/wp-json\/wp\/v2\/product_brand?post=3119"},{"taxonomy":"product_cat","embeddable":true,"href":"https:\/\/delcerroceramica.cl\/en\/wp-json\/wp\/v2\/product_cat?post=3119"},{"taxonomy":"product_tag","embeddable":true,"href":"https:\/\/delcerroceramica.cl\/en\/wp-json\/wp\/v2\/product_tag?post=3119"}],"curies":[{"name":"wp","href":"https:\/\/api.w.org\/{rel}","templated":true}]}}