{"id":3137,"date":"2024-06-21T14:35:11","date_gmt":"2024-06-21T17:35:11","guid":{"rendered":"https:\/\/delcerroceramica.cl\/?post_type=product&#038;p=3137"},"modified":"2024-06-21T17:29:12","modified_gmt":"2024-06-21T20:29:12","slug":"pocillo-postre","status":"publish","type":"product","link":"https:\/\/delcerroceramica.cl\/en\/product\/pocillo-postre\/","title":{"rendered":"Pocillo Paz"},"content":{"rendered":"<p>Pocillo de cer\u00e1mica gres hechos a mano, construido con la t\u00e9cnica de modelado, mediante colomb\u00edn, y esmalte tostado desarrollado en el taller.<\/p>\n<p>Quemado en horno a gas a 1260 \u00baC.<\/p>\n<p>Mide 10 cent\u00edmetros de di\u00e1metro, 5 cm de alto.<\/p>\n<p>Es altamente resistente en el uso diario, se puede lavar en lavavajillas y usar en el microondas.<\/p>\n<p>Es importante no someterlo a cambios bruscos de temperatura, como introducirlo en el freezer u horno y sacarlos r\u00e1pido.<\/p>\n<p>El precio unitario es $ 6.000.-, si llevas el set de 4 pocillos $ 22.000.-.<\/p>\n<p>&nbsp;<\/p>","protected":false},"excerpt":{"rendered":"<p>Pocillo Paz<\/p>","protected":false},"featured_media":3141,"comment_status":"closed","ping_status":"closed","template":"","meta":[],"product_brand":[],"product_cat":[23],"product_tag":[48,49],"class_list":{"0":"post-3137","1":"product","2":"type-product","3":"status-publish","4":"has-post-thumbnail","6":"product_cat-pocillos","7":"product_tag-modelado","8":"product_tag-pocillo","10":"first","11":"instock","12":"shipping-taxable","13":"purchasable","14":"product-type-variable"},"_links":{"self":[{"href":"https:\/\/delcerroceramica.cl\/en\/wp-json\/wp\/v2\/product\/3137","targetHints":{"allow":["GET"]}}],"collection":[{"href":"https:\/\/delcerroceramica.cl\/en\/wp-json\/wp\/v2\/product"}],"about":[{"href":"https:\/\/delcerroceramica.cl\/en\/wp-json\/wp\/v2\/types\/product"}],"replies":[{"embeddable":true,"href":"https:\/\/delcerroceramica.cl\/en\/wp-json\/wp\/v2\/comments?post=3137"}],"wp:featuredmedia":[{"embeddable":true,"href":"https:\/\/delcerroceramica.cl\/en\/wp-json\/wp\/v2\/media\/3141"}],"wp:attachment":[{"href":"https:\/\/delcerroceramica.cl\/en\/wp-json\/wp\/v2\/media?parent=3137"}],"wp:term":[{"taxonomy":"product_brand","embeddable":true,"href":"https:\/\/delcerroceramica.cl\/en\/wp-json\/wp\/v2\/product_brand?post=3137"},{"taxonomy":"product_cat","embeddable":true,"href":"https:\/\/delcerroceramica.cl\/en\/wp-json\/wp\/v2\/product_cat?post=3137"},{"taxonomy":"product_tag","embeddable":true,"href":"https:\/\/delcerroceramica.cl\/en\/wp-json\/wp\/v2\/product_tag?post=3137"}],"curies":[{"name":"wp","href":"https:\/\/api.w.org\/{rel}","templated":true}]}}