{"id":3525,"date":"2025-05-23T20:55:04","date_gmt":"2025-05-23T23:55:04","guid":{"rendered":"https:\/\/delcerroceramica.cl\/?post_type=product&#038;p=3525"},"modified":"2026-03-09T16:53:12","modified_gmt":"2026-03-09T19:53:12","slug":"calco-flores-chilenas-zonas-extremas","status":"publish","type":"product","link":"https:\/\/delcerroceramica.cl\/en\/product\/calco-flores-chilenas-zonas-extremas\/","title":{"rendered":"Calco Flores chilenas zonas extremas"},"content":{"rendered":"<p>Pliego calco vitrificable de sobrecubierta de flores chilenas de la zonas extremas de Chile, contiene 21 flores en total, son 6 flores diferentes en 3 tama\u00f1os (10 cm, 6 cm y 3,5 cm), el Copihue en 2 tama\u00f1os (10 y 6 cm) y la Chupalla solo en tama\u00f1o de 10 cm. Las flores que contiene este pliego son:<\/p>\n<p>Ceboll\u00edn p\u00farpura \/ Huilli \/ Puya Chilensis \/ Chupalla \/ Copihue \/ Fuchsias \/ Mariposita \/Monjita<\/p>\n<p>Al momento de comprar el pliego se env\u00eda un pdf con las instrucciones de aplicaci\u00f3n, el cono pirom\u00e9trico que necesitas y la curva de temperatura de la tercera horneada.<\/p>\n<p>\u201cLa colecci\u00f3n Flores nativas chilenas es el resultado de un proyecto conjunto de Ocho Libros editores y Ediciones Fulgor, ambas editoriales chilenas, que busca relevar y promover el conocimiento de nuestras variadas y maravillosas especies nativas, ilustradas por Marisol Abarca.<\/p>\n<p>Estas especies son parte del ecosistema local y han evolucionado para adaptarse a las condiciones clim\u00e1ticas, del suelo y otros factores ambientales de su entorno nativo. Las flores nativas desempe\u00f1an un papel crucial en el mantenimiento de la biodiversidad y la salud de los ecosistemas, ya que proporcionan alimento y refugio a diversas especies de fauna, incluyendo insectos, aves y otros animales.\u201d<\/p>","protected":false},"excerpt":{"rendered":"<p>Calco flores chilenas zonas extremas<\/p>","protected":false},"featured_media":3720,"comment_status":"open","ping_status":"closed","template":"","meta":[],"product_brand":[],"product_cat":[100,99],"product_tag":[95,102,104,103],"class_list":{"0":"post-3525","1":"product","2":"type-product","3":"status-publish","4":"has-post-thumbnail","6":"product_cat-calco-vitrificable-sobrecubierta","7":"product_cat-transfer-ceramico","8":"product_tag-calco-serigrafico","9":"product_tag-calco-sobrecubierta","10":"product_tag-flores-chilenas","11":"product_tag-graficas","13":"first","14":"instock","15":"shipping-taxable","16":"purchasable","17":"product-type-simple"},"_links":{"self":[{"href":"https:\/\/delcerroceramica.cl\/en\/wp-json\/wp\/v2\/product\/3525","targetHints":{"allow":["GET"]}}],"collection":[{"href":"https:\/\/delcerroceramica.cl\/en\/wp-json\/wp\/v2\/product"}],"about":[{"href":"https:\/\/delcerroceramica.cl\/en\/wp-json\/wp\/v2\/types\/product"}],"replies":[{"embeddable":true,"href":"https:\/\/delcerroceramica.cl\/en\/wp-json\/wp\/v2\/comments?post=3525"}],"wp:featuredmedia":[{"embeddable":true,"href":"https:\/\/delcerroceramica.cl\/en\/wp-json\/wp\/v2\/media\/3720"}],"wp:attachment":[{"href":"https:\/\/delcerroceramica.cl\/en\/wp-json\/wp\/v2\/media?parent=3525"}],"wp:term":[{"taxonomy":"product_brand","embeddable":true,"href":"https:\/\/delcerroceramica.cl\/en\/wp-json\/wp\/v2\/product_brand?post=3525"},{"taxonomy":"product_cat","embeddable":true,"href":"https:\/\/delcerroceramica.cl\/en\/wp-json\/wp\/v2\/product_cat?post=3525"},{"taxonomy":"product_tag","embeddable":true,"href":"https:\/\/delcerroceramica.cl\/en\/wp-json\/wp\/v2\/product_tag?post=3525"}],"curies":[{"name":"wp","href":"https:\/\/api.w.org\/{rel}","templated":true}]}}