{"id":3811,"date":"2025-08-26T16:54:22","date_gmt":"2025-08-26T19:54:22","guid":{"rendered":"https:\/\/delcerroceramica.cl\/?post_type=product&#038;p=3811"},"modified":"2025-08-26T17:00:55","modified_gmt":"2025-08-26T20:00:55","slug":"prismas-raku-occidental-fierro-amarillo","status":"publish","type":"product","link":"https:\/\/delcerroceramica.cl\/en\/product\/prismas-raku-occidental-fierro-amarillo\/","title":{"rendered":"Prismas Raku occidental fierro amarillo"},"content":{"rendered":"<p>Prismas modelados mediante l\u00e1minas con pasta nacional, aplicaci\u00f3n de Tierra Sigilata con \u00f3xido de fierro amarillo, esmalte transparente, horneada en raku y carbonizada con viruta de madera en tambor met\u00e1lico.<\/p>\n<p>Quemado en horno a gas con la t\u00e9cnica Raku, \u00e9sta consiste en abrir el horno a los 1000\u00baC de temperatura, sufriendo un choque t\u00e9rmico de al menos 970\u00baC \u00a0por el cambio de temperatura entre el interior del horno y el ambiente. Las piezas son tomadas con pinzas de fierro e introducidas en un tarro met\u00e1lico con aserr\u00edn y se le agrega m\u00e1s aserr\u00edn sobre la pieza, \u00e9sta se enciende, luego es tapado para que se ahogue ese fuego, y suceda una reducci\u00f3n de ox\u00edgeno tanto del cuerpo de la pieza como en su esmalte, surgiendo diferentes tonos.<\/p>\n<p>Este tipo de quema no se pueden asegurar los resultados, tanto el craquelado del esmalte como el ahumado de la pasta.<\/p>\n<p>Dimensiones aproximadas, todos miden 6,5 cm largo y ancho, las alturas var\u00edan:<\/p>\n<ul>\n<li>Grande 25 cm de alto.<\/li>\n<li>Mediano 20 cm de alto.<\/li>\n<li>Peque\u00f1o 15 cm de alto.<\/li>\n<\/ul>","protected":false},"excerpt":{"rendered":"<p>Prismas raku construidos con pasta nacional modelados con aplicaci\u00f3n de Tierra Sigilata con \u00f3xido de fierro amarillo.<\/p>","protected":false},"featured_media":3795,"comment_status":"open","ping_status":"closed","template":"","meta":[],"product_brand":[],"product_cat":[53],"product_tag":[48,56],"class_list":{"0":"post-3811","1":"product","2":"type-product","3":"status-publish","4":"has-post-thumbnail","6":"product_cat-para-mirar","7":"product_tag-modelado","8":"product_tag-raku","10":"first","11":"instock","12":"shipping-taxable","13":"purchasable","14":"product-type-simple"},"_links":{"self":[{"href":"https:\/\/delcerroceramica.cl\/en\/wp-json\/wp\/v2\/product\/3811","targetHints":{"allow":["GET"]}}],"collection":[{"href":"https:\/\/delcerroceramica.cl\/en\/wp-json\/wp\/v2\/product"}],"about":[{"href":"https:\/\/delcerroceramica.cl\/en\/wp-json\/wp\/v2\/types\/product"}],"replies":[{"embeddable":true,"href":"https:\/\/delcerroceramica.cl\/en\/wp-json\/wp\/v2\/comments?post=3811"}],"wp:featuredmedia":[{"embeddable":true,"href":"https:\/\/delcerroceramica.cl\/en\/wp-json\/wp\/v2\/media\/3795"}],"wp:attachment":[{"href":"https:\/\/delcerroceramica.cl\/en\/wp-json\/wp\/v2\/media?parent=3811"}],"wp:term":[{"taxonomy":"product_brand","embeddable":true,"href":"https:\/\/delcerroceramica.cl\/en\/wp-json\/wp\/v2\/product_brand?post=3811"},{"taxonomy":"product_cat","embeddable":true,"href":"https:\/\/delcerroceramica.cl\/en\/wp-json\/wp\/v2\/product_cat?post=3811"},{"taxonomy":"product_tag","embeddable":true,"href":"https:\/\/delcerroceramica.cl\/en\/wp-json\/wp\/v2\/product_tag?post=3811"}],"curies":[{"name":"wp","href":"https:\/\/api.w.org\/{rel}","templated":true}]}}