{"id":606,"date":"2023-05-29T16:44:40","date_gmt":"2023-05-29T19:44:40","guid":{"rendered":"http:\/\/localhost\/delcerroceramica\/?post_type=product&#038;p=606"},"modified":"2023-11-14T13:18:40","modified_gmt":"2023-11-14T16:18:40","slug":"pocillo-grande-azul-satinado","status":"publish","type":"product","link":"https:\/\/delcerroceramica.cl\/en\/product\/pocillo-grande-azul-satinado\/","title":{"rendered":"Pocillo grande azul satinado"},"content":{"rendered":"<p>Pocillo de cer\u00e1mica gres hecho a mano.<\/p>\n<p>Mide aproximadamente 16 cent\u00edmetros de di\u00e1metro y 8 cent\u00edmetros de alto.<\/p>\n<p>Es altamente resistente en el uso diario, se puede lavar en lavavajillas y meter en el microondas.<\/p>\n<p>Es importante no someterlo a cambios bruscos de temperatura, como introducirlo en el freezer u horno.<\/p>\n<p>El precio es unitario.<\/p>","protected":false},"excerpt":{"rendered":"<p>Pocillo de cer\u00e1mica gres hecho a mano. Mide aproximadamente 16 cent\u00edmetros de di\u00e1metro y 8 cent\u00edmetros de alto. Es altamente resistente en el uso diario, se puede lavar en lavavajillas y meter en el microondas. Es importante no someterlo a cambios bruscos de temperatura, como introducirlo en el freezer u horno. El precio es unitario.<\/p>","protected":false},"featured_media":641,"comment_status":"closed","ping_status":"closed","template":"","meta":[],"product_brand":[],"product_cat":[23],"product_tag":[78,44],"class_list":{"0":"post-606","1":"product","2":"type-product","3":"status-publish","4":"has-post-thumbnail","6":"product_cat-pocillos","7":"product_tag-pocillos","8":"product_tag-torno","10":"first","11":"instock","12":"shipping-taxable","13":"purchasable","14":"product-type-simple"},"_links":{"self":[{"href":"https:\/\/delcerroceramica.cl\/en\/wp-json\/wp\/v2\/product\/606","targetHints":{"allow":["GET"]}}],"collection":[{"href":"https:\/\/delcerroceramica.cl\/en\/wp-json\/wp\/v2\/product"}],"about":[{"href":"https:\/\/delcerroceramica.cl\/en\/wp-json\/wp\/v2\/types\/product"}],"replies":[{"embeddable":true,"href":"https:\/\/delcerroceramica.cl\/en\/wp-json\/wp\/v2\/comments?post=606"}],"wp:featuredmedia":[{"embeddable":true,"href":"https:\/\/delcerroceramica.cl\/en\/wp-json\/wp\/v2\/media\/641"}],"wp:attachment":[{"href":"https:\/\/delcerroceramica.cl\/en\/wp-json\/wp\/v2\/media?parent=606"}],"wp:term":[{"taxonomy":"product_brand","embeddable":true,"href":"https:\/\/delcerroceramica.cl\/en\/wp-json\/wp\/v2\/product_brand?post=606"},{"taxonomy":"product_cat","embeddable":true,"href":"https:\/\/delcerroceramica.cl\/en\/wp-json\/wp\/v2\/product_cat?post=606"},{"taxonomy":"product_tag","embeddable":true,"href":"https:\/\/delcerroceramica.cl\/en\/wp-json\/wp\/v2\/product_tag?post=606"}],"curies":[{"name":"wp","href":"https:\/\/api.w.org\/{rel}","templated":true}]}}