{"id":627,"date":"2023-05-29T16:44:43","date_gmt":"2023-05-29T19:44:43","guid":{"rendered":"http:\/\/localhost\/delcerroceramica\/?post_type=product&#038;p=627"},"modified":"2023-11-14T13:17:33","modified_gmt":"2023-11-14T16:17:33","slug":"vaso-celeste-textura-400-ml","status":"publish","type":"product","link":"https:\/\/delcerroceramica.cl\/en\/product\/vaso-celeste-textura-400-ml\/","title":{"rendered":"Vaso celeste textura 400 ml"},"content":{"rendered":"<p>Vaso de cer\u00e1mica gres hecho a mano.<\/p>\n<p>Aproximadamente 9 cent\u00edmetros de di\u00e1metro y 1o cent\u00edmetros de alto, con 400 ml de capacidad.<\/p>\n<p>Conserva el calor si es temperado con agua caliente, y conserva el fr\u00edo si es enfriado con anticipaci\u00f3n con hielo o en el refrigerador.<\/p>\n<p>Es importante no someterlo a cambios bruscos de temperatura, como introducirlo en el freezer u horno. Es altamente resistente en el uso diario, se puede lavar en lavavajillas y meter en el microondas.<\/p>","protected":false},"excerpt":{"rendered":"<p>Vaso de cer\u00e1mica gres hecho a mano. Aproximadamente 9 cent\u00edmetros de di\u00e1metro y 1o cent\u00edmetros de alto, con 400 ml de capacidad. Conserva el calor si es temperado con agua caliente, y conserva el fr\u00edo si es enfriado con anticipaci\u00f3n con hielo o en el refrigerador. Es importante no someterlo a cambios bruscos de temperatura, [&hellip;]<\/p>","protected":false},"featured_media":699,"comment_status":"closed","ping_status":"closed","template":"","meta":[],"product_brand":[],"product_cat":[24],"product_tag":[44,90],"class_list":{"0":"post-627","1":"product","2":"type-product","3":"status-publish","4":"has-post-thumbnail","6":"product_cat-vasos-y-mates","7":"product_tag-torno","8":"product_tag-vasos","10":"first","11":"instock","12":"shipping-taxable","13":"purchasable","14":"product-type-simple"},"_links":{"self":[{"href":"https:\/\/delcerroceramica.cl\/en\/wp-json\/wp\/v2\/product\/627","targetHints":{"allow":["GET"]}}],"collection":[{"href":"https:\/\/delcerroceramica.cl\/en\/wp-json\/wp\/v2\/product"}],"about":[{"href":"https:\/\/delcerroceramica.cl\/en\/wp-json\/wp\/v2\/types\/product"}],"replies":[{"embeddable":true,"href":"https:\/\/delcerroceramica.cl\/en\/wp-json\/wp\/v2\/comments?post=627"}],"wp:featuredmedia":[{"embeddable":true,"href":"https:\/\/delcerroceramica.cl\/en\/wp-json\/wp\/v2\/media\/699"}],"wp:attachment":[{"href":"https:\/\/delcerroceramica.cl\/en\/wp-json\/wp\/v2\/media?parent=627"}],"wp:term":[{"taxonomy":"product_brand","embeddable":true,"href":"https:\/\/delcerroceramica.cl\/en\/wp-json\/wp\/v2\/product_brand?post=627"},{"taxonomy":"product_cat","embeddable":true,"href":"https:\/\/delcerroceramica.cl\/en\/wp-json\/wp\/v2\/product_cat?post=627"},{"taxonomy":"product_tag","embeddable":true,"href":"https:\/\/delcerroceramica.cl\/en\/wp-json\/wp\/v2\/product_tag?post=627"}],"curies":[{"name":"wp","href":"https:\/\/api.w.org\/{rel}","templated":true}]}}