{"id":644,"date":"2023-05-29T16:45:37","date_gmt":"2023-05-29T19:45:37","guid":{"rendered":"http:\/\/localhost\/delcerroceramica\/?post_type=product&#038;p=644"},"modified":"2024-04-26T21:46:18","modified_gmt":"2024-04-27T00:46:18","slug":"ovillero-celeste","status":"publish","type":"product","link":"https:\/\/delcerroceramica.cl\/en\/product\/ovillero-celeste\/","title":{"rendered":"Ovillero celeste"},"content":{"rendered":"<p>Ovillero de cer\u00e1mica gres hecho a mano, dise\u00f1ado para contener los ovillos escurridizos de tus tejidos evitando que se ensucien en el suelo.<\/p>\n<p>Fue construido en torno alfarero y quemado en horno a gas para gres.<\/p>\n<p>Mide aproximadamente 18 cent\u00edmetros de di\u00e1metro y 9 cent\u00edmetros de alto.<\/p>","protected":false},"excerpt":{"rendered":"<p>Ovillero de cer\u00e1mica gres hecho a mano, dise\u00f1ado para contener los ovillos escurridizos de tus tejidos evitando que se ensucien en el suelo. Fue construido en torno alfarero y quemado en horno a gas para gres. Mide aproximadamente 18 cent\u00edmetros de di\u00e1metro y 9 cent\u00edmetros de alto.<\/p>","protected":false},"featured_media":717,"comment_status":"closed","ping_status":"closed","template":"","meta":[],"product_brand":[],"product_cat":[29],"product_tag":[46,44],"class_list":{"0":"post-644","1":"product","2":"type-product","3":"status-publish","4":"has-post-thumbnail","6":"product_cat-para-tejer","7":"product_tag-ovillero","8":"product_tag-torno","10":"first","11":"instock","12":"sale","13":"shipping-taxable","14":"purchasable","15":"product-type-simple"},"_links":{"self":[{"href":"https:\/\/delcerroceramica.cl\/en\/wp-json\/wp\/v2\/product\/644","targetHints":{"allow":["GET"]}}],"collection":[{"href":"https:\/\/delcerroceramica.cl\/en\/wp-json\/wp\/v2\/product"}],"about":[{"href":"https:\/\/delcerroceramica.cl\/en\/wp-json\/wp\/v2\/types\/product"}],"replies":[{"embeddable":true,"href":"https:\/\/delcerroceramica.cl\/en\/wp-json\/wp\/v2\/comments?post=644"}],"wp:featuredmedia":[{"embeddable":true,"href":"https:\/\/delcerroceramica.cl\/en\/wp-json\/wp\/v2\/media\/717"}],"wp:attachment":[{"href":"https:\/\/delcerroceramica.cl\/en\/wp-json\/wp\/v2\/media?parent=644"}],"wp:term":[{"taxonomy":"product_brand","embeddable":true,"href":"https:\/\/delcerroceramica.cl\/en\/wp-json\/wp\/v2\/product_brand?post=644"},{"taxonomy":"product_cat","embeddable":true,"href":"https:\/\/delcerroceramica.cl\/en\/wp-json\/wp\/v2\/product_cat?post=644"},{"taxonomy":"product_tag","embeddable":true,"href":"https:\/\/delcerroceramica.cl\/en\/wp-json\/wp\/v2\/product_tag?post=644"}],"curies":[{"name":"wp","href":"https:\/\/api.w.org\/{rel}","templated":true}]}}