{"id":658,"date":"2023-05-29T16:46:13","date_gmt":"2023-05-29T19:46:13","guid":{"rendered":"http:\/\/localhost\/delcerroceramica\/?post_type=product&#038;p=658"},"modified":"2023-05-29T16:48:53","modified_gmt":"2023-05-29T19:48:53","slug":"pocillo-ocre","status":"publish","type":"product","link":"https:\/\/delcerroceramica.cl\/en\/product\/pocillo-ocre\/","title":{"rendered":"Pocillo ocre"},"content":{"rendered":"<p>Pocillo de cer\u00e1mica gres hecho a mano.<\/p>\n<p>Mide aproximadamente 7.5 cent\u00edmetros de di\u00e1metro y 4 cent\u00edmetros de alto.<\/p>\n<p>Es altamente resistente en el uso diario, se puede lavar en lavavajillas y meter en el microondas.<\/p>\n<p>Es importante no someterlo a cambios bruscos de temperatura, como introducirlo en el freezer u horno.<\/p>","protected":false},"excerpt":{"rendered":"<p>Pocillo de cer\u00e1mica gres hecho a mano. Mide aproximadamente 7.5 cent\u00edmetros de di\u00e1metro y 4 cent\u00edmetros de alto. Es altamente resistente en el uso diario, se puede lavar en lavavajillas y meter en el microondas. Es importante no someterlo a cambios bruscos de temperatura, como introducirlo en el freezer u horno.<\/p>","protected":false},"featured_media":721,"comment_status":"closed","ping_status":"closed","template":"","meta":[],"product_brand":[],"product_cat":[22,23],"product_tag":[],"class_list":{"0":"post-658","1":"product","2":"type-product","3":"status-publish","4":"has-post-thumbnail","6":"product_cat-para-comer","7":"product_cat-pocillos","9":"first","10":"instock","11":"shipping-taxable","12":"purchasable","13":"product-type-simple"},"_links":{"self":[{"href":"https:\/\/delcerroceramica.cl\/en\/wp-json\/wp\/v2\/product\/658","targetHints":{"allow":["GET"]}}],"collection":[{"href":"https:\/\/delcerroceramica.cl\/en\/wp-json\/wp\/v2\/product"}],"about":[{"href":"https:\/\/delcerroceramica.cl\/en\/wp-json\/wp\/v2\/types\/product"}],"replies":[{"embeddable":true,"href":"https:\/\/delcerroceramica.cl\/en\/wp-json\/wp\/v2\/comments?post=658"}],"wp:featuredmedia":[{"embeddable":true,"href":"https:\/\/delcerroceramica.cl\/en\/wp-json\/wp\/v2\/media\/721"}],"wp:attachment":[{"href":"https:\/\/delcerroceramica.cl\/en\/wp-json\/wp\/v2\/media?parent=658"}],"wp:term":[{"taxonomy":"product_brand","embeddable":true,"href":"https:\/\/delcerroceramica.cl\/en\/wp-json\/wp\/v2\/product_brand?post=658"},{"taxonomy":"product_cat","embeddable":true,"href":"https:\/\/delcerroceramica.cl\/en\/wp-json\/wp\/v2\/product_cat?post=658"},{"taxonomy":"product_tag","embeddable":true,"href":"https:\/\/delcerroceramica.cl\/en\/wp-json\/wp\/v2\/product_tag?post=658"}],"curies":[{"name":"wp","href":"https:\/\/api.w.org\/{rel}","templated":true}]}}