{"id":693,"date":"2023-05-29T16:47:31","date_gmt":"2023-05-29T19:47:31","guid":{"rendered":"http:\/\/localhost\/delcerroceramica\/?post_type=product&#038;p=693"},"modified":"2023-11-14T13:09:29","modified_gmt":"2023-11-14T16:09:29","slug":"plato-verde-moteado","status":"publish","type":"product","link":"https:\/\/delcerroceramica.cl\/en\/product\/plato-verde-moteado\/","title":{"rendered":"Plato verde moteado"},"content":{"rendered":"<p>Plato de cer\u00e1mica gres hecho a mano.<\/p>\n<p>Mide aproximadamente 25 cent\u00edmetros de di\u00e1metro y 1.5 cent\u00edmetros de alto.<\/p>\n<p>Es altamente resistente en el uso diario, se puede lavar en lavavajillas y meter en el microondas.<\/p>\n<p>Es importante no someterlo a cambios bruscos de temperatura, como introducirlo en el freezer u horno.<\/p>\n<p>El precio es unitario.<\/p>","protected":false},"excerpt":{"rendered":"<p>Plato de cer\u00e1mica gres hecho a mano. Mide aproximadamente 25 cent\u00edmetros de di\u00e1metro y 1.5 cent\u00edmetros de alto. Es altamente resistente en el uso diario, se puede lavar en lavavajillas y meter en el microondas. Es importante no someterlo a cambios bruscos de temperatura, como introducirlo en el freezer u horno. El precio es unitario.<\/p>","protected":false},"featured_media":767,"comment_status":"closed","ping_status":"closed","template":"","meta":[],"product_brand":[],"product_cat":[25],"product_tag":[],"class_list":{"0":"post-693","1":"product","2":"type-product","3":"status-publish","4":"has-post-thumbnail","6":"product_cat-platos","8":"first","9":"instock","10":"shipping-taxable","11":"purchasable","12":"product-type-simple"},"_links":{"self":[{"href":"https:\/\/delcerroceramica.cl\/en\/wp-json\/wp\/v2\/product\/693","targetHints":{"allow":["GET"]}}],"collection":[{"href":"https:\/\/delcerroceramica.cl\/en\/wp-json\/wp\/v2\/product"}],"about":[{"href":"https:\/\/delcerroceramica.cl\/en\/wp-json\/wp\/v2\/types\/product"}],"replies":[{"embeddable":true,"href":"https:\/\/delcerroceramica.cl\/en\/wp-json\/wp\/v2\/comments?post=693"}],"wp:featuredmedia":[{"embeddable":true,"href":"https:\/\/delcerroceramica.cl\/en\/wp-json\/wp\/v2\/media\/767"}],"wp:attachment":[{"href":"https:\/\/delcerroceramica.cl\/en\/wp-json\/wp\/v2\/media?parent=693"}],"wp:term":[{"taxonomy":"product_brand","embeddable":true,"href":"https:\/\/delcerroceramica.cl\/en\/wp-json\/wp\/v2\/product_brand?post=693"},{"taxonomy":"product_cat","embeddable":true,"href":"https:\/\/delcerroceramica.cl\/en\/wp-json\/wp\/v2\/product_cat?post=693"},{"taxonomy":"product_tag","embeddable":true,"href":"https:\/\/delcerroceramica.cl\/en\/wp-json\/wp\/v2\/product_tag?post=693"}],"curies":[{"name":"wp","href":"https:\/\/api.w.org\/{rel}","templated":true}]}}