{"id":723,"date":"2023-05-29T16:48:58","date_gmt":"2023-05-29T19:48:58","guid":{"rendered":"http:\/\/localhost\/delcerroceramica\/?post_type=product&#038;p=723"},"modified":"2024-06-03T14:38:06","modified_gmt":"2024-06-03T17:38:06","slug":"guardian-cabezas","status":"publish","type":"product","link":"https:\/\/delcerroceramica.cl\/en\/product\/guardian-cabezas\/","title":{"rendered":"Guardi\u00e1n cabezas"},"content":{"rendered":"<p>Cabezas de aproximadamente son 5&#215;5 cent\u00edmetros.<\/p>\n<p>T\u00e9cnica utilizada en la construcci\u00f3n es modelado mediante pellizco, en quema de gres y con aplicaci\u00f3n de tri\u00f3xido de manganeso.<\/p>\n<p>El precio es unitario.<\/p>\n<p>Los guardianes son figuras antropomorfas o zoomorfas, construidas en libertad, permitiendo que surja \u00a0lo que tenga que ser, sin restricciones o reglas, salvo las necesarias en el trabajo cer\u00e1mico, con el objetivo de custodiar o acompa\u00f1ar la quema, ya sea en alta o baja temperatura, para lograr un buen resultado en las piezas al interior del horno.<\/p>","protected":false},"excerpt":{"rendered":"<p>Guardianes que custodian la quema.<\/p>","protected":false},"featured_media":808,"comment_status":"closed","ping_status":"closed","template":"","meta":[],"product_brand":[],"product_cat":[53],"product_tag":[],"class_list":{"0":"post-723","1":"product","2":"type-product","3":"status-publish","4":"has-post-thumbnail","6":"product_cat-para-mirar","8":"first","9":"instock","10":"shipping-taxable","11":"purchasable","12":"product-type-variable"},"_links":{"self":[{"href":"https:\/\/delcerroceramica.cl\/en\/wp-json\/wp\/v2\/product\/723","targetHints":{"allow":["GET"]}}],"collection":[{"href":"https:\/\/delcerroceramica.cl\/en\/wp-json\/wp\/v2\/product"}],"about":[{"href":"https:\/\/delcerroceramica.cl\/en\/wp-json\/wp\/v2\/types\/product"}],"replies":[{"embeddable":true,"href":"https:\/\/delcerroceramica.cl\/en\/wp-json\/wp\/v2\/comments?post=723"}],"wp:featuredmedia":[{"embeddable":true,"href":"https:\/\/delcerroceramica.cl\/en\/wp-json\/wp\/v2\/media\/808"}],"wp:attachment":[{"href":"https:\/\/delcerroceramica.cl\/en\/wp-json\/wp\/v2\/media?parent=723"}],"wp:term":[{"taxonomy":"product_brand","embeddable":true,"href":"https:\/\/delcerroceramica.cl\/en\/wp-json\/wp\/v2\/product_brand?post=723"},{"taxonomy":"product_cat","embeddable":true,"href":"https:\/\/delcerroceramica.cl\/en\/wp-json\/wp\/v2\/product_cat?post=723"},{"taxonomy":"product_tag","embeddable":true,"href":"https:\/\/delcerroceramica.cl\/en\/wp-json\/wp\/v2\/product_tag?post=723"}],"curies":[{"name":"wp","href":"https:\/\/api.w.org\/{rel}","templated":true}]}}