{"id":724,"date":"2023-05-29T16:48:58","date_gmt":"2023-05-29T19:48:58","guid":{"rendered":"http:\/\/localhost\/delcerroceramica\/?post_type=product&#038;p=724"},"modified":"2023-05-29T16:52:38","modified_gmt":"2023-05-29T19:52:38","slug":"guardian-gru","status":"publish","type":"product","link":"https:\/\/delcerroceramica.cl\/en\/product\/guardian-gru\/","title":{"rendered":"Guardi\u00e1n gru"},"content":{"rendered":"<div>Mide 4 cent\u00edmetros de alto, 6 cent\u00edmetros de ancho.<\/div>\n<div>Su t\u00e9cnica construcci\u00f3n es modelado mediante pellizco en quema de gres.<\/div>\n<div>Los guardianes son figuras antropomorfas o zoomorfas, construidas en libertad, permitiendo que surja \u00a0lo que tenga que ser, sin restricciones o reglas, salvo las necesarias en el trabajo cer\u00e1mico, con el objetivo de custodiar o acompa\u00f1ar la quema, ya sea en alta o baja temperatura, para lograr un buen resultado en las piezas al interior del horno.<\/div>","protected":false},"excerpt":{"rendered":"<p>Guardi\u00e1n que custodia la quema.<\/p>","protected":false},"featured_media":816,"comment_status":"closed","ping_status":"closed","template":"","meta":[],"product_brand":[],"product_cat":[53],"product_tag":[],"class_list":{"0":"post-724","1":"product","2":"type-product","3":"status-publish","4":"has-post-thumbnail","6":"product_cat-para-mirar","8":"first","9":"instock","10":"shipping-taxable","11":"purchasable","12":"product-type-simple"},"_links":{"self":[{"href":"https:\/\/delcerroceramica.cl\/en\/wp-json\/wp\/v2\/product\/724","targetHints":{"allow":["GET"]}}],"collection":[{"href":"https:\/\/delcerroceramica.cl\/en\/wp-json\/wp\/v2\/product"}],"about":[{"href":"https:\/\/delcerroceramica.cl\/en\/wp-json\/wp\/v2\/types\/product"}],"replies":[{"embeddable":true,"href":"https:\/\/delcerroceramica.cl\/en\/wp-json\/wp\/v2\/comments?post=724"}],"wp:featuredmedia":[{"embeddable":true,"href":"https:\/\/delcerroceramica.cl\/en\/wp-json\/wp\/v2\/media\/816"}],"wp:attachment":[{"href":"https:\/\/delcerroceramica.cl\/en\/wp-json\/wp\/v2\/media?parent=724"}],"wp:term":[{"taxonomy":"product_brand","embeddable":true,"href":"https:\/\/delcerroceramica.cl\/en\/wp-json\/wp\/v2\/product_brand?post=724"},{"taxonomy":"product_cat","embeddable":true,"href":"https:\/\/delcerroceramica.cl\/en\/wp-json\/wp\/v2\/product_cat?post=724"},{"taxonomy":"product_tag","embeddable":true,"href":"https:\/\/delcerroceramica.cl\/en\/wp-json\/wp\/v2\/product_tag?post=724"}],"curies":[{"name":"wp","href":"https:\/\/api.w.org\/{rel}","templated":true}]}}