{"id":788,"date":"2023-05-29T16:51:25","date_gmt":"2023-05-29T19:51:25","guid":{"rendered":"http:\/\/localhost\/delcerroceramica\/?post_type=product&#038;p=788"},"modified":"2023-11-14T12:54:46","modified_gmt":"2023-11-14T15:54:46","slug":"botella-modelada-crema","status":"publish","type":"product","link":"https:\/\/delcerroceramica.cl\/en\/product\/botella-modelada-crema\/","title":{"rendered":"Botella modelada crema"},"content":{"rendered":"<p>Botella de cer\u00e1mica gres hecho a mano, construido con la t\u00e9cnica de modelado mediante pellizco. Uso de un 10% de arcilla del cerro Bustamante, donde se encuentra el taller.<\/p>\n<p>Quemado en horno a gas.<\/p>\n<p>Mide aproximadamente 7,5 cent\u00edmetros de di\u00e1metro y 7 cent\u00edmetros de alto.<\/p>\n<p>Es altamente resistente en el uso diario, se puede lavar en lavavajillas y usar en el microondas.<\/p>\n<p>Es importante no someterlo a cambios bruscos de temperatura, como introducirlo en el freezer u horno y sacarlos r\u00e1pido.<\/p>\n<p>Peso de la pieza 240 gramos aproximadamente.<\/p>","protected":false},"excerpt":{"rendered":"<p>botella para alcuza. Aceitero o vinagrero.<\/p>","protected":false},"featured_media":879,"comment_status":"closed","ping_status":"closed","template":"","meta":[],"product_brand":[],"product_cat":[26],"product_tag":[63,64,65,48,66],"class_list":{"0":"post-788","1":"product","2":"type-product","3":"status-publish","4":"has-post-thumbnail","6":"product_cat-accesorios-de-cocina","7":"product_tag-aceitero","8":"product_tag-alcuza","9":"product_tag-botella","10":"product_tag-modelado","11":"product_tag-vinagrero","13":"first","14":"instock","15":"shipping-taxable","16":"purchasable","17":"product-type-simple"},"_links":{"self":[{"href":"https:\/\/delcerroceramica.cl\/en\/wp-json\/wp\/v2\/product\/788","targetHints":{"allow":["GET"]}}],"collection":[{"href":"https:\/\/delcerroceramica.cl\/en\/wp-json\/wp\/v2\/product"}],"about":[{"href":"https:\/\/delcerroceramica.cl\/en\/wp-json\/wp\/v2\/types\/product"}],"replies":[{"embeddable":true,"href":"https:\/\/delcerroceramica.cl\/en\/wp-json\/wp\/v2\/comments?post=788"}],"wp:featuredmedia":[{"embeddable":true,"href":"https:\/\/delcerroceramica.cl\/en\/wp-json\/wp\/v2\/media\/879"}],"wp:attachment":[{"href":"https:\/\/delcerroceramica.cl\/en\/wp-json\/wp\/v2\/media?parent=788"}],"wp:term":[{"taxonomy":"product_brand","embeddable":true,"href":"https:\/\/delcerroceramica.cl\/en\/wp-json\/wp\/v2\/product_brand?post=788"},{"taxonomy":"product_cat","embeddable":true,"href":"https:\/\/delcerroceramica.cl\/en\/wp-json\/wp\/v2\/product_cat?post=788"},{"taxonomy":"product_tag","embeddable":true,"href":"https:\/\/delcerroceramica.cl\/en\/wp-json\/wp\/v2\/product_tag?post=788"}],"curies":[{"name":"wp","href":"https:\/\/api.w.org\/{rel}","templated":true}]}}