{"id":801,"date":"2023-05-29T16:51:54","date_gmt":"2023-05-29T19:51:54","guid":{"rendered":"http:\/\/localhost\/delcerroceramica\/?post_type=product&#038;p=801"},"modified":"2026-04-07T11:22:18","modified_gmt":"2026-04-07T14:22:18","slug":"plato-cerros-tostado","status":"publish","type":"product","link":"https:\/\/delcerroceramica.cl\/en\/product\/plato-cerros-tostado\/","title":{"rendered":"Plato cerros tostado"},"content":{"rendered":"<p>Plato de cer\u00e1mica gres hecho a mano, construido con la t\u00e9cnica de torno cer\u00e1mico y esmalte alusivo a cerros.<\/p>\n<p>Quemado en horno a gas.<\/p>\n<p>Mide aproximadamente 18, 19 y 20 cent\u00edmetros de di\u00e1metro y 2 cent\u00edmetros de alto.<\/p>\n<p>Es altamente resistente en el uso diario, se puede lavar en lavavajillas y usar en el microondas.<\/p>\n<p>Es importante no someterlo a cambios bruscos de temperatura, como introducirlo en el freezer u horno y sacarlos r\u00e1pido.<\/p>\n<p>Peso de la pieza 839 gramos aproximado.<\/p>\n<p>El precio es unitario.<\/p>","protected":false},"excerpt":{"rendered":"<p>Plato torneado tostado cerros<\/p>","protected":false},"featured_media":894,"comment_status":"closed","ping_status":"closed","template":"","meta":[],"product_brand":[],"product_cat":[22,25],"product_tag":[69,44],"class_list":{"0":"post-801","1":"product","2":"type-product","3":"status-publish","4":"has-post-thumbnail","6":"product_cat-para-comer","7":"product_cat-platos","8":"product_tag-plato","9":"product_tag-torno","11":"first","12":"instock","13":"shipping-taxable","14":"purchasable","15":"product-type-variable"},"_links":{"self":[{"href":"https:\/\/delcerroceramica.cl\/en\/wp-json\/wp\/v2\/product\/801","targetHints":{"allow":["GET"]}}],"collection":[{"href":"https:\/\/delcerroceramica.cl\/en\/wp-json\/wp\/v2\/product"}],"about":[{"href":"https:\/\/delcerroceramica.cl\/en\/wp-json\/wp\/v2\/types\/product"}],"replies":[{"embeddable":true,"href":"https:\/\/delcerroceramica.cl\/en\/wp-json\/wp\/v2\/comments?post=801"}],"wp:featuredmedia":[{"embeddable":true,"href":"https:\/\/delcerroceramica.cl\/en\/wp-json\/wp\/v2\/media\/894"}],"wp:attachment":[{"href":"https:\/\/delcerroceramica.cl\/en\/wp-json\/wp\/v2\/media?parent=801"}],"wp:term":[{"taxonomy":"product_brand","embeddable":true,"href":"https:\/\/delcerroceramica.cl\/en\/wp-json\/wp\/v2\/product_brand?post=801"},{"taxonomy":"product_cat","embeddable":true,"href":"https:\/\/delcerroceramica.cl\/en\/wp-json\/wp\/v2\/product_cat?post=801"},{"taxonomy":"product_tag","embeddable":true,"href":"https:\/\/delcerroceramica.cl\/en\/wp-json\/wp\/v2\/product_tag?post=801"}],"curies":[{"name":"wp","href":"https:\/\/api.w.org\/{rel}","templated":true}]}}