{"id":814,"date":"2023-05-29T16:52:33","date_gmt":"2023-05-29T19:52:33","guid":{"rendered":"http:\/\/localhost\/delcerroceramica\/?post_type=product&#038;p=814"},"modified":"2023-11-14T13:07:58","modified_gmt":"2023-11-14T16:07:58","slug":"vaso-mini-gris-brillante","status":"publish","type":"product","link":"https:\/\/delcerroceramica.cl\/en\/product\/vaso-mini-gris-brillante\/","title":{"rendered":"Vaso mini gris brillante"},"content":{"rendered":"<p>Vaso de cer\u00e1mica gres hecho a mano, construido con la t\u00e9cnica de torno cer\u00e1mico.<\/p>\n<p>Quemado en horno a gas.<\/p>\n<p>Mide aproximadamente 6 cent\u00edmetros de di\u00e1metro y 4,5 cent\u00edmetros de alto.<\/p>\n<p>Capacidad 120 cc (cent\u00edmetros c\u00fabicos).<\/p>\n<p>Es altamente resistente en el uso diario, se puede lavar en lavavajillas y usar en el microondas.<\/p>\n<p>Es importante no someterlo a cambios bruscos de temperatura, como introducirlo en el freezer u horno y sacarlos r\u00e1pido.<\/p>\n<p>Peso de la pieza 104 gramos aproximadamente.<\/p>","protected":false},"excerpt":{"rendered":"<p>Vaso mini gris brillante<\/p>","protected":false},"featured_media":909,"comment_status":"closed","ping_status":"closed","template":"","meta":[],"product_brand":[],"product_cat":[24],"product_tag":[44,70],"class_list":{"0":"post-814","1":"product","2":"type-product","3":"status-publish","4":"has-post-thumbnail","6":"product_cat-vasos-y-mates","7":"product_tag-torno","8":"product_tag-vaso","10":"first","11":"instock","12":"shipping-taxable","13":"purchasable","14":"product-type-simple"},"_links":{"self":[{"href":"https:\/\/delcerroceramica.cl\/en\/wp-json\/wp\/v2\/product\/814","targetHints":{"allow":["GET"]}}],"collection":[{"href":"https:\/\/delcerroceramica.cl\/en\/wp-json\/wp\/v2\/product"}],"about":[{"href":"https:\/\/delcerroceramica.cl\/en\/wp-json\/wp\/v2\/types\/product"}],"replies":[{"embeddable":true,"href":"https:\/\/delcerroceramica.cl\/en\/wp-json\/wp\/v2\/comments?post=814"}],"wp:featuredmedia":[{"embeddable":true,"href":"https:\/\/delcerroceramica.cl\/en\/wp-json\/wp\/v2\/media\/909"}],"wp:attachment":[{"href":"https:\/\/delcerroceramica.cl\/en\/wp-json\/wp\/v2\/media?parent=814"}],"wp:term":[{"taxonomy":"product_brand","embeddable":true,"href":"https:\/\/delcerroceramica.cl\/en\/wp-json\/wp\/v2\/product_brand?post=814"},{"taxonomy":"product_cat","embeddable":true,"href":"https:\/\/delcerroceramica.cl\/en\/wp-json\/wp\/v2\/product_cat?post=814"},{"taxonomy":"product_tag","embeddable":true,"href":"https:\/\/delcerroceramica.cl\/en\/wp-json\/wp\/v2\/product_tag?post=814"}],"curies":[{"name":"wp","href":"https:\/\/api.w.org\/{rel}","templated":true}]}}