{"id":826,"date":"2023-05-29T16:53:00","date_gmt":"2023-05-29T19:53:00","guid":{"rendered":"http:\/\/localhost\/delcerroceramica\/?post_type=product&#038;p=826"},"modified":"2024-01-03T18:28:56","modified_gmt":"2024-01-03T21:28:56","slug":"salero-raku-rojo","status":"publish","type":"product","link":"https:\/\/delcerroceramica.cl\/en\/product\/salero-raku-rojo\/","title":{"rendered":"Salero Raku rojo"},"content":{"rendered":"<p>Salero o pimentero de cer\u00e1mica Raku hecho a mano, construido con la t\u00e9cnica de torno cer\u00e1mico.<\/p>\n<p>Quemado en horno a gas y t\u00e9cnica de Raku.<\/p>\n<p>Mide aproximadamente 6 cent\u00edmetros de di\u00e1metro y 5,5 cent\u00edmetros de alto.<\/p>\n<p>&nbsp;<\/p>\n<p>&nbsp;<\/p>","protected":false},"excerpt":{"rendered":"<p>Salero o pimentero de cer\u00e1mica Raku hecho a mano, construido con la t\u00e9cnica de torno cer\u00e1mico. Quemado en horno a gas y t\u00e9cnica de Raku. Mide aproximadamente 6 cent\u00edmetros de di\u00e1metro y 5,5 cent\u00edmetros de alto. &nbsp; &nbsp;<\/p>","protected":false},"featured_media":932,"comment_status":"closed","ping_status":"closed","template":"","meta":[],"product_brand":[],"product_cat":[22,85],"product_tag":[64,67,68,44],"class_list":{"0":"post-826","1":"product","2":"type-product","3":"status-publish","4":"has-post-thumbnail","6":"product_cat-para-comer","7":"product_cat-salero","8":"product_tag-alcuza","9":"product_tag-pimentero","10":"product_tag-salero","11":"product_tag-torno","13":"first","14":"instock","15":"shipping-taxable","16":"purchasable","17":"product-type-simple"},"_links":{"self":[{"href":"https:\/\/delcerroceramica.cl\/en\/wp-json\/wp\/v2\/product\/826","targetHints":{"allow":["GET"]}}],"collection":[{"href":"https:\/\/delcerroceramica.cl\/en\/wp-json\/wp\/v2\/product"}],"about":[{"href":"https:\/\/delcerroceramica.cl\/en\/wp-json\/wp\/v2\/types\/product"}],"replies":[{"embeddable":true,"href":"https:\/\/delcerroceramica.cl\/en\/wp-json\/wp\/v2\/comments?post=826"}],"wp:featuredmedia":[{"embeddable":true,"href":"https:\/\/delcerroceramica.cl\/en\/wp-json\/wp\/v2\/media\/932"}],"wp:attachment":[{"href":"https:\/\/delcerroceramica.cl\/en\/wp-json\/wp\/v2\/media?parent=826"}],"wp:term":[{"taxonomy":"product_brand","embeddable":true,"href":"https:\/\/delcerroceramica.cl\/en\/wp-json\/wp\/v2\/product_brand?post=826"},{"taxonomy":"product_cat","embeddable":true,"href":"https:\/\/delcerroceramica.cl\/en\/wp-json\/wp\/v2\/product_cat?post=826"},{"taxonomy":"product_tag","embeddable":true,"href":"https:\/\/delcerroceramica.cl\/en\/wp-json\/wp\/v2\/product_tag?post=826"}],"curies":[{"name":"wp","href":"https:\/\/api.w.org\/{rel}","templated":true}]}}