{"id":840,"date":"2023-05-29T16:53:52","date_gmt":"2023-05-29T19:53:52","guid":{"rendered":"http:\/\/localhost\/delcerroceramica\/?post_type=product&#038;p=840"},"modified":"2023-11-14T13:06:16","modified_gmt":"2023-11-14T16:06:16","slug":"salero-o-pimentero-gris-brillante","status":"publish","type":"product","link":"https:\/\/delcerroceramica.cl\/en\/product\/salero-o-pimentero-gris-brillante\/","title":{"rendered":"Salero o pimentero gris brillante"},"content":{"rendered":"<p>Salero o pimentero de cer\u00e1mica gres hecho a mano, construido con la t\u00e9cnica de torno cer\u00e1mico.<\/p>\n<p>Quemado en horno a gas.<\/p>\n<p>Mide aproximadamente 3 cent\u00edmetros de di\u00e1metro y 3 cent\u00edmetros de alto.<\/p>\n<p>Es altamente resistente en el uso diario, se puede lavar en lavavajillas y usar en el microondas.<\/p>\n<p>Es importante no someterlo a cambios bruscos de temperatura, como introducirlo en el freezer u horno y sacarlos r\u00e1pido.<\/p>","protected":false},"excerpt":{"rendered":"<p>Salero o pimentero gris brillante torneado<\/p>","protected":false},"featured_media":935,"comment_status":"closed","ping_status":"closed","template":"","meta":[],"product_brand":[],"product_cat":[85],"product_tag":[67,68,44],"class_list":{"0":"post-840","1":"product","2":"type-product","3":"status-publish","4":"has-post-thumbnail","6":"product_cat-salero","7":"product_tag-pimentero","8":"product_tag-salero","9":"product_tag-torno","11":"first","12":"instock","13":"shipping-taxable","14":"purchasable","15":"product-type-simple"},"_links":{"self":[{"href":"https:\/\/delcerroceramica.cl\/en\/wp-json\/wp\/v2\/product\/840","targetHints":{"allow":["GET"]}}],"collection":[{"href":"https:\/\/delcerroceramica.cl\/en\/wp-json\/wp\/v2\/product"}],"about":[{"href":"https:\/\/delcerroceramica.cl\/en\/wp-json\/wp\/v2\/types\/product"}],"replies":[{"embeddable":true,"href":"https:\/\/delcerroceramica.cl\/en\/wp-json\/wp\/v2\/comments?post=840"}],"wp:featuredmedia":[{"embeddable":true,"href":"https:\/\/delcerroceramica.cl\/en\/wp-json\/wp\/v2\/media\/935"}],"wp:attachment":[{"href":"https:\/\/delcerroceramica.cl\/en\/wp-json\/wp\/v2\/media?parent=840"}],"wp:term":[{"taxonomy":"product_brand","embeddable":true,"href":"https:\/\/delcerroceramica.cl\/en\/wp-json\/wp\/v2\/product_brand?post=840"},{"taxonomy":"product_cat","embeddable":true,"href":"https:\/\/delcerroceramica.cl\/en\/wp-json\/wp\/v2\/product_cat?post=840"},{"taxonomy":"product_tag","embeddable":true,"href":"https:\/\/delcerroceramica.cl\/en\/wp-json\/wp\/v2\/product_tag?post=840"}],"curies":[{"name":"wp","href":"https:\/\/api.w.org\/{rel}","templated":true}]}}