{"id":849,"date":"2023-05-29T16:54:29","date_gmt":"2023-05-29T19:54:29","guid":{"rendered":"http:\/\/localhost\/delcerroceramica\/?post_type=product&#038;p=849"},"modified":"2023-11-14T13:06:06","modified_gmt":"2023-11-14T16:06:06","slug":"salero-o-pimentero-pellizco-brillante","status":"publish","type":"product","link":"https:\/\/delcerroceramica.cl\/en\/product\/salero-o-pimentero-pellizco-brillante\/","title":{"rendered":"Salero o pimentero pellizco brillante"},"content":{"rendered":"<p>Salero o pimentero de cer\u00e1mica gres hecho a mano, construido con la t\u00e9cnica de modelado mediante pellizco.<\/p>\n<p>Quemado en horno a gas.<\/p>\n<p>Mide aproximadamente 3,5 cent\u00edmetros de di\u00e1metro y 3,5 cent\u00edmetros de alto.<\/p>\n<p>Es altamente resistente en el uso diario, se puede lavar en lavavajillas y usar en el microondas.<\/p>\n<p>Es importante no someterlo a cambios bruscos de temperatura, como introducirlo en el freezer u horno y sacarlos r\u00e1pido.<\/p>\n<p>El precio es unitario.<\/p>","protected":false},"excerpt":{"rendered":"<p>Salero o pimentero modelado brillante<\/p>","protected":false},"featured_media":939,"comment_status":"closed","ping_status":"closed","template":"","meta":[],"product_brand":[],"product_cat":[85],"product_tag":[62,48,67,68],"class_list":{"0":"post-849","1":"product","2":"type-product","3":"status-publish","4":"has-post-thumbnail","6":"product_cat-salero","7":"product_tag-modelada","8":"product_tag-modelado","9":"product_tag-pimentero","10":"product_tag-salero","12":"first","13":"instock","14":"shipping-taxable","15":"purchasable","16":"product-type-simple"},"_links":{"self":[{"href":"https:\/\/delcerroceramica.cl\/en\/wp-json\/wp\/v2\/product\/849","targetHints":{"allow":["GET"]}}],"collection":[{"href":"https:\/\/delcerroceramica.cl\/en\/wp-json\/wp\/v2\/product"}],"about":[{"href":"https:\/\/delcerroceramica.cl\/en\/wp-json\/wp\/v2\/types\/product"}],"replies":[{"embeddable":true,"href":"https:\/\/delcerroceramica.cl\/en\/wp-json\/wp\/v2\/comments?post=849"}],"wp:featuredmedia":[{"embeddable":true,"href":"https:\/\/delcerroceramica.cl\/en\/wp-json\/wp\/v2\/media\/939"}],"wp:attachment":[{"href":"https:\/\/delcerroceramica.cl\/en\/wp-json\/wp\/v2\/media?parent=849"}],"wp:term":[{"taxonomy":"product_brand","embeddable":true,"href":"https:\/\/delcerroceramica.cl\/en\/wp-json\/wp\/v2\/product_brand?post=849"},{"taxonomy":"product_cat","embeddable":true,"href":"https:\/\/delcerroceramica.cl\/en\/wp-json\/wp\/v2\/product_cat?post=849"},{"taxonomy":"product_tag","embeddable":true,"href":"https:\/\/delcerroceramica.cl\/en\/wp-json\/wp\/v2\/product_tag?post=849"}],"curies":[{"name":"wp","href":"https:\/\/api.w.org\/{rel}","templated":true}]}}