{"id":852,"date":"2023-05-29T16:54:30","date_gmt":"2023-05-29T19:54:30","guid":{"rendered":"http:\/\/localhost\/delcerroceramica\/?post_type=product&#038;p=852"},"modified":"2023-11-14T13:05:29","modified_gmt":"2023-11-14T16:05:29","slug":"mini-pocillo-verde-tostado","status":"publish","type":"product","link":"https:\/\/delcerroceramica.cl\/en\/product\/mini-pocillo-verde-tostado\/","title":{"rendered":"Pocillo mini verde tostado"},"content":{"rendered":"<p>Pocillo de cer\u00e1mica gres hecho a mano, construido con la t\u00e9cnica de torno cer\u00e1mico.<\/p>\n<p>Quemado en horno a gas.<\/p>\n<p>Mide aproximadamente 6 cent\u00edmetros de di\u00e1metro y 3.5 cent\u00edmetros de alto.<\/p>\n<p>Es altamente resistente en el uso diario, se puede lavar en lavavajillas y usar en el microondas.<\/p>\n<p>Es importante no someterlo a cambios bruscos de temperatura, como introducirlo en el freezer u horno y sacarlos r\u00e1pido.<\/p>\n<p>Peso de la pieza 64 gramos.<\/p>","protected":false},"excerpt":{"rendered":"<p>Mini pocillo verde tostado<\/p>","protected":false},"featured_media":954,"comment_status":"closed","ping_status":"closed","template":"","meta":[],"product_brand":[],"product_cat":[23],"product_tag":[49,44],"class_list":{"0":"post-852","1":"product","2":"type-product","3":"status-publish","4":"has-post-thumbnail","6":"product_cat-pocillos","7":"product_tag-pocillo","8":"product_tag-torno","10":"first","11":"instock","12":"shipping-taxable","13":"purchasable","14":"product-type-simple"},"_links":{"self":[{"href":"https:\/\/delcerroceramica.cl\/en\/wp-json\/wp\/v2\/product\/852","targetHints":{"allow":["GET"]}}],"collection":[{"href":"https:\/\/delcerroceramica.cl\/en\/wp-json\/wp\/v2\/product"}],"about":[{"href":"https:\/\/delcerroceramica.cl\/en\/wp-json\/wp\/v2\/types\/product"}],"replies":[{"embeddable":true,"href":"https:\/\/delcerroceramica.cl\/en\/wp-json\/wp\/v2\/comments?post=852"}],"wp:featuredmedia":[{"embeddable":true,"href":"https:\/\/delcerroceramica.cl\/en\/wp-json\/wp\/v2\/media\/954"}],"wp:attachment":[{"href":"https:\/\/delcerroceramica.cl\/en\/wp-json\/wp\/v2\/media?parent=852"}],"wp:term":[{"taxonomy":"product_brand","embeddable":true,"href":"https:\/\/delcerroceramica.cl\/en\/wp-json\/wp\/v2\/product_brand?post=852"},{"taxonomy":"product_cat","embeddable":true,"href":"https:\/\/delcerroceramica.cl\/en\/wp-json\/wp\/v2\/product_cat?post=852"},{"taxonomy":"product_tag","embeddable":true,"href":"https:\/\/delcerroceramica.cl\/en\/wp-json\/wp\/v2\/product_tag?post=852"}],"curies":[{"name":"wp","href":"https:\/\/api.w.org\/{rel}","templated":true}]}}