{"id":859,"date":"2023-05-29T16:55:03","date_gmt":"2023-05-29T19:55:03","guid":{"rendered":"http:\/\/localhost\/delcerroceramica\/?post_type=product&#038;p=859"},"modified":"2025-06-24T15:50:32","modified_gmt":"2025-06-24T18:50:32","slug":"mini-pocillo-dedos-aguada-azul","status":"publish","type":"product","link":"https:\/\/delcerroceramica.cl\/en\/product\/mini-pocillo-dedos-aguada-azul\/","title":{"rendered":"Pocillo mini dedos aguada azul"},"content":{"rendered":"<p>Pocillo de cer\u00e1mica gres hecho a mano, construido con la t\u00e9cnica de modelado.<\/p>\n<p>Quemado en horno a gas.<\/p>\n<p>Mide aproximadamente 6\u00a0cent\u00edmetros de di\u00e1metro y 5 cent\u00edmetros de alto.<\/p>\n<p>Es altamente resistente en el uso diario, se puede lavar en lavavajillas y usar en el microondas.<\/p>\n<p>Es importante no someterlo a cambios bruscos de temperatura, como introducirlo en el freezer u horno y sacarlos r\u00e1pido.<\/p>","protected":false},"excerpt":{"rendered":"<p>Mini pocillo dedos aguada azul<\/p>","protected":false},"featured_media":962,"comment_status":"closed","ping_status":"closed","template":"","meta":[],"product_brand":[],"product_cat":[23],"product_tag":[62,48,49],"class_list":{"0":"post-859","1":"product","2":"type-product","3":"status-publish","4":"has-post-thumbnail","6":"product_cat-pocillos","7":"product_tag-modelada","8":"product_tag-modelado","9":"product_tag-pocillo","11":"first","12":"outofstock","13":"shipping-taxable","14":"purchasable","15":"product-type-simple"},"_links":{"self":[{"href":"https:\/\/delcerroceramica.cl\/en\/wp-json\/wp\/v2\/product\/859","targetHints":{"allow":["GET"]}}],"collection":[{"href":"https:\/\/delcerroceramica.cl\/en\/wp-json\/wp\/v2\/product"}],"about":[{"href":"https:\/\/delcerroceramica.cl\/en\/wp-json\/wp\/v2\/types\/product"}],"replies":[{"embeddable":true,"href":"https:\/\/delcerroceramica.cl\/en\/wp-json\/wp\/v2\/comments?post=859"}],"wp:featuredmedia":[{"embeddable":true,"href":"https:\/\/delcerroceramica.cl\/en\/wp-json\/wp\/v2\/media\/962"}],"wp:attachment":[{"href":"https:\/\/delcerroceramica.cl\/en\/wp-json\/wp\/v2\/media?parent=859"}],"wp:term":[{"taxonomy":"product_brand","embeddable":true,"href":"https:\/\/delcerroceramica.cl\/en\/wp-json\/wp\/v2\/product_brand?post=859"},{"taxonomy":"product_cat","embeddable":true,"href":"https:\/\/delcerroceramica.cl\/en\/wp-json\/wp\/v2\/product_cat?post=859"},{"taxonomy":"product_tag","embeddable":true,"href":"https:\/\/delcerroceramica.cl\/en\/wp-json\/wp\/v2\/product_tag?post=859"}],"curies":[{"name":"wp","href":"https:\/\/api.w.org\/{rel}","templated":true}]}}