{"id":907,"date":"2023-05-29T16:58:27","date_gmt":"2023-05-29T19:58:27","guid":{"rendered":"http:\/\/localhost\/delcerroceramica\/?post_type=product&#038;p=907"},"modified":"2024-04-26T21:43:00","modified_gmt":"2024-04-27T00:43:00","slug":"ovillero-reservas","status":"publish","type":"product","link":"https:\/\/delcerroceramica.cl\/en\/product\/ovillero-reservas\/","title":{"rendered":"Ovillero reservas"},"content":{"rendered":"<p>Ovillero de cer\u00e1mica gres hecho a mano, dise\u00f1ado para contener los ovillos escurridizos de tus tejidos evitando que se ensucien en el suelo.<\/p>\n<p>Fue construido en torno alfarero y quemado en horno a gas para gres.<\/p>\n<p>Mide aproximadamente 18,5 cent\u00edmetros de di\u00e1metro y 10 cent\u00edmetros de alto.<\/p>","protected":false},"excerpt":{"rendered":"<p>Ovillero de cer\u00e1mica gres hecho a mano, dise\u00f1ado para contener los ovillos escurridizos de tus tejidos evitando que se ensucien en el suelo.<\/p>\n<p>&nbsp;<\/p>","protected":false},"featured_media":991,"comment_status":"closed","ping_status":"closed","template":"","meta":[],"product_brand":[],"product_cat":[29],"product_tag":[72,46,44],"class_list":{"0":"post-907","1":"product","2":"type-product","3":"status-publish","4":"has-post-thumbnail","6":"product_cat-para-tejer","7":"product_tag-gres","8":"product_tag-ovillero","9":"product_tag-torno","11":"first","12":"instock","13":"sale","14":"shipping-taxable","15":"purchasable","16":"product-type-simple"},"_links":{"self":[{"href":"https:\/\/delcerroceramica.cl\/en\/wp-json\/wp\/v2\/product\/907","targetHints":{"allow":["GET"]}}],"collection":[{"href":"https:\/\/delcerroceramica.cl\/en\/wp-json\/wp\/v2\/product"}],"about":[{"href":"https:\/\/delcerroceramica.cl\/en\/wp-json\/wp\/v2\/types\/product"}],"replies":[{"embeddable":true,"href":"https:\/\/delcerroceramica.cl\/en\/wp-json\/wp\/v2\/comments?post=907"}],"wp:featuredmedia":[{"embeddable":true,"href":"https:\/\/delcerroceramica.cl\/en\/wp-json\/wp\/v2\/media\/991"}],"wp:attachment":[{"href":"https:\/\/delcerroceramica.cl\/en\/wp-json\/wp\/v2\/media?parent=907"}],"wp:term":[{"taxonomy":"product_brand","embeddable":true,"href":"https:\/\/delcerroceramica.cl\/en\/wp-json\/wp\/v2\/product_brand?post=907"},{"taxonomy":"product_cat","embeddable":true,"href":"https:\/\/delcerroceramica.cl\/en\/wp-json\/wp\/v2\/product_cat?post=907"},{"taxonomy":"product_tag","embeddable":true,"href":"https:\/\/delcerroceramica.cl\/en\/wp-json\/wp\/v2\/product_tag?post=907"}],"curies":[{"name":"wp","href":"https:\/\/api.w.org\/{rel}","templated":true}]}}