{"id":944,"date":"2023-05-29T17:00:41","date_gmt":"2023-05-29T20:00:41","guid":{"rendered":"http:\/\/localhost\/delcerroceramica\/?post_type=product&#038;p=944"},"modified":"2023-06-15T23:04:59","modified_gmt":"2023-06-16T02:04:59","slug":"frasco-porcelana-esgrafiado-y-cobalto","status":"publish","type":"product","link":"https:\/\/delcerroceramica.cl\/en\/product\/frasco-porcelana-esgrafiado-y-cobalto\/","title":{"rendered":"Frasco porcelana esgrafiado y cobalto"},"content":{"rendered":"<p>Frasco de porcelana, con t\u00e9cnica de esgrafiado en a base y aplicaci\u00f3n de \u00f3xido de cobalto en la tapa, mide 3 cm de alto y \u00a06 cm de di\u00e1metro.<\/p>","protected":false},"excerpt":{"rendered":"<p>Frasco de porcelana esgrafiado y cobalto, mide 3 cm de alto y \u00a06 cm de di\u00e1metro.<\/p>","protected":false},"featured_media":1042,"comment_status":"closed","ping_status":"closed","template":"","meta":[],"product_brand":[],"product_cat":[38],"product_tag":[54,73],"class_list":{"0":"post-944","1":"product","2":"type-product","3":"status-publish","4":"has-post-thumbnail","6":"product_cat-para-guardar","7":"product_tag-frasco","8":"product_tag-porcelana","10":"first","11":"instock","12":"shipping-taxable","13":"purchasable","14":"product-type-simple"},"_links":{"self":[{"href":"https:\/\/delcerroceramica.cl\/en\/wp-json\/wp\/v2\/product\/944","targetHints":{"allow":["GET"]}}],"collection":[{"href":"https:\/\/delcerroceramica.cl\/en\/wp-json\/wp\/v2\/product"}],"about":[{"href":"https:\/\/delcerroceramica.cl\/en\/wp-json\/wp\/v2\/types\/product"}],"replies":[{"embeddable":true,"href":"https:\/\/delcerroceramica.cl\/en\/wp-json\/wp\/v2\/comments?post=944"}],"wp:featuredmedia":[{"embeddable":true,"href":"https:\/\/delcerroceramica.cl\/en\/wp-json\/wp\/v2\/media\/1042"}],"wp:attachment":[{"href":"https:\/\/delcerroceramica.cl\/en\/wp-json\/wp\/v2\/media?parent=944"}],"wp:term":[{"taxonomy":"product_brand","embeddable":true,"href":"https:\/\/delcerroceramica.cl\/en\/wp-json\/wp\/v2\/product_brand?post=944"},{"taxonomy":"product_cat","embeddable":true,"href":"https:\/\/delcerroceramica.cl\/en\/wp-json\/wp\/v2\/product_cat?post=944"},{"taxonomy":"product_tag","embeddable":true,"href":"https:\/\/delcerroceramica.cl\/en\/wp-json\/wp\/v2\/product_tag?post=944"}],"curies":[{"name":"wp","href":"https:\/\/api.w.org\/{rel}","templated":true}]}}