{"id":953,"date":"2023-05-29T17:01:16","date_gmt":"2023-05-29T20:01:16","guid":{"rendered":"http:\/\/localhost\/delcerroceramica\/?post_type=product&#038;p=953"},"modified":"2023-06-15T23:04:20","modified_gmt":"2023-06-16T02:04:20","slug":"frasco-prototipo-1","status":"publish","type":"product","link":"https:\/\/delcerroceramica.cl\/en\/product\/frasco-prototipo-1\/","title":{"rendered":"Frasco prototipo 1"},"content":{"rendered":"<p>Frasco de cer\u00e1mica de baja temperatura, fue construido en un torno cer\u00e1mico, con el prop\u00f3sito de desarrollar los prototipos para los futuros frascos de porcelana. Este es uno de los 4 originales al que le saqu\u00e9 copia con un molde de yeso.<\/p>\n<p>Mide 6 cm de alto y \u00a07 cm de di\u00e1metro.<\/p>","protected":false},"excerpt":{"rendered":"<p>Frasco original 1<\/p>","protected":false},"featured_media":1051,"comment_status":"closed","ping_status":"closed","template":"","meta":[],"product_brand":[],"product_cat":[38],"product_tag":[54],"class_list":{"0":"post-953","1":"product","2":"type-product","3":"status-publish","4":"has-post-thumbnail","6":"product_cat-para-guardar","7":"product_tag-frasco","9":"first","10":"instock","11":"shipping-taxable","12":"purchasable","13":"product-type-simple"},"_links":{"self":[{"href":"https:\/\/delcerroceramica.cl\/en\/wp-json\/wp\/v2\/product\/953","targetHints":{"allow":["GET"]}}],"collection":[{"href":"https:\/\/delcerroceramica.cl\/en\/wp-json\/wp\/v2\/product"}],"about":[{"href":"https:\/\/delcerroceramica.cl\/en\/wp-json\/wp\/v2\/types\/product"}],"replies":[{"embeddable":true,"href":"https:\/\/delcerroceramica.cl\/en\/wp-json\/wp\/v2\/comments?post=953"}],"wp:featuredmedia":[{"embeddable":true,"href":"https:\/\/delcerroceramica.cl\/en\/wp-json\/wp\/v2\/media\/1051"}],"wp:attachment":[{"href":"https:\/\/delcerroceramica.cl\/en\/wp-json\/wp\/v2\/media?parent=953"}],"wp:term":[{"taxonomy":"product_brand","embeddable":true,"href":"https:\/\/delcerroceramica.cl\/en\/wp-json\/wp\/v2\/product_brand?post=953"},{"taxonomy":"product_cat","embeddable":true,"href":"https:\/\/delcerroceramica.cl\/en\/wp-json\/wp\/v2\/product_cat?post=953"},{"taxonomy":"product_tag","embeddable":true,"href":"https:\/\/delcerroceramica.cl\/en\/wp-json\/wp\/v2\/product_tag?post=953"}],"curies":[{"name":"wp","href":"https:\/\/api.w.org\/{rel}","templated":true}]}}